{"id":3639,"date":"2021-08-29T13:48:58","date_gmt":"2021-08-29T13:48:58","guid":{"rendered":"https:\/\/visitestepona.eu\/transfer-malaga-estepona-transfer-estepona-malaga-3\/"},"modified":"2021-08-29T13:49:24","modified_gmt":"2021-08-29T13:49:24","slug":"transfer-malaga-estepona-transfer-estepona-malaga-3","status":"publish","type":"page","link":"https:\/\/visitestepona.eu\/es\/transfer-malaga-estepona-transfer-estepona-malaga-3\/","title":{"rendered":"Transfer Malaga &#8211; Estepona &amp; Transfer Estepona &#8211; Malaga"},"content":{"rendered":"<p>[et_pb_section fb_built=\u00bb1&#8243; _builder_version=\u00bb4.4.6&#8243;][et_pb_row column_structure=\u00bb3_5,2_5&#8243; _builder_version=\u00bb4.4.6&#8243;][et_pb_column type=\u00bb3_5&#8243; _builder_version=\u00bb4.4.6&#8243;][et_pb_testimonial _builder_version=\u00bb4.4.6&#8243; hover_enabled=\u00bb0&#8243; background_color=\u00bb#ffffff\u00bb quote_icon=\u00bboff\u00bb border_width_all=\u00bb1px\u00bb border_color_all=\u00bb#283667&#8243;]<\/p>\n<p>In Estepona k\u00f6nnen Sie einen guten Urlaub ohne Auto haben. Auch der \u00f6ffentliche Verkehr ist gut reguliert.<\/p>\n<p>Wenn Sie einen reibungslosen und komfortablen Transport zwischen dem Flughafen Malaga und Estepona w\u00fcnschen, haben wir einen ausgezeichneten Partner.<br \/>  Ordentlich preislich, ein komfortables Auto, zuverl\u00e4ssig, sicher und v\u00f6llig legal und versichert.<\/p>\n<p>Hier k\u00f6nnen Sie Ihren Transfer M\u00e1laga-Estepona und\/oder Estepona-M\u00e1laga sofort anfordern.<br \/>  Pers\u00f6nlich innerhalb von 24 Stunden best\u00e4tigt.<\/p>\n<p>[\/et_pb_testimonial][et_pb_dcgd_gravity_divi_module gf_form=\u00bb2&#8243; enable_ajax=\u00bbon\u00bb _builder_version=\u00bb4.4.6&#8243; hover_enabled=\u00bb0&#8243;][\/et_pb_dcgd_gravity_divi_module][\/et_pb_column][et_pb_column type=\u00bb2_5&#8243; _builder_version=\u00bb4.4.6&#8243;][et_pb_pricing_tables featured_table_background_color=\u00bb#65ae17&#8243; featured_table_header_background_color=\u00bb#283667&#8243; featured_table_header_text_color=\u00bb#ffffff\u00bb header_background_color=\u00bb#283667&#8243; bullet_color=\u00bb#65ae17&#8243; show_featured_drop_shadow=\u00bboff\u00bb _builder_version=\u00bb4.4.6&#8243; header_text_color=\u00bb#ffffff\u00bb header_text_align=\u00bbcenter\u00bb header_line_height=\u00bb1.5em\u00bb body_font_size=\u00bb20px\u00bb][et_pb_pricing_table title=\u00bbMalaga-Estepona\u00bb subtitle=\u00bbBillete de ida\u00bb currency=\u00bb\u20ac\u00bb sum=\u00bb80&#8243; bullet_color=\u00bb#65ae17&#8243; price_background_color=\u00bb#7fb2f0&#8243; _builder_version=\u00bb4.4.6&#8243; price_text_color=\u00bb#ffffff\u00bb currency_frequency_text_color=\u00bb#ffffff\u00bb currency_frequency_line_height=\u00bb2.3em\u00bb]<\/p>\n<p>+ 1-4 Personas<\/p>\n<p>[\/et_pb_pricing_table][et_pb_pricing_table title=\u00bbMalaga-Estepona\u00bb subtitle=\u00bbBillete de ida\u00bb currency=\u00bb\u20ac\u00bb sum=\u00bb110&#8243; price_background_color=\u00bb#7fb2f0&#8243; _builder_version=\u00bb4.4.6&#8243; price_text_color=\u00bb#ffffff\u00bb currency_frequency_text_color=\u00bb#ffffff\u00bb border_color_all_price=\u00bb#ffffff\u00bb]<\/p>\n<p>+ 5-8 Personas<\/p>\n<p>[\/et_pb_pricing_table][\/et_pb_pricing_tables][\/et_pb_column][\/et_pb_row][\/et_pb_section]<\/p>\n","protected":false},"excerpt":{"rendered":"<p>In Estepona k\u00f6nnen Sie einen guten Urlaub ohne Auto haben. Auch der \u00f6ffentliche Verkehr ist gut reguliert. Wenn Sie einen reibungslosen und komfortablen Transport zwischen dem Flughafen Malaga und Estepona w\u00fcnschen, haben wir einen ausgezeichneten Partner. Ordentlich preislich, ein komfortables Auto, zuverl\u00e4ssig, sicher und v\u00f6llig legal und versichert. Hier k\u00f6nnen Sie Ihren Transfer M\u00e1laga-Estepona und\/oder\u2026 <a href=\"https:\/\/visitestepona.eu\/es\/transfer-malaga-estepona-transfer-estepona-malaga-3\/\">Read More &raquo;<\/a><\/p>\n","protected":false},"author":1,"featured_media":0,"parent":0,"menu_order":73,"comment_status":"closed","ping_status":"closed","template":"","meta":{"_acf_changed":false,"_et_pb_use_builder":"on","_et_pb_old_content":"","_et_gb_content_width":"","footnotes":""},"class_list":["post-3639","page","type-page","status-publish","hentry"],"acf":[],"_links":{"self":[{"href":"https:\/\/visitestepona.eu\/es\/wp-json\/wp\/v2\/pages\/3639","targetHints":{"allow":["GET"]}}],"collection":[{"href":"https:\/\/visitestepona.eu\/es\/wp-json\/wp\/v2\/pages"}],"about":[{"href":"https:\/\/visitestepona.eu\/es\/wp-json\/wp\/v2\/types\/page"}],"author":[{"embeddable":true,"href":"https:\/\/visitestepona.eu\/es\/wp-json\/wp\/v2\/users\/1"}],"replies":[{"embeddable":true,"href":"https:\/\/visitestepona.eu\/es\/wp-json\/wp\/v2\/comments?post=3639"}],"version-history":[{"count":0,"href":"https:\/\/visitestepona.eu\/es\/wp-json\/wp\/v2\/pages\/3639\/revisions"}],"wp:attachment":[{"href":"https:\/\/visitestepona.eu\/es\/wp-json\/wp\/v2\/media?parent=3639"}],"curies":[{"name":"wp","href":"https:\/\/api.w.org\/{rel}","templated":true}]}}