{"id":3608,"date":"2021-08-29T13:48:04","date_gmt":"2021-08-29T13:48:04","guid":{"rendered":"https:\/\/visitestepona.eu\/transfer-malaga-estepona-transfer-estepona-malaga\/"},"modified":"2022-05-01T16:14:16","modified_gmt":"2022-05-01T16:14:16","slug":"transfer-malaga-estepona-transfer-estepona-malaga","status":"publish","type":"page","link":"https:\/\/visitestepona.eu\/es\/transfer-malaga-estepona-transfer-estepona-malaga\/","title":{"rendered":"Transfer Malaga &#8211; Estepona &amp; Transfer Estepona &#8211; Malaga"},"content":{"rendered":"<p>[et_pb_section fb_built=\u00bb1&#8243; _builder_version=\u00bb4.16&#8243; global_colors_info=\u00bb{}\u00bb][et_pb_row column_structure=\u00bb3_5,2_5&#8243; _builder_version=\u00bb4.16&#8243; global_colors_info=\u00bb{}\u00bb][et_pb_column type=\u00bb3_5&#8243; _builder_version=\u00bb4.16&#8243; global_colors_info=\u00bb{}\u00bb][et_pb_testimonial quote_icon=\u00bboff\u00bb _builder_version=\u00bb4.16&#8243; background_color=\u00bb#ffffff\u00bb border_width_all=\u00bb1px\u00bb border_color_all=\u00bb#283667&#8243; global_colors_info=\u00bb{}\u00bb]<\/p>\n<p>En Estepona puedes pasar unas buenas vacaciones sin coche. El transporte p\u00fablico tambi\u00e9n est\u00e1 bien regulado.<\/p>\n<p>Si quieres un transporte suave y c\u00f3modo entre el Aeropuerto de M\u00e1laga y Estepona, contamos con un excelente socio.<br \/> A buen precio, un coche c\u00f3modo, fiable, seguro y completamente legal y asegurado.<\/p>\n<p>Aqu\u00ed puede solicitar su traslado M\u00e1laga-Estepona y\/o Estepona-M\u00e1laga inmediatamente.<br \/> Personalmente confirmado dentro de las 24 horas.<\/p>\n<p>[\/et_pb_testimonial][et_pb_dcgd_gravity_divi_module gf_form=\u00bb2&#8243; enable_ajax=\u00bbon\u00bb _builder_version=\u00bb4.16&#8243; global_colors_info=\u00bb{}\u00bb][\/et_pb_dcgd_gravity_divi_module][\/et_pb_column][et_pb_column type=\u00bb2_5&#8243; _builder_version=\u00bb4.16&#8243; global_colors_info=\u00bb{}\u00bb][et_pb_pricing_tables featured_table_background_color=\u00bb#65ae17&#8243; featured_table_header_background_color=\u00bb#283667&#8243; featured_table_header_text_color=\u00bb#ffffff\u00bb header_background_color=\u00bb#283667&#8243; bullet_color=\u00bb#65ae17&#8243; show_featured_drop_shadow=\u00bboff\u00bb _builder_version=\u00bb4.17.3&#8243; header_text_color=\u00bb#ffffff\u00bb header_text_align=\u00bbcenter\u00bb header_line_height=\u00bb1.5em\u00bb body_font_size=\u00bb20px\u00bb hover_enabled=\u00bb0&#8243; global_colors_info=\u00bb{}\u00bb sticky_enabled=\u00bb0&#8243;][et_pb_pricing_table title=\u00bbMalaga-Estepona\u00bb subtitle=\u00bbbillete de ida\u00bb currency=\u00bb\u20ac\u00bb sum=\u00bb85&#8243; bullet_color=\u00bb#65ae17&#8243; price_background_color=\u00bb#7fb2f0&#8243; _builder_version=\u00bb4.17.3&#8243; price_text_color=\u00bb#ffffff\u00bb currency_frequency_text_color=\u00bb#ffffff\u00bb currency_frequency_line_height=\u00bb2.3em\u00bb hover_enabled=\u00bb0&#8243; global_colors_info=\u00bb{}\u00bb sticky_transition=\u00bbon\u00bb sticky_enabled=\u00bb0&#8243;]<\/p>\n<p>+ 1-4 personas<\/p>\n<p>[\/et_pb_pricing_table][et_pb_pricing_table title=\u00bbMalaga-Estepona\u00bb subtitle=\u00bbbillete de ida\u00bb currency=\u00bb\u20ac\u00bb sum=\u00bb115&#8243; price_background_color=\u00bb#7fb2f0&#8243; _builder_version=\u00bb4.17.3&#8243; price_text_color=\u00bb#ffffff\u00bb currency_frequency_text_color=\u00bb#ffffff\u00bb hover_enabled=\u00bb0&#8243; border_color_all_price=\u00bb#ffffff\u00bb global_colors_info=\u00bb{}\u00bb sticky_transition=\u00bbon\u00bb sticky_enabled=\u00bb0&#8243;]<\/p>\n<p>+ 5-8 personas<\/p>\n<p>[\/et_pb_pricing_table][\/et_pb_pricing_tables][\/et_pb_column][\/et_pb_row][\/et_pb_section]<\/p>\n","protected":false},"excerpt":{"rendered":"<p>En Estepona puedes pasar unas buenas vacaciones sin coche. El transporte p\u00fablico tambi\u00e9n est\u00e1 bien regulado. Si quieres un transporte suave y c\u00f3modo entre el Aeropuerto de M\u00e1laga y Estepona, contamos con un excelente socio. A buen precio, un coche c\u00f3modo, fiable, seguro y completamente legal y asegurado. Aqu\u00ed puede solicitar su traslado M\u00e1laga-Estepona y\/o\u2026 <a href=\"https:\/\/visitestepona.eu\/es\/transfer-malaga-estepona-transfer-estepona-malaga\/\">Read More &raquo;<\/a><\/p>\n","protected":false},"author":1,"featured_media":0,"parent":0,"menu_order":77,"comment_status":"closed","ping_status":"closed","template":"","meta":{"_acf_changed":false,"_et_pb_use_builder":"on","_et_pb_old_content":"","_et_gb_content_width":"","footnotes":""},"class_list":["post-3608","page","type-page","status-publish","hentry"],"acf":[],"_links":{"self":[{"href":"https:\/\/visitestepona.eu\/es\/wp-json\/wp\/v2\/pages\/3608","targetHints":{"allow":["GET"]}}],"collection":[{"href":"https:\/\/visitestepona.eu\/es\/wp-json\/wp\/v2\/pages"}],"about":[{"href":"https:\/\/visitestepona.eu\/es\/wp-json\/wp\/v2\/types\/page"}],"author":[{"embeddable":true,"href":"https:\/\/visitestepona.eu\/es\/wp-json\/wp\/v2\/users\/1"}],"replies":[{"embeddable":true,"href":"https:\/\/visitestepona.eu\/es\/wp-json\/wp\/v2\/comments?post=3608"}],"version-history":[{"count":0,"href":"https:\/\/visitestepona.eu\/es\/wp-json\/wp\/v2\/pages\/3608\/revisions"}],"wp:attachment":[{"href":"https:\/\/visitestepona.eu\/es\/wp-json\/wp\/v2\/media?parent=3608"}],"curies":[{"name":"wp","href":"https:\/\/api.w.org\/{rel}","templated":true}]}}