{"id":226895,"date":"2024-07-23T14:38:12","date_gmt":"2024-07-23T14:38:12","guid":{"rendered":"https:\/\/visitestepona.eu\/226895-2\/"},"modified":"2024-08-30T09:02:03","modified_gmt":"2024-08-30T09:02:03","slug":"226895-2","status":"publish","type":"page","link":"https:\/\/visitestepona.eu\/es\/226895-2\/","title":{"rendered":"Senda Litoral"},"content":{"rendered":"<p>[et_pb_section fb_built=\u00bb1&#8243; _builder_version=\u00bb4.27.0&#8243; hover_enabled=\u00bb0&#8243; global_colors_info=\u00bb{}\u00bb theme_builder_area=\u00bbpost_content\u00bb background_color=\u00bb#FFFFFF\u00bb sticky_enabled=\u00bb0&#8243;][et_pb_row _builder_version=\u00bb4.27.0&#8243; _module_preset=\u00bbdefault\u00bb theme_builder_area=\u00bbpost_content\u00bb][et_pb_column _builder_version=\u00bb4.27.0&#8243; _module_preset=\u00bbdefault\u00bb type=\u00bb4_4&#8243; theme_builder_area=\u00bbpost_content\u00bb][et_pb_heading title=\u00bb@ET-DC@eyJkeW5hbWljIjp0cnVlLCJjb250ZW50IjoicG9zdF90aXRsZSIsInNldHRpbmdzIjp7ImJlZm9yZSI6IiIsImFmdGVyIjoiIn19@\u00bb _builder_version=\u00bb4.27.0&#8243; _module_preset=\u00bbdefault\u00bb theme_builder_area=\u00bbpost_content\u00bb _dynamic_attributes=\u00bbtitle\u00bb hover_enabled=\u00bb0&#8243; sticky_enabled=\u00bb0&#8243; title_text_color=\u00bb#101616&#8243; title_text_align=\u00bbcenter\u00bb title_line_height=\u00bb1.5em\u00bb][\/et_pb_heading][et_pb_testimonial portrait_url=\u00bbhttps:\/\/visitestepona.eu\/wp-content\/uploads\/2019\/12\/IMG_0421.jpeg\u00bb _builder_version=\u00bb4.27.0&#8243; hover_enabled=\u00bb0&#8243; global_colors_info=\u00bb{}\u00bb theme_builder_area=\u00bbpost_content\u00bb sticky_enabled=\u00bb0&#8243;]<\/p>\n<p>el<span> <\/span><strong>Senda Litoral de M\u00e1laga<\/strong><span> <\/span>(Ruta Costera de M\u00e1laga) es un sendero proyectado de 160 km siguiendo toda la costa de la provincia de M\u00e1laga desde Manilva hasta Nerja. Una vez finalizado, este sendero de gran recorrido ser\u00e1 un importante atractivo tur\u00edstico para la Costa del Sol y para Andaluc\u00eda.<\/p>\n<p>El camino litoral se est\u00e1 creando uniendo todos los paseos mar\u00edtimos existentes; construcci\u00f3n de nuevos caminos pavimentados: durante muchos a\u00f1os, cada desarrollo frente al mar de nueva construcci\u00f3n debe construir su secci\u00f3n de camino; Construyendo pasarelas de madera donde el terreno lo exige.<\/p>\n<p>La referencia de ruta ser\u00e1<span> <\/span><strong>GR92;<\/strong><span> <\/span>tiene su propio logotipo y sitio web (www.sendalitoral.es). El punto de partida del Km 0 ser\u00e1 el emblem\u00e1tico B<strong>alcon de Europa<\/strong><span> <\/span>en Nerja y el final fue<span> <\/span><strong>Castillo de la Duquesa<\/strong><span> <\/span>en Manilva, pero se ha extendido a<span> <\/span><strong>Punta Chullera,<\/strong>la frontera provincial con C\u00e1diz. Uno espera, para ser \u00fatil, que se extienda a Sotogrande Marina.<\/p>\n<p>En el mapa<span> <\/span>debajo del<span> <\/span>camino est\u00e1 marcado en <strong>verde<\/strong> <span> <\/span>donde completo, <strong>naranja<\/strong> <span> <\/span>donde<span> <\/span>se puede caminar f\u00e1cilmente a trav\u00e9s<span> <\/span>de un puerto, puerto deportivo u otra zona, <strong>azul<\/strong> <span> <\/span>donde se necesita para caminar en la playa, y <strong>rojo<\/strong> <span> <\/span>donde se puede hacer un desv\u00edo seguro para enlazar a la siguiente secci\u00f3n.<\/p>\n<p>[\/et_pb_testimonial][\/et_pb_column][\/et_pb_row][et_pb_row module_id=\u00bbSendaLitoral\u00bb _builder_version=\u00bb4.16&#8243; global_colors_info=\u00bb{}\u00bb theme_builder_area=\u00bbpost_content\u00bb][et_pb_column type=\u00bb4_4&#8243; _builder_version=\u00bb4.16&#8243; global_colors_info=\u00bb{}\u00bb theme_builder_area=\u00bbpost_content\u00bb][et_pb_code _builder_version=\u00bb4.16&#8243; text_orientation=\u00bbcenter\u00bb global_colors_info=\u00bb{}\u00bb theme_builder_area=\u00bbpost_content\u00bb]<iframe loading=\"lazy\" src=\"https:\/\/www.google.com\/maps\/d\/embed?mid=15jTRQx7DlApwHcAJ38YeOjZIZyw\" width=\"1080\" height=\"880\"><\/iframe>[\/et_pb_code][et_pb_text _builder_version=\u00bb4.16&#8243; global_colors_info=\u00bb{}\u00bb theme_builder_area=\u00bbpost_content\u00bb]<\/p>\n<h2>CARPETA CLAVE<\/h2>\n<p><strong>VERDE<\/strong> <span> <\/span>&#8211; el camino costero est\u00e1 completo<\/p>\n<p><strong>NARANJA<\/strong> <span> <\/span>&#8211; se puede caminar f\u00e1cilmente a trav\u00e9s de un puerto, puerto deportivo u otra zona,<\/p>\n<p><strong>AZUL<\/strong> <span> <\/span>&#8211; es necesario caminar por la playa<\/p>\n<p><strong>ROJO<\/strong> <span> <\/span>&#8211; puede hacer una desviaci\u00f3n segura para enlazar a la siguiente secci\u00f3n.<\/p>\n<h2>Ciclistas<\/h2>\n<p>Las reglas para los ciclistas var\u00edan de una secci\u00f3n a una secci\u00f3n, de acuerdo con las reglas espec\u00edficas de cada ciudad. En Estepona, los ciclistas no pueden entrar en el paseo mar\u00edtimo. En Mijas Costa, los ciclistas no pueden entrar en el paseo mar\u00edtimo los fines de semana. En Marbella, los ciclistas que utilizan el paseo mar\u00edtimo deben mantener un l\u00edmite de velocidad de 10 km\/h y dar paso a los peatones.<\/p>\n<p>[\/et_pb_text][\/et_pb_column][\/et_pb_row][et_pb_row column_structure=\u00bb1_3,1_3,1_3&#8243; _builder_version=\u00bb4.16&#8243; global_colors_info=\u00bb{}\u00bb theme_builder_area=\u00bbpost_content\u00bb][et_pb_column type=\u00bb1_3&#8243; _builder_version=\u00bb4.16&#8243; global_colors_info=\u00bb{}\u00bb theme_builder_area=\u00bbpost_content\u00bb][et_pb_code _builder_version=\u00bb4.16&#8243; global_colors_info=\u00bb{}\u00bb theme_builder_area=\u00bbpost_content\u00bb]<iframe loading=\"lazy\" width=\"560\" height=\"315\" src=\"https:\/\/www.youtube.com\/embed\/vVHQz-z7T-0\" frameborder=\"0\" allow=\"accelerometer; autoplay; encrypted-media; gyroscope; picture-in-picture\" allowfullscreen=\"\"><\/iframe>[\/et_pb_code][\/et_pb_column][et_pb_column type=\u00bb1_3&#8243; _builder_version=\u00bb4.16&#8243; global_colors_info=\u00bb{}\u00bb theme_builder_area=\u00bbpost_content\u00bb][et_pb_code _builder_version=\u00bb4.16&#8243; global_colors_info=\u00bb{}\u00bb theme_builder_area=\u00bbpost_content\u00bb]<iframe loading=\"lazy\" width=\"560\" height=\"315\" src=\"https:\/\/www.youtube.com\/embed\/vWN8t92vBQ0\" frameborder=\"0\" allow=\"accelerometer; autoplay; encrypted-media; gyroscope; picture-in-picture\" allowfullscreen=\"\"><\/iframe>[\/et_pb_code][\/et_pb_column][et_pb_column type=\u00bb1_3&#8243; _builder_version=\u00bb4.16&#8243; global_colors_info=\u00bb{}\u00bb theme_builder_area=\u00bbpost_content\u00bb][et_pb_video src=\u00bbhttps:\/\/youtu.be\/7DMzCyg7vsA\u00bb _builder_version=\u00bb4.16&#8243; global_colors_info=\u00bb{}\u00bb theme_builder_area=\u00bbpost_content\u00bb][\/et_pb_video][\/et_pb_column][\/et_pb_row][\/et_pb_section]<\/p>\n","protected":false},"excerpt":{"rendered":"<p>el Senda Litoral de M\u00e1laga (Ruta Costera de M\u00e1laga) es un sendero proyectado de 160 km siguiendo toda la costa de la provincia de M\u00e1laga desde Manilva hasta Nerja. Una vez finalizado, este sendero de gran recorrido ser\u00e1 un importante atractivo tur\u00edstico para la Costa del Sol y para Andaluc\u00eda. El camino litoral se est\u00e1\u2026 <a href=\"https:\/\/visitestepona.eu\/es\/226895-2\/\">Read More &raquo;<\/a><\/p>\n","protected":false},"author":1,"featured_media":3339,"parent":0,"menu_order":2,"comment_status":"closed","ping_status":"closed","template":"","meta":{"_acf_changed":false,"_et_pb_use_builder":"on","_et_pb_old_content":"","_et_gb_content_width":"","footnotes":""},"class_list":["post-226895","page","type-page","status-publish","has-post-thumbnail","hentry"],"acf":[],"_links":{"self":[{"href":"https:\/\/visitestepona.eu\/es\/wp-json\/wp\/v2\/pages\/226895","targetHints":{"allow":["GET"]}}],"collection":[{"href":"https:\/\/visitestepona.eu\/es\/wp-json\/wp\/v2\/pages"}],"about":[{"href":"https:\/\/visitestepona.eu\/es\/wp-json\/wp\/v2\/types\/page"}],"author":[{"embeddable":true,"href":"https:\/\/visitestepona.eu\/es\/wp-json\/wp\/v2\/users\/1"}],"replies":[{"embeddable":true,"href":"https:\/\/visitestepona.eu\/es\/wp-json\/wp\/v2\/comments?post=226895"}],"version-history":[{"count":1,"href":"https:\/\/visitestepona.eu\/es\/wp-json\/wp\/v2\/pages\/226895\/revisions"}],"predecessor-version":[{"id":227151,"href":"https:\/\/visitestepona.eu\/es\/wp-json\/wp\/v2\/pages\/226895\/revisions\/227151"}],"wp:featuredmedia":[{"embeddable":true,"href":"https:\/\/visitestepona.eu\/es\/wp-json\/wp\/v2\/media\/3339"}],"wp:attachment":[{"href":"https:\/\/visitestepona.eu\/es\/wp-json\/wp\/v2\/media?parent=226895"}],"curies":[{"name":"wp","href":"https:\/\/api.w.org\/{rel}","templated":true}]}}