{"id":2098,"date":"2020-05-17T06:48:15","date_gmt":"2020-05-17T06:48:15","guid":{"rendered":"https:\/\/visitestepona.eu\/transfer-malaga-estepona-transfer-estepona-malaga-2\/"},"modified":"2024-07-23T14:30:51","modified_gmt":"2024-07-23T14:30:51","slug":"transfer-malaga-estepona-transfer-estepona-malaga-2","status":"publish","type":"page","link":"https:\/\/visitestepona.eu\/es\/transfer-malaga-estepona-transfer-estepona-malaga-2\/","title":{"rendered":"Transfer Malaga &#8211; Estepona &amp; Transfer Estepona &#8211; Malaga"},"content":{"rendered":"<p>[et_pb_section fb_built=\u00bb1&#8243; _builder_version=\u00bb4.16&#8243; global_colors_info=\u00bb{}\u00bb][et_pb_row column_structure=\u00bb3_5,2_5&#8243; _builder_version=\u00bb4.16&#8243; global_colors_info=\u00bb{}\u00bb][et_pb_column type=\u00bb3_5&#8243; _builder_version=\u00bb4.16&#8243; global_colors_info=\u00bb{}\u00bb][et_pb_testimonial quote_icon=\u00bboff\u00bb _builder_version=\u00bb4.16&#8243; background_color=\u00bb#ffffff\u00bb border_width_all=\u00bb1px\u00bb border_color_all=\u00bb#283667&#8243; global_colors_info=\u00bb{}\u00bb]<\/p>\n<p>En Estepona puedes pasar unas buenas vacaciones sin coche. El transporte p\u00fablico tambi\u00e9n est\u00e1 bien regulado.<\/p>\n<p>Si quieres un transporte suave y c\u00f3modo entre el Aeropuerto de M\u00e1laga y Estepona, contamos con un excelente socio.<br \/> A buen precio, un coche c\u00f3modo, fiable, seguro y completamente legal y asegurado.<\/p>\n<p>Aqu\u00ed puede solicitar su traslado M\u00e1laga-Estepona y\/o Estepona-M\u00e1laga inmediatamente.<br \/> Personalmente confirmado dentro de las 24 horas.<\/p>\n<p>[\/et_pb_testimonial][et_pb_dcgd_gravity_divi_module gf_form=\u00bb2&#8243; show_title=\u00bboff\u00bb enable_ajax=\u00bbon\u00bb _builder_version=\u00bb4.16&#8243; global_colors_info=\u00bb{}\u00bb][\/et_pb_dcgd_gravity_divi_module][\/et_pb_column][et_pb_column type=\u00bb2_5&#8243; _builder_version=\u00bb4.16&#8243; global_colors_info=\u00bb{}\u00bb][et_pb_image src=\u00bbhttps:\/\/visitestepona.eu\/wp-content\/uploads\/2020\/05\/Malaga-Estepona-Transfer-Foto-door-Adrianna-Calvo-via-Pexels.jpg\u00bb title_text=\u00bbTraslado M\u00e1laga-Estepona &#8211; Foto de Adrianna Calvo v\u00eda Pexels\u00bb _builder_version=\u00bb4.16&#8243; global_colors_info=\u00bb{}\u00bb][\/et_pb_image][et_pb_pricing_tables featured_table_background_color=\u00bb#65ae17&#8243; featured_table_header_background_color=\u00bb#283667&#8243; featured_table_header_text_color=\u00bb#ffffff\u00bb header_background_color=\u00bb#283667&#8243; bullet_color=\u00bb#65ae17&#8243; show_featured_drop_shadow=\u00bboff\u00bb _builder_version=\u00bb4.26.1&#8243; header_text_color=\u00bb#ffffff\u00bb header_text_align=\u00bbcenter\u00bb header_line_height=\u00bb1.5em\u00bb body_font_size=\u00bb20px\u00bb hover_enabled=\u00bb0&#8243; global_colors_info=\u00bb{}\u00bb sticky_enabled=\u00bb0&#8243;][et_pb_pricing_table title=\u00bbMalaga-Estepona\u00bb subtitle=\u00bbbillete de ida\u00bb currency=\u00bb\u20ac\u00bb sum=\u00bb90&#8243; bullet_color=\u00bb#65ae17&#8243; price_background_color=\u00bb#7fb2f0&#8243; _builder_version=\u00bb4.26.1&#8243; price_text_color=\u00bb#ffffff\u00bb currency_frequency_text_color=\u00bb#ffffff\u00bb currency_frequency_line_height=\u00bb2.3em\u00bb hover_enabled=\u00bb0&#8243; global_colors_info=\u00bb{}\u00bb sticky_transition=\u00bbon\u00bb sticky_enabled=\u00bb0&#8243;]+ Coche 1-4 personas con hasta 3 maletas grandes 90\u20ac por trayecto<br \/>\n+La autopista de peaje cuesta 10 \u20ac m\u00e1s por trayecto<br \/>\n+A la llegada al aeropuerto de M\u00e1laga habr\u00e1 un cargo extra de 5\u20ac por la tarifa del parking del aeropuerto de M\u00e1laga<br \/>\n+Desde el 1 de julio hasta el 15 de septiembre, todos nuestros traslados entre las 06:00 y las 21:00 horas deben ser con peaje incluido para evitar colas.<br \/>\n+El precio de un coche es de 105\u20ac a la llegada incluyendo autopistas de peaje y los 5\u20ac de recogida del parking en M\u00e1laga AGP y la devoluci\u00f3n ser\u00eda de 100\u20ac incluyendo autopistas de peaje.<br \/>\n+Si el traslado es entre las 01.00 y las 06.00 habr\u00e1 un suplemento de 5\u20ac si se trata de un coche y un suplemento de 10\u20ac si se trata de un minib\u00fas[\/et_pb_pricing_table][et_pb_pricing_table title=\u00bbMalaga-Estepona\u00bb subtitle=\u00bbbillete de ida\u00bb currency=\u00bb\u20ac\u00bb sum=\u00bb120&#8243; price_background_color=\u00bb#7fb2f0&#8243; _builder_version=\u00bb4.20.4&#8243; price_text_color=\u00bb#ffffff\u00bb currency_frequency_text_color=\u00bb#ffffff\u00bb border_color_all_price=\u00bb#ffffff\u00bb global_colors_info=\u00bb{}\u00bb sticky_transition=\u00bbon\u00bb]<\/p>\n<p>+ Minib\u00fas 5-8 personas 120\u20ac por trayecto<\/p>\n<p>+ La autopista de peaje cuesta 10 \u20ac m\u00e1s por trayecto<\/p>\n<p>+ A la llegada al aeropuerto de M\u00e1laga habr\u00e1 un cargo extra de 5\u20ac por la tarifa del parking del aeropuerto de M\u00e1laga<\/p>\n<p><b>Desde el 1 de julio de 2024 hasta el 15 de septiembre de 2024 entre las 06:00 y las 21:00 TODOS nuestros traslados deben ser con autopista de peaje incluida para evitar colas<\/b><\/p>\n<p><b>Si un traslado es entre las 01.00 y las 06.00 habr\u00e1 un suplemento de 5 \u20ac si es un coche y un suplemento de 10 \u20ac si es un minib\u00fas<\/b><\/p>\n<p>[\/et_pb_pricing_table][\/et_pb_pricing_tables][\/et_pb_column][\/et_pb_row][\/et_pb_section]<\/p>\n","protected":false},"excerpt":{"rendered":"<p>En Estepona puedes pasar unas buenas vacaciones sin coche. El transporte p\u00fablico tambi\u00e9n est\u00e1 bien regulado. Si quieres un transporte suave y c\u00f3modo entre el Aeropuerto de M\u00e1laga y Estepona, contamos con un excelente socio. A buen precio, un coche c\u00f3modo, fiable, seguro y completamente legal y asegurado. Aqu\u00ed puede solicitar su traslado M\u00e1laga-Estepona y\/o\u2026 <a href=\"https:\/\/visitestepona.eu\/es\/transfer-malaga-estepona-transfer-estepona-malaga-2\/\">Read More &raquo;<\/a><\/p>\n","protected":false},"author":1,"featured_media":0,"parent":0,"menu_order":80,"comment_status":"closed","ping_status":"closed","template":"","meta":{"_acf_changed":false,"_et_pb_use_builder":"on","_et_pb_old_content":"","_et_gb_content_width":"","footnotes":""},"class_list":["post-2098","page","type-page","status-publish","hentry"],"acf":[],"_links":{"self":[{"href":"https:\/\/visitestepona.eu\/es\/wp-json\/wp\/v2\/pages\/2098","targetHints":{"allow":["GET"]}}],"collection":[{"href":"https:\/\/visitestepona.eu\/es\/wp-json\/wp\/v2\/pages"}],"about":[{"href":"https:\/\/visitestepona.eu\/es\/wp-json\/wp\/v2\/types\/page"}],"author":[{"embeddable":true,"href":"https:\/\/visitestepona.eu\/es\/wp-json\/wp\/v2\/users\/1"}],"replies":[{"embeddable":true,"href":"https:\/\/visitestepona.eu\/es\/wp-json\/wp\/v2\/comments?post=2098"}],"version-history":[{"count":0,"href":"https:\/\/visitestepona.eu\/es\/wp-json\/wp\/v2\/pages\/2098\/revisions"}],"wp:attachment":[{"href":"https:\/\/visitestepona.eu\/es\/wp-json\/wp\/v2\/media?parent=2098"}],"curies":[{"name":"wp","href":"https:\/\/api.w.org\/{rel}","templated":true}]}}