{"id":1621,"date":"2020-05-12T11:11:16","date_gmt":"2020-05-12T11:11:16","guid":{"rendered":"https:\/\/visitestepona.eu\/contacto\/"},"modified":"2025-07-12T12:57:48","modified_gmt":"2025-07-12T12:57:48","slug":"contacto","status":"publish","type":"page","link":"https:\/\/visitestepona.eu\/es\/contacto\/","title":{"rendered":"Contacto"},"content":{"rendered":"<p>[et_pb_section fb_built=\u00bb1&#8243; _builder_version=\u00bb4.16&#8243; background_color=\u00bb#c63e59&#8243; bottom_divider_style=\u00bbslant\u00bb bottom_divider_color=\u00bb#101616&#8243; bottom_divider_flip=\u00bbvertical\u00bb global_colors_info=\u00bb{}\u00bb][et_pb_row _builder_version=\u00bb4.16&#8243; global_colors_info=\u00bb{}\u00bb][et_pb_column type=\u00bb4_4&#8243; _builder_version=\u00bb4.16&#8243; global_colors_info=\u00bb{}\u00bb][et_pb_testimonial author=\u00bb@VisitEstepona\u00bb url=\u00bbmailto:hello@visitestepona.eu\u00bb _builder_version=\u00bb4.16&#8243; link_option_url=\u00bbmailto:hello@visitestepona.eu\u00bb global_colors_info=\u00bb{}\u00bb]<\/p>\n<h2>\u00bfContacto?<\/h2>\n<p>\u00bfTe gustar\u00eda saber m\u00e1s sobre Estepona, VisitEstepona, o tienes adiciones para el sitio web? H\u00e1ganoslo saber. Trabajamos con cualquier persona que tenga o quiera tener una relaci\u00f3n con Estepona. \u00a1Bien cuando te pongas en contacto! Mail naar <a href=\"mailto:hello@visitestepona.eu\" title=\"hello@visitestepona.eu\">hello@visitestepona.eu<\/a><\/p>\n<p>[\/et_pb_testimonial][et_pb_code _builder_version=\u00bb4.16&#8243; global_colors_info=\u00bb{}\u00bb]<div class=\"et_bloom_inline_form et_bloom_optin et_bloom_make_form_visible et_bloom_optin_1\" style=\"display: none;\">\n\t\t\t\t<style type=\"text\/css\">.et_bloom .et_bloom_optin_1 .et_bloom_form_content { background-color: #e2e2e2 !important; } .et_bloom .et_bloom_optin_1 .et_bloom_form_container .et_bloom_form_header { background-color: #456091 !important; } .et_bloom .et_bloom_optin_1 .carrot_edge .et_bloom_form_content:before { border-top-color: #456091 !important; } .et_bloom .et_bloom_optin_1 .carrot_edge.et_bloom_form_right .et_bloom_form_content:before, .et_bloom .et_bloom_optin_1 .carrot_edge.et_bloom_form_left .et_bloom_form_content:before { border-top-color: transparent !important; border-left-color: #456091 !important; }\n\t\t\t\t\t\t@media only screen and ( max-width: 767px ) {.et_bloom .et_bloom_optin_1 .carrot_edge.et_bloom_form_right .et_bloom_form_content:before { border-top-color: #456091 !important; border-left-color: transparent !important; }.et_bloom .et_bloom_optin_1 .carrot_edge.et_bloom_form_left .et_bloom_form_content:after { border-bottom-color: #456091 !important; border-left-color: transparent !important; }\n\t\t\t\t\t\t}.et_bloom .et_bloom_optin_1 .et_bloom_form_content button { background-color: #c63e59 !important; } .et_bloom .et_bloom_optin_1 .et_bloom_form_content .et_bloom_fields i { color: #c63e59 !important; } .et_bloom .et_bloom_optin_1 .et_bloom_form_content .et_bloom_custom_field_radio i:before { background: #c63e59 !important; } .et_bloom .et_bloom_optin_1.et_bloom_optin .et_bloom_border_letter { background: repeating-linear-gradient( 135deg, #3b3b3b, #3b3b3b 10px, #fff 10px, #fff 20px, #f84d3b 20px, #f84d3b 30px, #fff 30px, #fff 40px ) !important; } .et_bloom .et_bloom_optin_1 .et_bloom_form_content button { background-color: #c63e59 !important; } .et_bloom .et_bloom_optin_1 .et_bloom_form_container h2, .et_bloom .et_bloom_optin_1 .et_bloom_form_container h2 span, .et_bloom .et_bloom_optin_1 .et_bloom_form_container h2 strong { font-family: \"Open Sans\", Helvetica, Arial, Lucida, sans-serif; }.et_bloom .et_bloom_optin_1 .et_bloom_form_container p, .et_bloom .et_bloom_optin_1 .et_bloom_form_container p span, .et_bloom .et_bloom_optin_1 .et_bloom_form_container p strong, .et_bloom .et_bloom_optin_1 .et_bloom_form_container form input, .et_bloom .et_bloom_optin_1 .et_bloom_form_container form button span { font-family: \"Open Sans\", Helvetica, Arial, Lucida, sans-serif; } <\/style>\n\t\t\t\t<div class=\"et_bloom_form_container  with_edge carrot_edge et_bloom_border_letter et_bloom_rounded_corners et_bloom_rounded et_bloom_form_text_dark et_bloom_form_bottom et_bloom_inline_2_fields\">\n\t\t\t\t\t\n\t\t\t<div class=\"et_bloom_form_container_wrapper clearfix\">\n\t\t\t\t<div class=\"et_bloom_header_outer\">\n\t\t\t\t\t<div class=\"et_bloom_form_header split image_right et_bloom_header_text_light\">\n\t\t\t\t\t\t<img loading=\"lazy\" decoding=\"async\" width=\"610\" height=\"458\" src=\"https:\/\/visitestepona.eu\/wp-content\/uploads\/2020\/05\/Newsletter-VisitEstepona-610x458.jpg\" class=\" et_bloom_image_slideup et_bloom_image\" alt=\"Newsletter VisitEstepona\" srcset=\"https:\/\/visitestepona.eu\/wp-content\/uploads\/2020\/05\/Newsletter-VisitEstepona-610x458.jpg 610w, https:\/\/visitestepona.eu\/wp-content\/uploads\/2020\/05\/Newsletter-VisitEstepona-480x360.jpg 480w\" sizes=\"(min-width: 0px) and (max-width: 480px) 480px, (min-width: 481px) 610px, 100vw\" title=\"\">\n\t\t\t\t\t\t<div class=\"et_bloom_form_text\">\n\t\t\t\t\t\t<h2>Subscribe To Our Newsletter<\/h2><p>Join our mailing list to receive the latest news and updates from our team.<\/p>\n\t\t\t\t\t<\/div>\n\t\t\t\t\t\t\n\t\t\t\t\t<\/div>\n\t\t\t\t<\/div>\n\t\t\t\t<div class=\"et_bloom_form_content et_bloom_2_fields et_bloom_bottom_inline\">\n\t\t\t\t\t\n\t\t\t\t\t\n\t\t\t\t\t<form method=\"post\" class=\"clearfix\">\n\t\t\t\t\t\t<div class=\"et_bloom_fields\">\n\t\t\t\t\t\t\t<p class=\"et_bloom_popup_input et_bloom_subscribe_name\">\n\t\t\t\t\t\t\t\t<input placeholder=\"Name\" maxlength=\"50\">\n\t\t\t\t\t\t\t<\/p>\n\t\t\t\t\t\t\t<p class=\"et_bloom_popup_input et_bloom_subscribe_email\">\n\t\t\t\t\t\t\t\t<input placeholder=\"E-mailadres\">\n\t\t\t\t\t\t\t<\/p>\n\t\t\t\t\t\t\t\n\t\t\t\t\t\t\t<button data-optin_id=\"optin_1\" data-service=\"mailchimp\" data-list_id=\"4f91c51d10\" data-page_id=\"1621\" data-account=\"VisitEstepona\" data-ip_address=\"true\" class=\"et_bloom_submit_subscription\">\n\t\t\t\t\t\t\t\t<span class=\"et_bloom_subscribe_loader\"><\/span>\n\t\t\t\t\t\t\t\t<span class=\"et_bloom_button_text et_bloom_button_text_color_light\">SUBSCRIBE!<\/span>\n\t\t\t\t\t\t\t<\/button>\n\t\t\t\t\t\t<\/div>\n\t\t\t\t\t<\/form>\n\t\t\t\t\t<div class=\"et_bloom_success_container\">\n\t\t\t\t\t\t<span class=\"et_bloom_success_checkmark\"><\/span>\n\t\t\t\t\t<\/div>\n\t\t\t\t\t<h2 class=\"et_bloom_success_message\">You have Successfully Subscribed!<\/h2>\n\t\t\t\t\t\n\t\t\t\t<\/div>\n\t\t\t<\/div>\n\t\t\t<span class=\"et_bloom_close_button\"><\/span>\n\t\t\t\t<\/div>\n\t\t\t<\/div>[\/et_pb_code][et_pb_text _builder_version=\u00bb4.27.4&#8243; _module_preset=\u00bbdefault\u00bb hover_enabled=\u00bb0&#8243; sticky_enabled=\u00bb0&#8243; text_text_color=\u00bb#FFFFFF\u00bb]<\/p>\n<p>Acerca de Visit Estepona<\/p>\n<p>Este sitio web se inici\u00f3 en 2019 durante nuestra primera visita a Estepona, para guardar todos los lugares agradables para nosotros y hacerlos f\u00e1cilmente accesibles. Debido a que administramos un sitio web y una empresa de alojamiento en la vida diaria, era obvio hacer esto en forma de sitio web. Nos gusta compartir consejos y lugares a trav\u00e9s del sitio y nuestras redes sociales, para nosotros, nuestros invitados, amigos y familiares, pero tambi\u00e9n para todas las dem\u00e1s personas que visitan Estepona, para que puedan tener una visita a\u00fan m\u00e1s agradable.  <\/p>\n<p>Queremos compartir aqu\u00ed consejos honestos y valiosos, preferiblemente con los que tengamos experiencia nosotros mismos o de una fuente muy confiable. Por lo tanto, no solo publicamos enlaces. <\/p>\n<p>Si quieres que te mencionen, \u00a1h\u00e1znoslo saber!<br \/>Tambi\u00e9n nos gusta utilizar nuestro sitio web y las redes sociales a menudo (todav\u00eda de forma gratuita) para apoyar a la gente encantadora y a los fant\u00e1sticos empresarios de Estepona.<\/p>\n<p>Y: Si necesitas alojamiento, un nombre de dominio, un sitio web o mantenimiento en tu sitio web, tambi\u00e9n puedes hacerlo a trav\u00e9s de nosotros \ud83d\ude09<br \/>Nos especializamos en WordPress, Mailchimp, SEO y Woocommerce y creamos sitios web para casas de vacaciones, restaurantes, ocio, tiendas web y varios tipos de negocios. Debido a que a menudo nos quedamos en Estepona por un per\u00edodo de tiempo m\u00e1s largo, tambi\u00e9n podemos visitarlo en el lugar para una admisi\u00f3n o capacitaci\u00f3n en holand\u00e9s o ingl\u00e9s. Todav\u00eda estamos aprendiendo espa\u00f1ol&#8230;  <\/p>\n<p>[\/et_pb_text][\/et_pb_column][\/et_pb_row][\/et_pb_section]<\/p>\n","protected":false},"excerpt":{"rendered":"<p>\u00bfContacto? \u00bfTe gustar\u00eda saber m\u00e1s sobre Estepona, VisitEstepona, o tienes adiciones para el sitio web? H\u00e1ganoslo saber. Trabajamos con cualquier persona que tenga o quiera tener una relaci\u00f3n con Estepona. \u00a1Bien cuando te pongas en contacto! Mail naar hello@visitestepona.eu<div class=\"et_bloom_inline_form et_bloom_optin et_bloom_make_form_visible et_bloom_optin_1\" style=\"display: none;\">\n\t\t\t\t<style type=\"text\/css\">.et_bloom .et_bloom_optin_1 .et_bloom_form_content { background-color: #e2e2e2 !important; } .et_bloom .et_bloom_optin_1 .et_bloom_form_container .et_bloom_form_header { background-color: #456091 !important; } .et_bloom .et_bloom_optin_1 .carrot_edge .et_bloom_form_content:before { border-top-color: #456091 !important; } .et_bloom .et_bloom_optin_1 .carrot_edge.et_bloom_form_right .et_bloom_form_content:before, .et_bloom .et_bloom_optin_1 .carrot_edge.et_bloom_form_left .et_bloom_form_content:before { border-top-color: transparent !important; border-left-color: #456091 !important; }\n\t\t\t\t\t\t@media only screen and ( max-width: 767px ) {.et_bloom .et_bloom_optin_1 .carrot_edge.et_bloom_form_right .et_bloom_form_content:before { border-top-color: #456091 !important; border-left-color: transparent !important; }.et_bloom .et_bloom_optin_1 .carrot_edge.et_bloom_form_left .et_bloom_form_content:after { border-bottom-color: #456091 !important; border-left-color: transparent !important; }\n\t\t\t\t\t\t}.et_bloom .et_bloom_optin_1 .et_bloom_form_content button { background-color: #c63e59 !important; } .et_bloom .et_bloom_optin_1 .et_bloom_form_content .et_bloom_fields i { color: #c63e59 !important; } .et_bloom .et_bloom_optin_1 .et_bloom_form_content .et_bloom_custom_field_radio i:before { background: #c63e59 !important; } .et_bloom .et_bloom_optin_1.et_bloom_optin .et_bloom_border_letter { background: repeating-linear-gradient( 135deg, #3b3b3b, #3b3b3b 10px, #fff 10px, #fff 20px, #f84d3b 20px, #f84d3b 30px, #fff 30px, #fff 40px ) !important; } .et_bloom .et_bloom_optin_1 .et_bloom_form_content button { background-color: #c63e59 !important; } .et_bloom .et_bloom_optin_1 .et_bloom_form_container h2, .et_bloom .et_bloom_optin_1 .et_bloom_form_container h2 span, .et_bloom .et_bloom_optin_1 .et_bloom_form_container h2 strong { font-family: \"Open Sans\", Helvetica, Arial, Lucida, sans-serif; }.et_bloom .et_bloom_optin_1 .et_bloom_form_container p, .et_bloom .et_bloom_optin_1 .et_bloom_form_container p span, .et_bloom .et_bloom_optin_1 .et_bloom_form_container p strong, .et_bloom .et_bloom_optin_1 .et_bloom_form_container form input, .et_bloom .et_bloom_optin_1 .et_bloom_form_container form button span { font-family: \"Open Sans\", Helvetica, Arial, Lucida, sans-serif; } <\/style>\n\t\t\t\t<div class=\"et_bloom_form_container  with_edge carrot_edge et_bloom_border_letter et_bloom_rounded_corners et_bloom_rounded et_bloom_form_text_dark et_bloom_form_bottom et_bloom_inline_2_fields\">\n\t\t\t\t\t\n\t\t\t<div class=\"et_bloom_form_container_wrapper clearfix\">\n\t\t\t\t<div class=\"et_bloom_header_outer\">\n\t\t\t\t\t<div class=\"et_bloom_form_header split image_right et_bloom_header_text_light\">\n\t\t\t\t\t\t<img width=\"610\" height=\"458\" src=\"https:\/\/visitestepona.eu\/wp-content\/uploads\/2020\/05\/Newsletter-VisitEstepona-610x458.jpg\" class=\" et_bloom_image_slideup et_bloom_image\" alt=\"Newsletter VisitEstepona\" decoding=\"async\" loading=\"lazy\" srcset=\"https:\/\/visitestepona.eu\/wp-content\/uploads\/2020\/05\/Newsletter-VisitEstepona-610x458.jpg 610w, https:\/\/visitestepona.eu\/wp-content\/uploads\/2020\/05\/Newsletter-VisitEstepona-480x360.jpg 480w\" sizes=\"(min-width: 0px) and (max-width: 480px) 480px, (min-width: 481px) 610px, 100vw\" \/>\n\t\t\t\t\t\t<div class=\"et_bloom_form_text\">\n\t\t\t\t\t\t<h2>Subscribe To Our Newsletter<\/h2><p>Join our mailing list to receive the latest news and updates from our team.<\/p>\n\t\t\t\t\t<\/div>\n\t\t\t\t\t\t\n\t\t\t\t\t<\/div>\n\t\t\t\t<\/div>\n\t\t\t\t<div class=\"et_bloom_form_content et_bloom_2_fields et_bloom_bottom_inline\">\n\t\t\t\t\t\n\t\t\t\t\t\n\t\t\t\t\t<form method=\"post\" class=\"clearfix\">\n\t\t\t\t\t\t<div class=\"et_bloom_fields\">\n\t\t\t\t\t\t\t<p class=\"et_bloom_popup_input et_bloom_subscribe_name\">\n\t\t\t\t\t\t\t\t<input placeholder=\"Name\" maxlength=\"50\">\n\t\t\t\t\t\t\t<\/p>\n\t\t\t\t\t\t\t<p class=\"et_bloom_popup_input et_bloom_subscribe_email\">\n\t\t\t\t\t\t\t\t<input placeholder=\"E-mailadres\">\n\t\t\t\t\t\t\t<\/p>\n\t\t\t\t\t\t\t\n\t\t\t\t\t\t\t<button data-optin_id=\"optin_1\" data-service=\"mailchimp\" data-list_id=\"4f91c51d10\" data-page_id=\"1621\" data-account=\"VisitEstepona\" data-ip_address=\"true\" class=\"et_bloom_submit_subscription\">\n\t\t\t\t\t\t\t\t<span class=\"et_bloom_subscribe_loader\"><\/span>\n\t\t\t\t\t\t\t\t<span class=\"et_bloom_button_text et_bloom_button_text_color_light\">SUBSCRIBE!<\/span>\n\t\t\t\t\t\t\t<\/button>\n\t\t\t\t\t\t<\/div>\n\t\t\t\t\t<\/form>\n\t\t\t\t\t<div class=\"et_bloom_success_container\">\n\t\t\t\t\t\t<span class=\"et_bloom_success_checkmark\"><\/span>\n\t\t\t\t\t<\/div>\n\t\t\t\t\t<h2 class=\"et_bloom_success_message\">You have Successfully Subscribed!<\/h2>\n\t\t\t\t\t\n\t\t\t\t<\/div>\n\t\t\t<\/div>\n\t\t\t<span class=\"et_bloom_close_button\"><\/span>\n\t\t\t\t<\/div>\n\t\t\t<\/div>Acerca de Visit Estepona Este sitio web se inici\u00f3 en 2019 durante nuestra primera visita a\u2026 <a href=\"https:\/\/visitestepona.eu\/es\/contacto\/\">Read More &raquo;<\/a><\/p>\n","protected":false},"author":1,"featured_media":0,"parent":0,"menu_order":96,"comment_status":"closed","ping_status":"closed","template":"","meta":{"_acf_changed":false,"_et_pb_use_builder":"on","_et_pb_old_content":"","_et_gb_content_width":"","footnotes":""},"class_list":["post-1621","page","type-page","status-publish","hentry"],"acf":[],"_links":{"self":[{"href":"https:\/\/visitestepona.eu\/es\/wp-json\/wp\/v2\/pages\/1621","targetHints":{"allow":["GET"]}}],"collection":[{"href":"https:\/\/visitestepona.eu\/es\/wp-json\/wp\/v2\/pages"}],"about":[{"href":"https:\/\/visitestepona.eu\/es\/wp-json\/wp\/v2\/types\/page"}],"author":[{"embeddable":true,"href":"https:\/\/visitestepona.eu\/es\/wp-json\/wp\/v2\/users\/1"}],"replies":[{"embeddable":true,"href":"https:\/\/visitestepona.eu\/es\/wp-json\/wp\/v2\/comments?post=1621"}],"version-history":[{"count":3,"href":"https:\/\/visitestepona.eu\/es\/wp-json\/wp\/v2\/pages\/1621\/revisions"}],"predecessor-version":[{"id":228155,"href":"https:\/\/visitestepona.eu\/es\/wp-json\/wp\/v2\/pages\/1621\/revisions\/228155"}],"wp:attachment":[{"href":"https:\/\/visitestepona.eu\/es\/wp-json\/wp\/v2\/media?parent=1621"}],"curies":[{"name":"wp","href":"https:\/\/api.w.org\/{rel}","templated":true}]}}