{"id":1608,"date":"2020-05-12T11:00:17","date_gmt":"2020-05-12T11:00:17","guid":{"rendered":"https:\/\/visitestepona.eu\/consejos-de-estepona\/"},"modified":"2023-10-20T20:55:10","modified_gmt":"2023-10-20T20:55:10","slug":"consejos-de-estepona","status":"publish","type":"page","link":"https:\/\/visitestepona.eu\/es\/consejos-de-estepona\/","title":{"rendered":"Consejos de Estepona"},"content":{"rendered":"<p>[et_pb_section fb_built=\u00bb1&#8243; _builder_version=\u00bb4.22.2&#8243; _module_preset=\u00bbdefault\u00bb background_color=\u00bb#FFFFFF\u00bb locked=\u00bboff\u00bb global_colors_info=\u00bb{}\u00bb][et_pb_row column_structure=\u00bb3_4,1_4&#8243; _builder_version=\u00bb4.22.2&#8243; _module_preset=\u00bbdefault\u00bb width=\u00bb90%\u00bb hover_enabled=\u00bb0&#8243; global_colors_info=\u00bb{}\u00bb max_width=\u00bb1400px\u00bb sticky_enabled=\u00bb0&#8243;][et_pb_column type=\u00bb3_4&#8243; _builder_version=\u00bb4.16&#8243; _module_preset=\u00bbdefault\u00bb global_colors_info=\u00bb{}\u00bb][et_pb_blog posts_number=\u00bb24&#8243; excerpt_length=\u00bb180&#8243; show_more=\u00bbon\u00bb show_author=\u00bboff\u00bb show_date=\u00bboff\u00bb use_overlay=\u00bbon\u00bb overlay_icon_color=\u00bbrgba(0,0,0,0)\u00bb hover_overlay_color=\u00bb#f2f2f2&#8243; admin_label=\u00bbFull Width List Image Left, 1&#215;1 column Blog Module\u00bb module_class=\u00bbdivilife-11-col-blog-img-alternating\u00bb _builder_version=\u00bb4.22.2&#8243; _module_preset=\u00bbdefault\u00bb header_font=\u00bb|600|||||||\u00bb header_text_color=\u00bb#5b5b5b\u00bb header_font_size=\u00bb36px\u00bb header_line_height=\u00bb1.3em\u00bb body_font=\u00bb||||||||\u00bb body_text_color=\u00bb#5B5B5B\u00bb body_line_height=\u00bb1.8em\u00bb meta_font=\u00bbRaleway||||||||\u00bb meta_font_size=\u00bb15px\u00bb read_more_font=\u00bb||||||||\u00bb read_more_text_color=\u00bb#456091&#8243; read_more_font_size=\u00bb16px\u00bb animation_style=\u00bbfade\u00bb hover_enabled=\u00bb0&#8243; header_font_size_tablet=\u00bb28px\u00bb header_font_size_phone=\u00bb24px\u00bb header_font_size_last_edited=\u00bbon|phone\u00bb custom_css_title=\u00bbpadding: 60px 5% 16px;\u00bb custom_css_content=\u00bbpadding: 16px 5% 60px;\u00bb custom_css_post_meta=\u00bbpadding: 0 5%;\u00bb custom_css_read_more=\u00bbdisplay: inline-block;||margin: 18px 0 0;||text-transform: capitalize;\u00bb border_width_all=\u00bb0px\u00bb global_colors_info=\u00bb{}\u00bb custom_css_title_last_edited=\u00bbon|phone\u00bb custom_css_content_last_edited=\u00bbon|desktop\u00bb custom_css_title_tablet=\u00bbpadding: 40px 5% 16px;\u00bb custom_css_title_phone=\u00bbpadding: 30px 30px 16px;\u00bb custom_css_content_tablet=\u00bbpadding: 16px 5% 40px;\u00bb custom_css_content_phone=\u00bbpadding: 16px 30px 30px;\u00bb custom_css_post_meta_last_edited=\u00bbon|phone\u00bb custom_css_post_meta_phone=\u00bbpadding: 0 30px;\u00bb custom_css_post_meta_tablet=\u00bbpadding: 0 5%;\u00bb sticky_enabled=\u00bb0&#8243;][\/et_pb_blog][et_pb_code admin_label=\u00bbCSS y JS personalizados\u00bb _builder_version=\u00bb4.16&#8243; _module_preset=\u00bbdefault\u00bb global_colors_info=\u00bb{}\u00bb]<\/p>\n<style><!-- [et_pb_line_break_holder] --><!-- [et_pb_line_break_holder] -->.divilife-11-col-blog-img-alternating .et_pb_post {<!-- [et_pb_line_break_holder] -->  position: relative;<!-- [et_pb_line_break_holder] -->  overflow: hidden;<!-- [et_pb_line_break_holder] -->}<!-- [et_pb_line_break_holder] -->  <!-- [et_pb_line_break_holder] -->.divilife-11-col-blog-img-alternating .et_pb_post .entry-featured-image-url { margin: 0; }<!-- [et_pb_line_break_holder] --><!-- [et_pb_line_break_holder] -->.divilife-11-col-blog-img-alternating .et_pb_post .entry-featured-image-url .et_overlay {<!-- [et_pb_line_break_holder] -->  z-index: -1 !important;<!-- [et_pb_line_break_holder] -->  opacity: 1;<!-- [et_pb_line_break_holder] -->  width: 400%;<!-- [et_pb_line_break_holder] -->  left: -200%;<!-- [et_pb_line_break_holder] -->  border: none;<!-- [et_pb_line_break_holder] -->}<!-- [et_pb_line_break_holder] -->  <!-- [et_pb_line_break_holder] -->\/***This reorders Blog Posts Post Meta items***\/<!-- [et_pb_line_break_holder] -->.divilife-11-col-blog-img-alternating .et_pb_post .post-meta { <!-- [et_pb_line_break_holder] -->  display: flex; <!-- [et_pb_line_break_holder] -->  flex-wrap: wrap;<!-- [et_pb_line_break_holder] -->  align-items: center;<!-- [et_pb_line_break_holder] -->}<!-- [et_pb_line_break_holder] -->.divilife-11-col-blog-img-alternating .et_pb_post .post-meta .published { order: 1; }<!-- [et_pb_line_break_holder] -->.divilife-11-col-blog-img-alternating .et_pb_post .post-meta .author { order: 2; margin-right: 7px; }<!-- [et_pb_line_break_holder] -->.divilife-11-col-blog-img-alternating .et_pb_post .post-meta a[rel=\"tag\"], <!-- [et_pb_line_break_holder] -->.divilife-11-col-blog-img-alternating .et_pb_post .post-cat-wrapper { order: 3; }<!-- [et_pb_line_break_holder] --><!-- [et_pb_line_break_holder] -->.divilife-11-col-blog-img-alternating .et_pb_post .post-meta .published:after {<!-- [et_pb_line_break_holder] -->  content: '|';<!-- [et_pb_line_break_holder] -->  display: inline-block;<!-- [et_pb_line_break_holder] -->  margin: 0 5px;<!-- [et_pb_line_break_holder] -->}<!-- [et_pb_line_break_holder] -->.divilife-11-col-blog-img-alternating .et_pb_post .post-meta a[rel=\"tag\"] {<!-- [et_pb_line_break_holder] -->  display: inline-block;<!-- [et_pb_line_break_holder] -->  margin: 5px 0 5px 7px;<!-- [et_pb_line_break_holder] -->  border: 1px solid;<!-- [et_pb_line_break_holder] -->  padding: 2px 10px;<!-- [et_pb_line_break_holder] -->  border-radius: 30px;<!-- [et_pb_line_break_holder] -->}<!-- [et_pb_line_break_holder] --><!-- [et_pb_line_break_holder] -->@media(min-width: 981px) {<!-- [et_pb_line_break_holder] -->\t.divilife-11-col-blog-img-alternating .et_pb_post .post-meta .post-cat-wrapper { margin: 0 0 0 auto; }<!-- [et_pb_line_break_holder] -->}<!-- [et_pb_line_break_holder] -->@media(max-width: 980px) {<!-- [et_pb_line_break_holder] -->\t.divilife-11-col-blog-img-alternating .et_pb_post .post-meta .post-cat-wrapper { width: 100%; margin: 10px 0 0 -7px; }<!-- [et_pb_line_break_holder] -->}<!-- [et_pb_line_break_holder] -->  <!-- [et_pb_line_break_holder] --><!-- [et_pb_line_break_holder] -->@media(min-width: 768px) {<!-- [et_pb_line_break_holder] -->  .divilife-11-col-blog-img-alternating .et_pb_post &gt; * { width: 50%; }<!-- [et_pb_line_break_holder] -->  .divilife-11-col-blog-img-alternating .et_pb_post:nth-of-type(odd) &gt; * { margin: 0 0 0 auto; }<!-- [et_pb_line_break_holder] -->  .divilife-11-col-blog-img-alternating .et_pb_post:nth-of-type(even) &gt; * { margin: 0 auto 0 0; }<!-- [et_pb_line_break_holder] -->  <!-- [et_pb_line_break_holder] -->  .divilife-11-col-blog-img-alternating .et_pb_post .entry-featured-image-url {<!-- [et_pb_line_break_holder] -->    position: absolute;<!-- [et_pb_line_break_holder] -->    top: 0;<!-- [et_pb_line_break_holder] -->    width: 50%;<!-- [et_pb_line_break_holder] -->    height: 100%;<!-- [et_pb_line_break_holder] -->  }<!-- [et_pb_line_break_holder] -->  .divilife-11-col-blog-img-alternating .et_pb_post:nth-of-type(odd) .entry-featured-image-url { left: 0; }<!-- [et_pb_line_break_holder] -->  .divilife-11-col-blog-img-alternating .et_pb_post:nth-of-type(even) .entry-featured-image-url { right: 0; }<!-- [et_pb_line_break_holder] -->  <!-- [et_pb_line_break_holder] -->  .divilife-11-col-blog-img-alternating .et_pb_post .entry-featured-image-url img {<!-- [et_pb_line_break_holder] -->    width: 100%;<!-- [et_pb_line_break_holder] -->    height: 100%;<!-- [et_pb_line_break_holder] -->    object-fit: cover;<!-- [et_pb_line_break_holder] -->  }<!-- [et_pb_line_break_holder] -->}<!-- [et_pb_line_break_holder] --><!-- [et_pb_line_break_holder] -->@media(max-width: 767px) {<!-- [et_pb_line_break_holder] -->  .divilife-11-col-blog-img-alternating .et_pb_post .entry-featured-image-url .et_overlay {<!-- [et_pb_line_break_holder] -->    top: 100%;<!-- [et_pb_line_break_holder] -->    height: 300%;<!-- [et_pb_line_break_holder] -->  }<!-- [et_pb_line_break_holder] -->}<!-- [et_pb_line_break_holder] --><!-- [et_pb_line_break_holder] --><\/style>\n<p><!-- [et_pb_line_break_holder] --><!-- [et_pb_line_break_holder] --><script><!-- [et_pb_line_break_holder] --><!-- [et_pb_line_break_holder] -->jQuery(document).on('ready ajaxComplete', function() {<!-- [et_pb_line_break_holder] -->  <!-- [et_pb_line_break_holder] -->  \/\/This removes the Post Meta Default Separators due to reordering<!-- [et_pb_line_break_holder] -->  jQuery('.divilife-11-col-blog-img-alternating .et_pb_post .post-meta').contents().filter(function() { <!-- [et_pb_line_break_holder] -->    return this.nodeType == 3; <!-- [et_pb_line_break_holder] -->  }).replaceWith('');<!-- [et_pb_line_break_holder] -->  <!-- [et_pb_line_break_holder] -->  \/\/This wraps all categories for easier positioning - see css<!-- [et_pb_line_break_holder] -->  jQuery('.divilife-11-col-blog-img-alternating .et_pb_post').each(function() { <!-- [et_pb_line_break_holder] -->    jQuery(this).find('.post-meta a[rel=\"tag\"]').wrapAll('<\/p>\n<div class=\"post-cat-wrapper\"\/>');<!-- [et_pb_line_break_holder] -->  });<!-- [et_pb_line_break_holder] -->  <!-- [et_pb_line_break_holder] -->  \/\/This reads the color of post Read More button\/link and applies it on Category links only, instead of all meta text<!-- [et_pb_line_break_holder] -->  var postTitleColor = jQuery('.divilife-11-col-blog-img-alternating .post-content a.more-link').css('color');<!-- [et_pb_line_break_holder] -->\tjQuery('.divilife-11-col-blog-img-alternating .post-meta a[rel=\"tag\"]').css('color', postTitleColor);<!-- [et_pb_line_break_holder] -->  <!-- [et_pb_line_break_holder] -->});<!-- [et_pb_line_break_holder] --><!-- [et_pb_line_break_holder] --><\/script>[\/et_pb_code][\/et_pb_column][et_pb_column type=\u00bb1_4&#8243; _builder_version=\u00bb4.16&#8243; _module_preset=\u00bbdefault\u00bb global_colors_info=\u00bb{}\u00bb][et_pb_sidebar orientation=\u00bbright\u00bb show_border=\u00bboff\u00bb _builder_version=\u00bb4.22.2&#8243; _module_preset=\u00bbdefault\u00bb hover_enabled=\u00bb0&#8243; global_colors_info=\u00bb{}\u00bb sticky_enabled=\u00bb0&#8243;][\/et_pb_sidebar][\/et_pb_column][\/et_pb_row][\/et_pb_section][et_pb_section fb_built=\u00bb1&#8243; _builder_version=\u00bb4.16&#8243; global_colors_info=\u00bb{}\u00bb][et_pb_row module_id=\u00bbSendaLitoral\u00bb _builder_version=\u00bb4.16&#8243; global_colors_info=\u00bb{}\u00bb][et_pb_column type=\u00bb4_4&#8243; _builder_version=\u00bb4.16&#8243; global_colors_info=\u00bb{}\u00bb][et_pb_testimonial portrait_url=\u00bbhttps:\/\/visitestepona.eu\/wp-content\/uploads\/2019\/12\/IMG_0421.jpeg\u00bb _builder_version=\u00bb4.16&#8243; global_colors_info=\u00bb{}\u00bb]<\/p>\n<p>el<span> <\/span><strong>Senda Litoral de M\u00e1laga<\/strong><span> <\/span>(Ruta Costera de M\u00e1laga) es un sendero proyectado de 160 km siguiendo toda la costa de la provincia de M\u00e1laga desde Manilva hasta Nerja. Una vez completado, este camino de larga distancia ser\u00e1 un importante atractivo tur\u00edstico para la Costa del Sol, y para Andaluc\u00eda. <\/p>\n<p>El camino costero se est\u00e1 creando uniendo todos los paseos mar\u00edtimos existentes; la construcci\u00f3n de nuevos caminos pavimentados &#8211; durante muchos a\u00f1os cada desarrollo de playa de nueva construcci\u00f3n debe construir su secci\u00f3n de camino; construyendo paseos mar\u00edtimos de madera donde el terreno lo exige. <\/p>\n<p>La referencia de ruta ser\u00e1<span> <\/span><strong>GR92;<\/strong><span> <\/span>tiene su propio logotipo y sitio web (www.sendalitoral.es). El punto de partida del Km 0 ser\u00e1 el emblem\u00e1tico B<strong>alcon de Europa<\/strong><span> <\/span>en Nerja y el final fue<span> <\/span><strong>Castillo de la Duquesa<\/strong><span> <\/span>en Manilva, pero se ha extendido a<span> <\/span><strong>Punta Chullera,<\/strong>la frontera provincial con C\u00e1diz. Uno espera, para ser \u00fatil, que se extienda a Sotogrande Marina.<\/p>\n<p>En el mapa<span> <\/span>debajo del<span> <\/span>camino est\u00e1 marcado en <strong>verde<\/strong> <span> <\/span>donde completo, <strong>naranja<\/strong> <span> <\/span>donde<span> <\/span>se puede caminar f\u00e1cilmente a trav\u00e9s<span> <\/span>de un puerto, puerto deportivo u otra zona, <strong>azul<\/strong> <span> <\/span>donde se necesita para caminar en la playa, y <strong>rojo<\/strong> <span> <\/span>donde se puede hacer un desv\u00edo seguro para enlazar a la siguiente secci\u00f3n.<\/p>\n<p>[\/et_pb_testimonial][et_pb_code _builder_version=\u00bb4.16&#8243; text_orientation=\u00bbcenter\u00bb global_colors_info=\u00bb{}\u00bb]<iframe loading=\"lazy\" src=\"https:\/\/www.google.com\/maps\/d\/embed?mid=15jTRQx7DlApwHcAJ38YeOjZIZyw\" width=\"1080\" height=\"880\"><\/iframe>[\/et_pb_code][et_pb_text _builder_version=\u00bb4.16&#8243; global_colors_info=\u00bb{}\u00bb]<\/p>\n<h2>CARPETA CLAVE<\/h2>\n<p><strong>VERDE<\/strong> <span> <\/span>&#8211; el camino costero est\u00e1 completo<\/p>\n<p><strong>NARANJA<\/strong> <span> <\/span>&#8211; se puede caminar f\u00e1cilmente a trav\u00e9s de un puerto, puerto deportivo u otra zona,<\/p>\n<p><strong>AZUL<\/strong> <span> <\/span>&#8211; es necesario caminar por la playa<\/p>\n<p><strong>ROJO<\/strong> <span> <\/span>&#8211; puede hacer una desviaci\u00f3n segura para enlazar a la siguiente secci\u00f3n.<\/p>\n<h2>Ciclistas<\/h2>\n<p>Las reglas para los ciclistas var\u00edan de una secci\u00f3n a una secci\u00f3n, de acuerdo con las reglas espec\u00edficas de cada ciudad. En Estepona, los ciclistas no pueden entrar en el paseo mar\u00edtimo. En Mijas Costa, los ciclistas no pueden entrar en el paseo mar\u00edtimo los fines de semana. En Marbella, los ciclistas que utilizan el paseo mar\u00edtimo deben mantener un l\u00edmite de velocidad de 10 km\/h y dar paso a los peatones.<\/p>\n<p>[\/et_pb_text][\/et_pb_column][\/et_pb_row][et_pb_row column_structure=\u00bb1_3,1_3,1_3&#8243; _builder_version=\u00bb4.16&#8243; global_colors_info=\u00bb{}\u00bb][et_pb_column type=\u00bb1_3&#8243; _builder_version=\u00bb4.16&#8243; global_colors_info=\u00bb{}\u00bb][et_pb_code _builder_version=\u00bb4.16&#8243; global_colors_info=\u00bb{}\u00bb]<iframe loading=\"lazy\" width=\"560\" height=\"315\" src=\"https:\/\/www.youtube.com\/embed\/vVHQz-z7T-0\" frameborder=\"0\" allow=\"accelerometer; autoplay; encrypted-media; gyroscope; picture-in-picture\" allowfullscreen=\"\"><\/iframe>[\/et_pb_code][\/et_pb_column][et_pb_column type=\u00bb1_3&#8243; _builder_version=\u00bb4.16&#8243; global_colors_info=\u00bb{}\u00bb][et_pb_code _builder_version=\u00bb4.16&#8243; global_colors_info=\u00bb{}\u00bb]<iframe loading=\"lazy\" width=\"560\" height=\"315\" src=\"https:\/\/www.youtube.com\/embed\/vWN8t92vBQ0\" frameborder=\"0\" allow=\"accelerometer; autoplay; encrypted-media; gyroscope; picture-in-picture\" allowfullscreen=\"\"><\/iframe>[\/et_pb_code][\/et_pb_column][et_pb_column type=\u00bb1_3&#8243; _builder_version=\u00bb4.16&#8243; global_colors_info=\u00bb{}\u00bb][et_pb_video src=\u00bbhttps:\/\/youtu.be\/7DMzCyg7vsA\u00bb _builder_version=\u00bb4.16&#8243; global_colors_info=\u00bb{}\u00bb][\/et_pb_video][\/et_pb_column][\/et_pb_row][\/et_pb_section]<\/p>\n","protected":false},"excerpt":{"rendered":"<p>el Senda Litoral de M\u00e1laga (Ruta Costera de M\u00e1laga) es un sendero proyectado de 160 km siguiendo toda la costa de la provincia de M\u00e1laga desde Manilva hasta Nerja. Una vez completado, este camino de larga distancia ser\u00e1 un importante atractivo tur\u00edstico para la Costa del Sol, y para Andaluc\u00eda. El camino costero se est\u00e1\u2026 <a href=\"https:\/\/visitestepona.eu\/es\/consejos-de-estepona\/\">Read More &raquo;<\/a><\/p>\n","protected":false},"author":1,"featured_media":1609,"parent":0,"menu_order":92,"comment_status":"closed","ping_status":"closed","template":"","meta":{"_acf_changed":false,"_et_pb_use_builder":"on","_et_pb_old_content":"","_et_gb_content_width":"","footnotes":""},"class_list":["post-1608","page","type-page","status-publish","has-post-thumbnail","hentry"],"acf":[],"_links":{"self":[{"href":"https:\/\/visitestepona.eu\/es\/wp-json\/wp\/v2\/pages\/1608","targetHints":{"allow":["GET"]}}],"collection":[{"href":"https:\/\/visitestepona.eu\/es\/wp-json\/wp\/v2\/pages"}],"about":[{"href":"https:\/\/visitestepona.eu\/es\/wp-json\/wp\/v2\/types\/page"}],"author":[{"embeddable":true,"href":"https:\/\/visitestepona.eu\/es\/wp-json\/wp\/v2\/users\/1"}],"replies":[{"embeddable":true,"href":"https:\/\/visitestepona.eu\/es\/wp-json\/wp\/v2\/comments?post=1608"}],"version-history":[{"count":0,"href":"https:\/\/visitestepona.eu\/es\/wp-json\/wp\/v2\/pages\/1608\/revisions"}],"wp:featuredmedia":[{"embeddable":true,"href":"https:\/\/visitestepona.eu\/es\/wp-json\/wp\/v2\/media\/1609"}],"wp:attachment":[{"href":"https:\/\/visitestepona.eu\/es\/wp-json\/wp\/v2\/media?parent=1608"}],"curies":[{"name":"wp","href":"https:\/\/api.w.org\/{rel}","templated":true}]}}