{"id":1599,"date":"2020-05-12T10:54:37","date_gmt":"2020-05-12T10:54:37","guid":{"rendered":"https:\/\/visitestepona.eu\/estepona-golf\/"},"modified":"2020-05-12T10:54:38","modified_gmt":"2020-05-12T10:54:38","slug":"estepona-golf","status":"publish","type":"page","link":"https:\/\/visitestepona.eu\/es\/estepona-golf\/","title":{"rendered":"Estepona Golf"},"content":{"rendered":"\n[et_pb_section fb_built=\u00bb1&#8243; _builder_version=\u00bb4.1&#8243;][et_pb_row _builder_version=\u00bb4.1&#8243;][et_pb_column type=\u00bb4_4&#8243; _builder_version=\u00bb4.1&#8243;][et_pb_blog fullwidth=\u00bboff\u00bb posts_number=\u00bb12&#8243; include_categories=\u00bb32&#8243; show_more=\u00bbon\u00bb show_author=\u00bboff\u00bb show_date=\u00bboff\u00bb _builder_version=\u00bb4.3.4&#8243; hover_enabled=\u00bb0&#8243;][\/et_pb_blog][\/et_pb_column][\/et_pb_row][et_pb_row module_id=\u00bbSendaLitoral\u00bb _builder_version=\u00bb4.1&#8243;][et_pb_column type=\u00bb4_4&#8243; _builder_version=\u00bb4.1&#8243;][et_pb_testimonial portrait_url=\u00bbhttps:\/\/visitestepona.eu\/wp-content\/uploads\/2019\/12\/IMG_0421.jpeg\u00bb disabled_on=\u00bbon|on|on\u00bb _builder_version=\u00bb4.3.4&#8243; disabled=\u00bbon\u00bb]<p>el<span> <\/span><strong>Senda Litoral de M\u00e1laga<\/strong><span> <\/span>(Ruta Costera de M\u00e1laga) es un sendero proyectado de 160 km siguiendo toda la costa de la provincia de M\u00e1laga desde Manilva hasta Nerja. Una vez completado, este camino de larga distancia ser\u00e1 un importante atractivo tur\u00edstico para la Costa del Sol, y para Andaluc\u00eda. <\/p>\n<p>El camino costero se est\u00e1 creando uniendo todos los paseos mar\u00edtimos existentes; la construcci\u00f3n de nuevos caminos pavimentados &#8211; durante muchos a\u00f1os cada desarrollo de playa de nueva construcci\u00f3n debe construir su secci\u00f3n de camino; construyendo paseos mar\u00edtimos de madera donde el terreno lo exige. <\/p>\n<p>La referencia de ruta ser\u00e1<span> <\/span><strong>GR92;<\/strong><span> <\/span>tiene su propio logotipo y sitio web (www.sendalitoral.es). El punto de partida del Km 0 ser\u00e1 el emblem\u00e1tico B<strong>alcon de Europa<\/strong><span> <\/span>en Nerja y el final fue<span> <\/span><strong>Castillo de la Duquesa<\/strong><span> <\/span>en Manilva, pero se ha extendido a<span> <\/span><strong>Punta Chullera,<\/strong>la frontera provincial con C\u00e1diz. Uno espera, para ser \u00fatil, que se extienda a Sotogrande Marina.<\/p>\n<p>En el mapa<span> <\/span>debajo del<span> <\/span>camino est\u00e1 marcado en <strong>verde<\/strong> <span> <\/span>donde completo, <strong>naranja<\/strong> <span> <\/span>donde<span> <\/span>se puede caminar f\u00e1cilmente a trav\u00e9s<span> <\/span>de un puerto, puerto deportivo u otra zona, <strong>azul<\/strong> <span> <\/span>donde se necesita para caminar en la playa, y <strong>rojo<\/strong> <span> <\/span>donde se puede hacer un desv\u00edo seguro para enlazar a la siguiente secci\u00f3n.<\/p>[\/et_pb_testimonial][\/et_pb_column][\/et_pb_row][\/et_pb_section]\n","protected":false},"excerpt":{"rendered":"<p>el Senda Litoral de M\u00e1laga (Ruta Costera de M\u00e1laga) es un sendero proyectado de 160 km siguiendo toda la costa de la provincia de M\u00e1laga desde Manilva hasta Nerja. Una vez completado, este camino de larga distancia ser\u00e1 un importante atractivo tur\u00edstico para la Costa del Sol, y para Andaluc\u00eda. El camino costero se est\u00e1\u2026 <a href=\"https:\/\/visitestepona.eu\/es\/estepona-golf\/\">Read More &raquo;<\/a><\/p>\n","protected":false},"author":1,"featured_media":0,"parent":0,"menu_order":89,"comment_status":"closed","ping_status":"closed","template":"","meta":{"_acf_changed":false,"_et_pb_use_builder":"on","_et_pb_old_content":"","_et_gb_content_width":"","footnotes":""},"class_list":["post-1599","page","type-page","status-publish","hentry"],"acf":[],"_links":{"self":[{"href":"https:\/\/visitestepona.eu\/es\/wp-json\/wp\/v2\/pages\/1599","targetHints":{"allow":["GET"]}}],"collection":[{"href":"https:\/\/visitestepona.eu\/es\/wp-json\/wp\/v2\/pages"}],"about":[{"href":"https:\/\/visitestepona.eu\/es\/wp-json\/wp\/v2\/types\/page"}],"author":[{"embeddable":true,"href":"https:\/\/visitestepona.eu\/es\/wp-json\/wp\/v2\/users\/1"}],"replies":[{"embeddable":true,"href":"https:\/\/visitestepona.eu\/es\/wp-json\/wp\/v2\/comments?post=1599"}],"version-history":[{"count":0,"href":"https:\/\/visitestepona.eu\/es\/wp-json\/wp\/v2\/pages\/1599\/revisions"}],"wp:attachment":[{"href":"https:\/\/visitestepona.eu\/es\/wp-json\/wp\/v2\/media?parent=1599"}],"curies":[{"name":"wp","href":"https:\/\/api.w.org\/{rel}","templated":true}]}}