{"id":1584,"date":"2020-05-12T09:25:21","date_gmt":"2020-05-12T09:25:21","guid":{"rendered":"https:\/\/visitestepona.eu\/visita-estepona\/"},"modified":"2025-10-06T14:16:52","modified_gmt":"2025-10-06T14:16:52","slug":"visita-estepona","status":"publish","type":"page","link":"https:\/\/visitestepona.eu\/es\/","title":{"rendered":"\u00a1Visita Estepona!"},"content":{"rendered":"<p>[et_pb_section fb_built=\u00bb1&#8243; disabled_on=\u00bboff|off|off\u00bb admin_label=\u00bbRestaurant\u00bb _builder_version=\u00bb4.16&#8243; use_background_color_gradient=\u00bbon\u00bb background_color_gradient_stops=\u00bbrgba(0,0,0,0) 0%|rgba(0,0,0,0) 80%\u00bb background_color_gradient_overlays_image=\u00bbon\u00bb background_color_gradient_start=\u00bbrgba(0,0,0,0)\u00bb background_color_gradient_end=\u00bbrgba(0,0,0,0)\u00bb background_color_gradient_end_position=\u00bb80%\u00bb background_image=\u00bbhttps:\/\/visitestepona.eu\/wp-content\/uploads\/2020\/05\/EsteponaCalleCruz.jpg\u00bb custom_padding=\u00bb|0px|0|0px|false|false\u00bb global_colors_info=\u00bb{}\u00bb background_color_gradient_start__hover=\u00bb#2b87da\u00bb background_color_gradient_start__hover_enabled=\u00bb#2b87da\u00bb background_color_gradient_end__hover=\u00bb#29c4a9&#8243; background_color_gradient_end__hover_enabled=\u00bb#29c4a9&#8243; use_background_color_gradient__hover=\u00bboff\u00bb use_background_color_gradient__hover_enabled=\u00bboff\u00bb background_color_gradient_type__hover=\u00bblinear\u00bb background_color_gradient_type__hover_enabled=\u00bblinear\u00bb background_color_gradient_direction__hover=\u00bb180deg\u00bb background_color_gradient_direction__hover_enabled=\u00bb180deg\u00bb background_color_gradient_direction_radial__hover=\u00bbcenter\u00bb background_color_gradient_direction_radial__hover_enabled=\u00bbcenter\u00bb background_color_gradient_start_position__hover=\u00bb0%\u00bb background_color_gradient_start_position__hover_enabled=\u00bb0%\u00bb background_color_gradient_end_position__hover=\u00bb100%\u00bb background_color_gradient_end_position__hover_enabled=\u00bb100%\u00bb background_color_gradient_overlays_image__hover=\u00bboff\u00bb background_color_gradient_overlays_image__hover_enabled=\u00bboff\u00bb background_color_gradient_stops__hover=\u00bb#2b87da 0%|#29c4a9 100%\u00bb][et_pb_row _builder_version=\u00bb4.16&#8243; global_colors_info=\u00bb{}\u00bb][et_pb_column type=\u00bb4_4&#8243; _builder_version=\u00bb4.16&#8243; custom_padding=\u00bb|||\u00bb global_colors_info=\u00bb{}\u00bb custom_padding__hover=\u00bb|||\u00bb][et_pb_text _builder_version=\u00bb4.16&#8243; text_font=\u00bb||||||||\u00bb text_line_height=\u00bb2em\u00bb header_font=\u00bb||||||||\u00bb header_2_font=\u00bbGilda Display||||||||\u00bb header_2_font_size=\u00bb90px\u00bb header_2_line_height=\u00bb1.3em\u00bb header_3_font=\u00bb|700||on|||||\u00bb header_3_font_size=\u00bb16px\u00bb header_3_letter_spacing=\u00bb6px\u00bb header_3_line_height=\u00bb1.6em\u00bb text_orientation=\u00bbcenter\u00bb background_layout=\u00bbdark\u00bb module_alignment=\u00bbcenter\u00bb custom_margin=\u00bb8vw||8vw||true\u00bb header_2_font_size_tablet=\u00bb40px\u00bb header_2_font_size_phone=\u00bb30px\u00bb header_2_font_size_last_edited=\u00bbon|phone\u00bb header_2_text_shadow_style=\u00bbpreset2&#8243; header_3_text_shadow_style=\u00bbpreset3&#8243; locked=\u00bboff\u00bb global_colors_info=\u00bb{}\u00bb header_3_font_size__hover=\u00bb22px\u00bb header_3_font_size__hover_enabled=\u00bb22px\u00bb header_3_letter_spacing__hover=\u00bb0px\u00bb header_3_letter_spacing__hover_enabled=\u00bb0px\u00bb header_3_line_height__hover=\u00bb1em\u00bb header_3_line_height__hover_enabled=\u00bb1em\u00bb header_3_text_shadow_style__hover=\u00bbnone\u00bb header_3_text_shadow_style__hover_enabled=\u00bbnone\u00bb header_3_text_shadow_color__hover=\u00bbrgba(0,0,0,0.4)\u00bb header_3_text_shadow_color__hover_enabled=\u00bbrgba(0,0,0,0.4)\u00bb header_font_size__hover=\u00bb30px\u00bb header_font_size__hover_enabled=\u00bb30px\u00bb header_letter_spacing__hover=\u00bb0px\u00bb header_letter_spacing__hover_enabled=\u00bb0px\u00bb header_text_shadow_style__hover=\u00bbnone\u00bb header_text_shadow_style__hover_enabled=\u00bbnone\u00bb header_text_shadow_color__hover=\u00bbrgba(0,0,0,0.4)\u00bb header_text_shadow_color__hover_enabled=\u00bbrgba(0,0,0,0.4)\u00bb]<\/p>\n<h3>Para Esteponeros y Turistas<\/h3>\n<h2>Jard\u00edn de La Costa del Sol<\/h2>\n<p>[\/et_pb_text][\/et_pb_column][\/et_pb_row][\/et_pb_section][et_pb_section fb_built=\u00bb1&#8243; admin_label=\u00bbAbout\u00bb _builder_version=\u00bb4.16&#8243; background_color=\u00bb#ffffff\u00bb custom_padding=\u00bb||0px||false|false\u00bb global_colors_info=\u00bb{}\u00bb][et_pb_row _builder_version=\u00bb4.16&#8243; global_colors_info=\u00bb{}\u00bb][et_pb_column type=\u00bb4_4&#8243; _builder_version=\u00bb4.16&#8243; global_colors_info=\u00bb{}\u00bb][et_pb_text _builder_version=\u00bb4.16&#8243; text_font=\u00bbOpen Sans|800||on|||||\u00bb text_font_size=\u00bb12px\u00bb text_letter_spacing=\u00bb2px\u00bb header_font=\u00bb||||||||\u00bb header_2_font=\u00bbGilda Display|700|||||||\u00bb header_2_text_color=\u00bb#101616&#8243; header_2_font_size=\u00bb60px\u00bb header_2_letter_spacing=\u00bb0.1px\u00bb header_3_text_color=\u00bb#101616&#8243; background_layout=\u00bbdark\u00bb width=\u00bb98%\u00bb module_alignment=\u00bbcenter\u00bb custom_margin=\u00bb||20px\u00bb custom_padding=\u00bb3px|||||\u00bb header_2_font_size_tablet=\u00bb40px\u00bb header_2_font_size_phone=\u00bb30px\u00bb header_2_font_size_last_edited=\u00bbon|phone\u00bb locked=\u00bboff\u00bb global_colors_info=\u00bb{}\u00bb]<\/p>\n<h3 style=\"text-align: center;\">El sitio web para usted cuando visite Estepona!<br \/> Conoce los restaurantes locales. bares de tapas y chiringuitos. \u00a1Disfrutar!<\/h3>\n<p>[\/et_pb_text][\/et_pb_column][\/et_pb_row][et_pb_row column_structure=\u00bb1_2,1_2&#8243; _builder_version=\u00bb4.16&#8243; global_colors_info=\u00bb{}\u00bb][et_pb_column type=\u00bb1_2&#8243; _builder_version=\u00bb4.16&#8243; custom_padding=\u00bb|||\u00bb global_colors_info=\u00bb{}\u00bb custom_padding__hover=\u00bb|||\u00bb][et_pb_text _builder_version=\u00bb4.27.0&#8243; text_font=\u00bb&#8211;et_global_body_font||||||||\u00bb text_line_height=\u00bb2em\u00bb header_font=\u00bb||||||||\u00bb header_2_font=\u00bbGilda Display||||||||\u00bb header_2_font_size=\u00bb60px\u00bb header_2_line_height=\u00bb1.2em\u00bb max_width=\u00bb550px\u00bb header_2_font_size_tablet=\u00bb40px\u00bb header_2_font_size_phone=\u00bb30px\u00bb header_2_font_size_last_edited=\u00bbon|phone\u00bb locked=\u00bboff\u00bb global_colors_info=\u00bb{}\u00bb]<\/p>\n<h2>Encantador y aut\u00e9ntico<\/h2>\n<p>Ven a Estepona y marav\u00edllate. Nunca antes hab\u00edamos visitado un pueblo espa\u00f1ol justo en la costa donde todav\u00eda era realmente espa\u00f1ol. Instant\u00e1neamente enamorado y tocado por el ambiente y la apariencia encantadora, la hermosa luz y las largas playas.<\/p>\n<p>\u00a1Eso es lo que quieres ver y experimentar! Es por eso que ahora tenemos un lugar para recoger todo sobre este lugar. As\u00ed que s\u00f3lo tendr\u00e1s que estar en un lugar para estar informado. S\u00edguenos. Vis\u00edtanos.<\/p>\n<p>[\/et_pb_text][et_pb_code _builder_version=\u00bb4.27.0&#8243; global_colors_info=\u00bb{}\u00bb]<iframe loading=\"lazy\" src=\"https:\/\/www.facebook.com\/plugins\/video.php?href=https%3A%2F%2Fwww.facebook.com%2Fjosemaria.garciaurbano%2Fvideos%2F2152814021692844%2F&amp;show_text=0&amp;width=560\" width=\"560\" height=\"450\" style=\"border:none;overflow:hidden\" scrolling=\"no\" frameborder=\"0\" allowtransparency=\"true\" allowfullscreen=\"true\"><\/iframe>[\/et_pb_code][\/et_pb_column][et_pb_column type=\u00bb1_2&#8243; _builder_version=\u00bb4.16&#8243; background_color=\u00bb#ffffff\u00bb global_colors_info=\u00bb{}\u00bb][et_pb_image src=\u00bbhttps:\/\/visitestepona.eu\/wp-content\/uploads\/2019\/11\/Visit-Estepona-panoramaview-hiking-scaled.jpg\u00bb align=\u00bbcenter\u00bb force_fullwidth=\u00bbon\u00bb _builder_version=\u00bb4.27.0&#8243; custom_margin=\u00bb0px||||false|false\u00bb global_colors_info=\u00bb{}\u00bb][\/et_pb_image][et_pb_code _builder_version=\u00bb4.22.2&#8243; _module_preset=\u00bbdefault\u00bb global_colors_info=\u00bb{}\u00bb]<iframe loading=\"lazy\" width=\"560\" height=\"315\" src=\"https:\/\/www.youtube.com\/embed\/G5bm4KJkgFs?si=LcV5Q8br4tU3AvTs\" title=\"Reproductor de v\u00eddeo de YouTube\" frameborder=\"0\" allow=\"accelerometer; autoplay; clipboard-write; encrypted-media; gyroscope; picture-in-picture; web-share\" allowfullscreen=\"\"><\/iframe>[\/et_pb_code][et_pb_text _builder_version=\u00bb4.27.0&#8243; text_font=\u00bb&#8211;et_global_body_font|700||on|||||\u00bb text_text_color=\u00bb#101616&#8243; text_letter_spacing=\u00bb6px\u00bb text_line_height=\u00bb1.6em\u00bb background_color=\u00bb#65AE17&#8243; background_color_gradient_direction=\u00bb90deg\u00bb text_orientation=\u00bbcenter\u00bb custom_margin_tablet=\u00bb||-30px\u00bb custom_margin_phone=\u00bb\u00bb custom_margin_last_edited=\u00bbon|tablet\u00bb custom_padding=\u00bb80px|40px|80px|40px|true|true\u00bb custom_padding_tablet=\u00bb40px||40px||true\u00bb custom_padding_phone=\u00bb\u00bb custom_padding_last_edited=\u00bbon|tablet\u00bb link_option_url=\u00bbhttps:\/\/visitestepona.eu\/es\/visita-estepona-hotspot-mapa-2\/\u00bb box_shadow_style=\u00bbpreset3&#8243; box_shadow_horizontal=\u00bb15px\u00bb box_shadow_vertical=\u00bb46px\u00bb box_shadow_blur=\u00bb64px\u00bb box_shadow_spread=\u00bb-20px\u00bb box_shadow_color=\u00bbrgba(1,4,66,0.44)\u00bb locked=\u00bboff\u00bb global_colors_info=\u00bb{}\u00bb background__hover_enabled=\u00bbon\u00bb background_color__hover=\u00bb#ffb238&#8243; text_text_color__hover=\u00bb#ffffff\u00bb]<\/p>\n<p>Hotspots &amp; Gemas Ocultas<\/p>\n<p>[\/et_pb_text][\/et_pb_column][\/et_pb_row][\/et_pb_section][et_pb_section fb_built=\u00bb1&#8243; fullwidth=\u00bbon\u00bb _builder_version=\u00bb4.22.1&#8243; _module_preset=\u00bbdefault\u00bb global_colors_info=\u00bb{}\u00bb][et_pb_fullwidth_portfolio include_categories=\u00bb78&#8243; show_date=\u00bboff\u00bb zoom_icon_color=\u00bb#FFFFFF\u00bb hover_overlay_color=\u00bbrgba(16,22,22,0.23)\u00bb hover_icon=\u00bb&#xf407;||fa||400&#8243; _builder_version=\u00bb4.22.1&#8243; _module_preset=\u00bbdefault\u00bb portfolio_header_text_color=\u00bb#FFFFFF\u00bb portfolio_header_line_height=\u00bb1.5em\u00bb title_text_color=\u00bb#FFFFFF\u00bb global_colors_info=\u00bb{}\u00bb][\/et_pb_fullwidth_portfolio][\/et_pb_section][et_pb_section fb_built=\u00bb1&#8243; _builder_version=\u00bb4.27.0&#8243; background_color=\u00bb#FFFFFF\u00bb custom_padding=\u00bb3px||2px|||\u00bb global_colors_info=\u00bb{}\u00bb][et_pb_row column_structure=\u00bb1_2,1_2&#8243; _builder_version=\u00bb4.27.0&#8243; max_width=\u00bb1920px\u00bb global_colors_info=\u00bb{}\u00bb][et_pb_column type=\u00bb1_2&#8243; _builder_version=\u00bb4.16&#8243; global_colors_info=\u00bb{}\u00bb][et_pb_code _builder_version=\u00bb4.27.0&#8243; _module_preset=\u00bbdefault\u00bb global_colors_info=\u00bb{}\u00bb]<iframe loading=\"lazy\" src=\"https:\/\/www.facebook.com\/plugins\/video.php?height=314&amp;href=https%3A%2F%2Fwww.facebook.com%2Fjosemaria.garciaurbano%2Fvideos%2F2975447599407865%2F&amp;show_text=false&amp;width=560\" width=\"800px\" height=\"450px\" style=\"border:none;overflow:hidden\" scrolling=\"no\" frameborder=\"0\" allowfullscreen=\"true\" allow=\"autoplay; clipboard-write; encrypted-media; picture-in-picture; web-share\"><\/iframe>[\/et_pb_code][\/et_pb_column][et_pb_column type=\u00bb1_2&#8243; _builder_version=\u00bb4.16&#8243; global_colors_info=\u00bb{}\u00bb][et_pb_code _builder_version=\u00bb4.16&#8243; global_colors_info=\u00bb{}\u00bb]<iframe loading=\"lazy\" title=\"vimeo player\" src=\"https:\/\/player.vimeo.com\/video\/152140196\" width=\"640\" height=\"360\" frameborder=\"0\" allowfullscreen=\"\"><\/iframe>[\/et_pb_code][\/et_pb_column][\/et_pb_row][\/et_pb_section][et_pb_section fb_built=\u00bb1&#8243; admin_label=\u00bbOffers\u00bb _builder_version=\u00bb4.16&#8243; background_color=\u00bb#456091&#8243; global_colors_info=\u00bb{}\u00bb][et_pb_row make_equal=\u00bbon\u00bb _builder_version=\u00bb4.16&#8243; width=\u00bb100%\u00bb module_alignment=\u00bbcenter\u00bb custom_padding=\u00bb27px|0px|0|0px|false|false\u00bb locked=\u00bboff\u00bb global_colors_info=\u00bb{}\u00bb][et_pb_column type=\u00bb4_4&#8243; _builder_version=\u00bb4.16&#8243; background_color=\u00bbrgba(0,0,0,0)\u00bb use_background_color_gradient=\u00bbon\u00bb background_color_gradient_stops=\u00bbrgba(0,0,0,0) 0%|rgba(0,0,0,0) 100%\u00bb background_color_gradient_overlays_image=\u00bbon\u00bb background_color_gradient_start=\u00bbrgba(0,0,0,0)\u00bb background_color_gradient_end=\u00bbrgba(0,0,0,0)\u00bb background_enable_image=\u00bboff\u00bb custom_padding=\u00bb|||\u00bb global_colors_info=\u00bb{}\u00bb custom_padding__hover=\u00bb|||\u00bb][et_pb_cta title=\u00bb\u00bfQu\u00e9 hay que hacer?\u00bb button_url=\u00bbhttps:\/\/visitestepona.eu\/es\/contacto\/\u00bb button_text=\u00bbMant\u00e9ngase informado\u00bb _builder_version=\u00bb4.27.0&#8243; header_font=\u00bbGilda Display||||||||\u00bb header_font_size=\u00bb34px\u00bb header_line_height=\u00bb1.3em\u00bb background_color=\u00bb#d01c65&#8243; background_image=\u00bbhttps:\/\/visitestepona.eu\/wp-content\/uploads\/2019\/12\/IMG_0357.jpeg\u00bb custom_button=\u00bbon\u00bb button_text_size=\u00bb16px\u00bb button_text_color=\u00bb#ffffff\u00bb button_bg_color=\u00bb#c63e59&#8243; button_bg_color_gradient_direction=\u00bb190deg\u00bb button_bg_color_gradient_stops=\u00bbrgba(255,255,255,0) 0%|rgba(255,255,255,0.28) 100%\u00bb button_bg_color_gradient_start=\u00bbrgba(255,255,255,0)\u00bb button_bg_color_gradient_end=\u00bbrgba(255,255,255,0.28)\u00bb button_border_width=\u00bb0px\u00bb button_border_color=\u00bb#FFFFFF\u00bb button_border_radius=\u00bb0px\u00bb button_font=\u00bbSoleil|600|||||||\u00bb button_use_icon=\u00bboff\u00bb custom_padding=\u00bb159px|40px|100px|40px|false|true\u00bb custom_padding_tablet=\u00bb60px|||\u00bb custom_padding_last_edited=\u00bboff|desktop\u00bb link_option_url=\u00bbhttps:\/\/visitestepona.eu\/es\/contacto\/\u00bb header_font_size_tablet=\u00bb26px\u00bb header_font_size_phone=\u00bb\u00bb header_font_size_last_edited=\u00bbon|tablet\u00bb locked=\u00bboff\u00bb global_colors_info=\u00bb{}\u00bb custom_padding__hover=\u00bb70px||90px\u00bb button_text_color__hover=\u00bb#0f87ff\u00bb button_bg_color__hover=\u00bb#ffb238&#8243; button_bg_color__hover_enabled=\u00bbon\u00bb]<\/p>\n<p>Recogemos para usted las mejores salidas y lugares m\u00e1s hermosos. Planificar y visitar Estepona<\/p>\n<p>[\/et_pb_cta][\/et_pb_column][\/et_pb_row][\/et_pb_section][et_pb_section fb_built=\u00bb1&#8243; disabled_on=\u00bboff|off|off\u00bb admin_label=\u00bbRestaurant\u00bb _builder_version=\u00bb4.16&#8243; use_background_color_gradient=\u00bbon\u00bb background_color_gradient_stops=\u00bbrgba(0,0,0,0) 0%|rgba(0,0,0,0.65) 80%\u00bb background_color_gradient_overlays_image=\u00bbon\u00bb background_color_gradient_start=\u00bbrgba(0,0,0,0)\u00bb background_color_gradient_end=\u00bbrgba(0,0,0,0.65)\u00bb background_color_gradient_end_position=\u00bb80%\u00bb background_image=\u00bbhttps:\/\/visitestepona.eu\/wp-content\/uploads\/2019\/10\/travel-blog-13.jpg\u00bb custom_padding=\u00bb|0px|0|0px|false|false\u00bb global_colors_info=\u00bb{}\u00bb background_color_gradient_start__hover=\u00bb#2b87da\u00bb background_color_gradient_start__hover_enabled=\u00bb#2b87da\u00bb background_color_gradient_end__hover=\u00bb#29c4a9&#8243; background_color_gradient_end__hover_enabled=\u00bb#29c4a9&#8243; use_background_color_gradient__hover=\u00bboff\u00bb use_background_color_gradient__hover_enabled=\u00bboff\u00bb background_color_gradient_type__hover=\u00bblinear\u00bb background_color_gradient_type__hover_enabled=\u00bblinear\u00bb background_color_gradient_direction__hover=\u00bb180deg\u00bb background_color_gradient_direction__hover_enabled=\u00bb180deg\u00bb background_color_gradient_direction_radial__hover=\u00bbcenter\u00bb background_color_gradient_direction_radial__hover_enabled=\u00bbcenter\u00bb background_color_gradient_start_position__hover=\u00bb0%\u00bb background_color_gradient_start_position__hover_enabled=\u00bb0%\u00bb background_color_gradient_end_position__hover=\u00bb100%\u00bb background_color_gradient_end_position__hover_enabled=\u00bb100%\u00bb background_color_gradient_overlays_image__hover=\u00bboff\u00bb background_color_gradient_overlays_image__hover_enabled=\u00bboff\u00bb background_color_gradient_stops__hover=\u00bb#2b87da 0%|#29c4a9 100%\u00bb][et_pb_row _builder_version=\u00bb4.16&#8243; global_colors_info=\u00bb{}\u00bb][et_pb_column type=\u00bb4_4&#8243; _builder_version=\u00bb4.16&#8243; custom_padding=\u00bb|||\u00bb global_colors_info=\u00bb{}\u00bb custom_padding__hover=\u00bb|||\u00bb][et_pb_text _builder_version=\u00bb4.27.0&#8243; text_font=\u00bb||||||||\u00bb text_line_height=\u00bb2em\u00bb link_font=\u00bb|700|||||||\u00bb link_text_color=\u00bb#FFFFFF\u00bb header_font=\u00bb||||||||\u00bb header_2_font=\u00bbGilda Display||||||||\u00bb header_2_font_size=\u00bb90px\u00bb header_2_line_height=\u00bb1.3em\u00bb header_3_font=\u00bb|700||on|||||\u00bb header_3_font_size=\u00bb16px\u00bb header_3_letter_spacing=\u00bb6px\u00bb header_3_line_height=\u00bb1.6em\u00bb text_orientation=\u00bbcenter\u00bb background_layout=\u00bbdark\u00bb max_width=\u00bb700px\u00bb module_alignment=\u00bbcenter\u00bb custom_margin=\u00bb8vw||8vw||true\u00bb link_option_url=\u00bbhttps:\/\/visitestepona.eu\/es\/tag\/restaurantes-y-bares\/\u00bb header_2_font_size_tablet=\u00bb40px\u00bb header_2_font_size_phone=\u00bb30px\u00bb header_2_font_size_last_edited=\u00bbon|phone\u00bb locked=\u00bboff\u00bb global_colors_info=\u00bb{}\u00bb header_3_font_size__hover=\u00bb22px\u00bb header_3_font_size__hover_enabled=\u00bb22px\u00bb header_3_letter_spacing__hover=\u00bb0px\u00bb header_3_letter_spacing__hover_enabled=\u00bb0px\u00bb header_3_line_height__hover=\u00bb1em\u00bb header_3_line_height__hover_enabled=\u00bb1em\u00bb header_3_text_shadow_style__hover=\u00bbnone\u00bb header_3_text_shadow_style__hover_enabled=\u00bbnone\u00bb header_3_text_shadow_color__hover=\u00bbrgba(0,0,0,0.4)\u00bb header_3_text_shadow_color__hover_enabled=\u00bbrgba(0,0,0,0.4)\u00bb header_font_size__hover=\u00bb30px\u00bb header_font_size__hover_enabled=\u00bb30px\u00bb header_letter_spacing__hover=\u00bb0px\u00bb header_letter_spacing__hover_enabled=\u00bb0px\u00bb header_text_shadow_style__hover=\u00bbnone\u00bb header_text_shadow_style__hover_enabled=\u00bbnone\u00bb header_text_shadow_color__hover=\u00bbrgba(0,0,0,0.4)\u00bb header_text_shadow_color__hover_enabled=\u00bbrgba(0,0,0,0.4)\u00bb]<\/p>\n<h3>Restaurantes y bares<\/h3>\n<h2>Deleite espa\u00f1ol<\/h2>\n<p>Conoce los <a href=\"https:\/\/visitestepona.eu\/es\/tag\/restaurantes-y-bares\/\">restaurantes<\/a> locales. bares de tapas y <a href=\"https:\/\/visitestepona.eu\/es\/tag\/chiringuitos-es\/\" title=\"Chringuitos Estepona\">chringuitos<\/a>. \u00a1Disfrutar!<\/p>\n<p>[\/et_pb_text][\/et_pb_column][\/et_pb_row][\/et_pb_section][et_pb_section fb_built=\u00bb1&#8243; _builder_version=\u00bb4.16&#8243; background_image=\u00bbhttps:\/\/visitestepona.eu\/wp-content\/uploads\/2019\/11\/VisitEstepona.eu-1.jpg\u00bb global_colors_info=\u00bb{}\u00bb][et_pb_row _builder_version=\u00bb4.27.0&#8243; background_color=\u00bbRGBA(255,255,255,0)\u00bb global_colors_info=\u00bb{}\u00bb][et_pb_column type=\u00bb4_4&#8243; _builder_version=\u00bb4.16&#8243; global_colors_info=\u00bb{}\u00bb][et_pb_post_slider include_categories=\u00bb28,21,20,1,17,31,85&#8243; excerpt_length=\u00bb400&#8243; show_meta=\u00bboff\u00bb image_placement=\u00bbleft\u00bb use_bg_overlay=\u00bboff\u00bb use_text_overlay=\u00bboff\u00bb show_content_on_mobile=\u00bboff\u00bb show_image_video_mobile=\u00bbon\u00bb arrows_custom_color=\u00bb#ffffff\u00bb dot_nav_custom_color=\u00bb#101616&#8243; _builder_version=\u00bb4.27.4&#8243; header_font=\u00bbSoleil Book||||||||\u00bb header_text_align=\u00bbleft\u00bb header_text_color=\u00bb#ffffff\u00bb header_font_size=\u00bb26px\u00bb header_line_height=\u00bb1.5em\u00bb body_font=\u00bbSoleil||||||||\u00bb body_text_align=\u00bbleft\u00bb body_text_color=\u00bb#ffffff\u00bb meta_text_color=\u00bb#ffffff\u00bb meta_font_size=\u00bb12px\u00bb meta_line_height=\u00bb1.3em\u00bb background_color=\u00bbrgba(69,96,145,0.5)\u00bb custom_button=\u00bbon\u00bb button_text_size=\u00bb16px\u00bb button_text_color=\u00bb#456091&#8243; button_bg_color=\u00bb#FFFFFF\u00bb button_border_width=\u00bb1px\u00bb button_border_color=\u00bb#FFFFFF\u00bb button_border_radius=\u00bb2px\u00bb button_font=\u00bbSoleil Book||||||||\u00bb text_orientation=\u00bbleft\u00bb custom_padding=\u00bb5%||5%||true|false\u00bb hover_enabled=\u00bb0&#8243; box_shadow_style_image=\u00bbpreset2&#8243; global_colors_info=\u00bb{}\u00bb button_bg_color__hover_enabled=\u00bbon|hover\u00bb button_bg_color__hover=\u00bb#c63e59&#8243; button_bg_enable_color__hover=\u00bbon\u00bb button_border_color__hover_enabled=\u00bbon|hover\u00bb button_border_color__hover=\u00bb#c63e59&#8243; sticky_enabled=\u00bb0&#8243;][\/et_pb_post_slider][\/et_pb_column][\/et_pb_row][\/et_pb_section][et_pb_section fb_built=\u00bb1&#8243; _builder_version=\u00bb4.16&#8243; background_color=\u00bb#ffffff\u00bb custom_padding=\u00bb||4px|||\u00bb global_colors_info=\u00bb{}\u00bb][et_pb_row _builder_version=\u00bb4.16&#8243; global_colors_info=\u00bb{}\u00bb][et_pb_column type=\u00bb4_4&#8243; _builder_version=\u00bb4.16&#8243; global_colors_info=\u00bb{}\u00bb][et_pb_text _builder_version=\u00bb4.27.0&#8243; text_font=\u00bbSoleil||||||||\u00bb header_font=\u00bbSoleil Book||||||||\u00bb global_colors_info=\u00bb{}\u00bb]<\/p>\n<h2>Sobre Estepona<\/h2>\n<p>Estepona se encuentra en un valle f\u00e9rtil al pie de las monta\u00f1as del Bermejo. Este lugar tiene alrededor de 325 d\u00edas de sol por a\u00f1o, significativamente por encima de la media de la regi\u00f3n. Estepona es conocido como el jard\u00edn de la Costa del Sol por una raz\u00f3n. Ya se puede ver en la 1a rotonda, una opulencia de jazm\u00edn y azahar, parques y rutas de senderismo verdes llenas de flores y palmeras. Encantadoras plazas y plazas llenas de naranjos. La fertilidad se debe en gran parte a la posici\u00f3n \u00fanica en medio de un valle donde innumerables arroyos fluyen desde la Sierra Bermeja. Estepona, con una historia del siglo IV. Destruido y reconstruido varias veces.<\/p>\n<p>M\u00e1s de 21 kil\u00f3metros de playa de arena blanca que es m\u00e1s limpia, tranquila y generalmente m\u00e1s fina que las playas del gran vecino de Marbella, un puerto deportivo de placer pero tambi\u00e9n un verdadero puerto pesquero. Los pescadores todav\u00eda navegan todos los d\u00edas y venden su pesca aqu\u00ed, durante el d\u00eda los encontrar\u00e1 en las caba\u00f1as de los pescadores donde atan las redes. El caracter\u00edstico casco antiguo &#8211; el marco antiguo \/ Estepona Casco Antiguo &#8211; con casas cuidadosamente encaladas, deuda de pared y sobre todo un ambiente simp\u00e1tico, espa\u00f1ol, aut\u00e9ntico. Estepona est\u00e1 libre de los efectos adversos que han desplazado a las costas espa\u00f1olas espa\u00f1olas. En cambio, ha permanecido como un pueblo andaluz abundante que duerme tranquilamente al sol espa\u00f1ol. Debido a su ubicaci\u00f3n \u00fanica en el valle con el refugio de una verdadera cordillera de hasta casi 1500 metros, Estepona tiene su propio microclima especial. Es m\u00e1s verde y soleado que en otros lugares de la Costa del Sol.<\/p>\n<p>La ciudad lo tiene todo, senderismo en las monta\u00f1as, arte y cultura, arquitectura, gastronom\u00eda. Una serie de calles comerciales donde hay algo especial para encontrar. Apenas grandes cadenas, pero bares de tapas y terrazas se entremezclan con buena moda, deliciosa pasteler\u00eda, fruteria&#8217;s o joyeros vegetales. No deje de visitar el acogedor mercado del Puerto de Estepona el domingo por la ma\u00f1ana y el emblem\u00e1tico campanario, el edificio eclesi\u00e1stico m\u00e1s antiguo de la Costa del Sol.<\/p>\n<p>[\/et_pb_text][et_pb_button button_url=\u00bbhttps:\/\/visitestepona.eu\/wp-content\/uploads\/2019\/12\/guia-turistica-2019.pdf\u00bb button_text=\u00bbDescargar Folleto Estepona (PDF)\u00bb button_alignment=\u00bbcenter\u00bb _builder_version=\u00bb4.27.0&#8243; custom_button=\u00bbon\u00bb button_font=\u00bbSoleil Book||||||||\u00bb global_colors_info=\u00bb{}\u00bb][\/et_pb_button][\/et_pb_column][\/et_pb_row][\/et_pb_section][et_pb_section fb_built=\u00bb1&#8243; fullwidth=\u00bbon\u00bb disabled_on=\u00bboff|off|off\u00bb _builder_version=\u00bb4.16&#8243; background_color=\u00bb#c63e59&#8243; background_enable_image=\u00bboff\u00bb global_colors_info=\u00bb{}\u00bb][\/et_pb_section]<\/p>\n","protected":false},"excerpt":{"rendered":"<p>En la Costa del Sol, Estepona sin duda ganar\u00eda el premio cuando se trata de \u00abla verdadera Espa\u00f1a\u00bb y \u00abla ciudad m\u00e1s atractiva\u00bb. Una ciudad costera espa\u00f1ola animada pero al mismo tiempo tranquila que tiene mucho que ofrecer, pero tambi\u00e9n est\u00e1 cerca de todo.<\/p>\n","protected":false},"author":1,"featured_media":2460,"parent":0,"menu_order":60,"comment_status":"closed","ping_status":"closed","template":"","meta":{"_acf_changed":false,"_et_pb_use_builder":"on","_et_pb_old_content":"","_et_gb_content_width":"","footnotes":""},"class_list":["post-1584","page","type-page","status-publish","has-post-thumbnail","hentry"],"acf":[],"_links":{"self":[{"href":"https:\/\/visitestepona.eu\/es\/wp-json\/wp\/v2\/pages\/1584","targetHints":{"allow":["GET"]}}],"collection":[{"href":"https:\/\/visitestepona.eu\/es\/wp-json\/wp\/v2\/pages"}],"about":[{"href":"https:\/\/visitestepona.eu\/es\/wp-json\/wp\/v2\/types\/page"}],"author":[{"embeddable":true,"href":"https:\/\/visitestepona.eu\/es\/wp-json\/wp\/v2\/users\/1"}],"replies":[{"embeddable":true,"href":"https:\/\/visitestepona.eu\/es\/wp-json\/wp\/v2\/comments?post=1584"}],"version-history":[{"count":3,"href":"https:\/\/visitestepona.eu\/es\/wp-json\/wp\/v2\/pages\/1584\/revisions"}],"predecessor-version":[{"id":228350,"href":"https:\/\/visitestepona.eu\/es\/wp-json\/wp\/v2\/pages\/1584\/revisions\/228350"}],"wp:featuredmedia":[{"embeddable":true,"href":"https:\/\/visitestepona.eu\/es\/wp-json\/wp\/v2\/media\/2460"}],"wp:attachment":[{"href":"https:\/\/visitestepona.eu\/es\/wp-json\/wp\/v2\/media?parent=1584"}],"curies":[{"name":"wp","href":"https:\/\/api.w.org\/{rel}","templated":true}]}}