{"id":8726,"date":"2023-09-29T05:59:53","date_gmt":"2023-09-29T05:59:53","guid":{"rendered":"https:\/\/visitestepona.eu\/estepona-tipps-hinzufuegen\/"},"modified":"2024-08-30T09:00:11","modified_gmt":"2024-08-30T09:00:11","slug":"estepona-tipps-hinzufuegen","status":"publish","type":"page","link":"https:\/\/visitestepona.eu\/de\/estepona-tipps-hinzufuegen\/","title":{"rendered":"Estepona-Tipps hinzuf\u00fcgen"},"content":{"rendered":"\n<h2 class=\"wp-block-heading\">Tippen Sie hier Ihre Lieblings-Hotspots f\u00fcr Estepona!<\/h2>\n\n<div class=\"wp-block-columns is-layout-flex wp-container-core-columns-is-layout-9d6595d7 wp-block-columns-is-layout-flex\">\n<div class=\"wp-block-column is-layout-flow wp-block-column-is-layout-flow\">\n<p>Wir freuen uns, die h\u00e4ufig nachgefragten Tipps f\u00fcr alle, die Estepona besuchen, zusammenzustellen. Stellen Sie sicher, dass Sie mindestens Folgendes angeben:<\/p>\n\n\n\n<p><\/p>\n\n\n\n<ul class=\"wp-block-list\">\n<li>1 Hauptfoto zum Beitrag<\/li>\n\n\n\n<li>Wochentag und wann in der Saison <br\/>(z. B. jeden Freitag von Juni bis September 2024);<\/li>\n\n\n\n<li>f\u00fcr einmalige Veranstaltungen: Tag, Jahr und Uhrzeit.<br\/>(z.B. Weihnachtsessen am 24. Dezember 2023 um 20.00 Uhr)<\/li>\n\n\n\n<li>Standort \/ Adresse <\/li>\n\n\n\n<li>Wie kann ich eine Reservierung vornehmen: Link, Telefonnummer?<\/li>\n\n\n\n<li>Es ist sinnvoll, einen Link einzuf\u00fcgen, \u00fcber den die G\u00e4ste alle weiteren Informationen finden.<\/li>\n<\/ul>\n<\/div>\n\n\n\n<div class=\"wp-block-column is-layout-flow wp-block-column-is-layout-flow\">\n<p><strong>Jede Woche sehen wir viele der gleichen Fragen:<\/strong><\/p>\n\n\n\n<p>Wo und wann gibt es Live-Musik in der Umgebung von Estepona?<br\/>Welche Restaurants haben an Weihnachten ge\u00f6ffnet?<\/p>\n\n\n\n<p>Um allen einen sch\u00f6nen kostenlosen \u00dcberblick zu bieten, haben wir auch Tags auf VisitEstepona.eu erstellt sowie eine Option f\u00fcr Sie, Ihre eigenen Tipps einzusenden.<br\/>Sie k\u00f6nnen sich als Gast oder Tippgeber bewerben, aber auch, wenn Sie einen Strandclub, ein Restaurant oder eine andere Organisation besitzen.<\/p>\n<\/div>\n<\/div>\n\n<p><br\/><\/p>\n\n<p><\/p>\n<script type=\"text\/javascript\">\n\/* <![CDATA[ *\/\nvar gform;gform||(document.addEventListener(\"gform_main_scripts_loaded\",function(){gform.scriptsLoaded=!0}),document.addEventListener(\"gform\/theme\/scripts_loaded\",function(){gform.themeScriptsLoaded=!0}),window.addEventListener(\"DOMContentLoaded\",function(){gform.domLoaded=!0}),gform={domLoaded:!1,scriptsLoaded:!1,themeScriptsLoaded:!1,isFormEditor:()=>\"function\"==typeof InitializeEditor,callIfLoaded:function(o){return!(!gform.domLoaded||!gform.scriptsLoaded||!gform.themeScriptsLoaded&&!gform.isFormEditor()||(gform.isFormEditor()&&console.warn(\"The use of gform.initializeOnLoaded() is deprecated in the form editor context and will be removed in Gravity Forms 3.1.\"),o(),0))},initializeOnLoaded:function(o){gform.callIfLoaded(o)||(document.addEventListener(\"gform_main_scripts_loaded\",()=>{gform.scriptsLoaded=!0,gform.callIfLoaded(o)}),document.addEventListener(\"gform\/theme\/scripts_loaded\",()=>{gform.themeScriptsLoaded=!0,gform.callIfLoaded(o)}),window.addEventListener(\"DOMContentLoaded\",()=>{gform.domLoaded=!0,gform.callIfLoaded(o)}))},hooks:{action:{},filter:{}},addAction:function(o,r,e,t){gform.addHook(\"action\",o,r,e,t)},addFilter:function(o,r,e,t){gform.addHook(\"filter\",o,r,e,t)},doAction:function(o){gform.doHook(\"action\",o,arguments)},applyFilters:function(o){return gform.doHook(\"filter\",o,arguments)},removeAction:function(o,r){gform.removeHook(\"action\",o,r)},removeFilter:function(o,r,e){gform.removeHook(\"filter\",o,r,e)},addHook:function(o,r,e,t,n){null==gform.hooks[o][r]&&(gform.hooks[o][r]=[]);var d=gform.hooks[o][r];null==n&&(n=r+\"_\"+d.length),gform.hooks[o][r].push({tag:n,callable:e,priority:t=null==t?10:t})},doHook:function(r,o,e){var t;if(e=Array.prototype.slice.call(e,1),null!=gform.hooks[r][o]&&((o=gform.hooks[r][o]).sort(function(o,r){return o.priority-r.priority}),o.forEach(function(o){\"function\"!=typeof(t=o.callable)&&(t=window[t]),\"action\"==r?t.apply(null,e):e[0]=t.apply(null,e)})),\"filter\"==r)return e[0]},removeHook:function(o,r,t,n){var e;null!=gform.hooks[o][r]&&(e=(e=gform.hooks[o][r]).filter(function(o,r,e){return!!(null!=n&&n!=o.tag||null!=t&&t!=o.priority)}),gform.hooks[o][r]=e)}});\n\/* ]]> *\/\n<\/script>\n\n                <div class='gf_browser_gecko gform_wrapper gravity-theme gform-theme--no-framework' data-form-theme='gravity-theme' data-form-index='0' id='gform_wrapper_4' ><form method='post' enctype='multipart\/form-data'  id='gform_4'  action='\/de\/wp-json\/wp\/v2\/pages\/8726' data-formid='4' novalidate>\n                        <div class='gform-body gform_body'><div id='gform_fields_4' class='gform_fields top_label form_sublabel_below description_below validation_below'><div id=\"field_4_8\" class=\"gfield gfield--type-honeypot gform_validation_container field_sublabel_below gfield--has-description field_description_below field_validation_below gfield_visibility_visible\"  ><label class='gfield_label gform-field-label' for='input_4_8'>URL<\/label><div class='ginput_container'><input name='input_8' id='input_4_8' type='text' value='' autocomplete='new-password'\/><\/div><div class='gfield_description' id='gfield_description_4_8'>Dieses Feld dient zur Validierung und sollte nicht ver\u00e4ndert werden.<\/div><\/div><fieldset id=\"field_4_7\" class=\"gfield gfield--type-name gfield--width-full field_sublabel_below gfield--no-description field_description_below field_validation_below gfield_visibility_visible\"  ><legend class='gfield_label gform-field-label gfield_label_before_complex' >Name &#8211; Nombre<\/legend><div class='ginput_complex ginput_container ginput_container--name no_prefix has_first_name no_middle_name no_last_name no_suffix gf_name_has_1 ginput_container_name gform-grid-row' id='input_4_7'>\n                            \n                            <span id='input_4_7_3_container' class='name_first gform-grid-col gform-grid-col--size-auto' >\n                                                    <input type='text' name='input_7.3' id='input_4_7_3' value=''   aria-required='false'     \/>\n                                                    <label for='input_4_7_3' class='gform-field-label gform-field-label--type-sub '>First name<\/label>\n                                                <\/span>\n                            \n                            \n                            \n                        <\/div><\/fieldset><div id=\"field_4_6\" class=\"gfield gfield--type-email gfield--width-full field_sublabel_below gfield--no-description field_description_below field_validation_below gfield_visibility_visible\"  ><label class='gfield_label gform-field-label' for='input_4_6'>E-mail<\/label><div class='ginput_container ginput_container_email'>\n                            <input name='input_6' id='input_4_6' type='email' value='' class='large'     aria-invalid=\"false\"  \/>\n                        <\/div><\/div><div id=\"field_4_1\" class=\"gfield gfield--type-post_title field_sublabel_below gfield--has-description field_description_below field_validation_below gfield_visibility_visible\"  ><label class='gfield_label gform-field-label' for='input_4_1'>Titel &#8211; Title<\/label><div class='ginput_container ginput_container_post_title'>\n\t\t\t\t\t<input name='input_1' id='input_4_1' type='text' value='' class='large'    aria-invalid=\"false\" aria-describedby=\"gfield_description_4_1\" \/>\n\t\t\t\t<\/div><div class='gfield_description' id='gfield_description_4_1'>Short title <\/div><\/div><fieldset id=\"field_4_5\" class=\"gfield gfield--type-post_image gfield--width-full field_sublabel_below gfield--no-description field_description_below field_validation_below gfield_visibility_visible\"  ><legend class='gfield_label gform-field-label' >Afbeelding &#8211; Image<\/legend><div class='ginput_complex ginput_container ginput_container_post_image gform-grid-row'><span class='ginput_full gform-grid-col'><input name='input_5' id='input_4_5' type='file' class='large'   aria-invalid=\"false\" aria-describedby=\"extensions_message_4_5\" \/><span id='extensions_message_4_5' class='gfield_description gform_fileupload_rules'>Akzeptierte Datentypen: jpg, jpeg, png, gif.<\/span><\/span><\/div><\/fieldset><div id=\"field_4_4\" class=\"gfield gfield--type-post_category gfield--input-type-select gfield--width-full gfield_contains_required field_sublabel_below gfield--no-description field_description_below field_validation_below gfield_visibility_visible\"  ><label class='gfield_label gform-field-label' for='input_4_4'>Category<span class=\"gfield_required\"><span class=\"gfield_required gfield_required_text\">(erforderlich)<\/span><\/span><\/label><div class='ginput_container ginput_container_select'><select name='input_4' id='input_4_4' class='large gfield_select'    aria-required=\"true\" aria-invalid=\"false\" ><option value='143' >Natur<\/option><option value='132' >Andalusien<\/option><option value='89' >Estepona Hotspots<\/option><option value='73' >Flora &amp; Fauna, Natur<\/option><option value='68' >Kaufen in Estepona<\/option><option value='69' >Gastblog<\/option><option value='61' >Wandern in Estepona<\/option><option value='59' >Party-Festivals Veranstaltungen<\/option><option value='57' >Reise-Transport<\/option><option value='52' >Golf in Estepona<\/option><option value='45' selected='selected'>Unkategorisiert<\/option><\/select><\/div><\/div><fieldset id=\"field_4_3\" class=\"gfield gfield--type-post_tags gfield--type-choice gfield--input-type-checkbox gfield--width-full field_sublabel_below gfield--no-description field_description_below field_validation_below gfield_visibility_visible\"  ><legend class='gfield_label gform-field-label gfield_label_before_complex' >Tags<\/legend><div class='ginput_container ginput_container_checkbox'><div class='gfield_checkbox ' id='input_4_3'><div class='gchoice gchoice_4_3_1'>\n\t\t\t\t\t\t\t\t<input class='gfield-choice-input' name='input_3.1' type='checkbox'  value='Chiringuitos'  id='choice_4_3_1'   \/>\n\t\t\t\t\t\t\t\t<label for='choice_4_3_1' id='label_4_3_1' class='gform-field-label gform-field-label--type-inline'>Chiringuitos<\/label>\n\t\t\t\t\t\t\t<\/div><div class='gchoice gchoice_4_3_2'>\n\t\t\t\t\t\t\t\t<input class='gfield-choice-input' name='input_3.2' type='checkbox'  value='Christmas 2023'  id='choice_4_3_2'   \/>\n\t\t\t\t\t\t\t\t<label for='choice_4_3_2' id='label_4_3_2' class='gform-field-label gform-field-label--type-inline'>Christmas 2023<\/label>\n\t\t\t\t\t\t\t<\/div><div class='gchoice gchoice_4_3_3'>\n\t\t\t\t\t\t\t\t<input class='gfield-choice-input' name='input_3.3' type='checkbox'  value='Live Music in and around Estepona'  id='choice_4_3_3'   \/>\n\t\t\t\t\t\t\t\t<label for='choice_4_3_3' id='label_4_3_3' class='gform-field-label gform-field-label--type-inline'>Live Music in and around Estepona<\/label>\n\t\t\t\t\t\t\t<\/div><div class='gchoice gchoice_4_3_4'>\n\t\t\t\t\t\t\t\t<input class='gfield-choice-input' name='input_3.4' type='checkbox'  value='Restaurants &amp; Bars'  id='choice_4_3_4'   \/>\n\t\t\t\t\t\t\t\t<label for='choice_4_3_4' id='label_4_3_4' class='gform-field-label gform-field-label--type-inline'>Restaurants &amp; Bars<\/label>\n\t\t\t\t\t\t\t<\/div><div class='gchoice gchoice_4_3_5'>\n\t\t\t\t\t\t\t\t<input class='gfield-choice-input' name='input_3.5' type='checkbox'  value='Outdoor (Sports &amp; Nature)'  id='choice_4_3_5'   \/>\n\t\t\t\t\t\t\t\t<label for='choice_4_3_5' id='label_4_3_5' class='gform-field-label gform-field-label--type-inline'>Outdoor (Sports &amp; Nature)<\/label>\n\t\t\t\t\t\t\t<\/div><\/div><\/div><\/fieldset><div id=\"field_4_2\" class=\"gfield gfield--type-post_content gfield--width-full field_sublabel_below gfield--no-description field_description_below field_validation_below gfield_visibility_visible\"  ><label class='gfield_label gform-field-label' for='input_4_2'>Text<\/label><div class='ginput_container ginput_container_textarea'><textarea name='input_2' id='input_4_2' class='textarea large'      aria-invalid=\"false\"   rows='10' cols='50'><\/textarea><\/div><\/div><\/div><\/div>\n        <div class='gform-footer gform_footer top_label'> <!DOCTYPE html PUBLIC \"-\/\/W3C\/\/DTD HTML 4.0 Transitional\/\/EN\" \"http:\/\/www.w3.org\/TR\/REC-html40\/loose.dtd\">\n<html><body><button type=\"submit\" id=\"gform_submit_button_4\" class=\"dcgd_submit_button et_pb_contact_submit et_pb_button gform_button button\" onclick=\"gform.submission.handleButtonClick(this);\" data-submission-type=\"submit\" style=\"margin:auto\"><\/body><\/html>\n<span>Absenden<\/span><\/button> \n            <input type='hidden' class='gform_hidden' name='gform_submission_method' data-js='gform_submission_method_4' value='postback' \/>\n            <input type='hidden' class='gform_hidden' name='gform_theme' data-js='gform_theme_4' id='gform_theme_4' value='gravity-theme' \/>\n            <input type='hidden' class='gform_hidden' name='gform_style_settings' data-js='gform_style_settings_4' id='gform_style_settings_4' value='{&quot;inputPrimaryColor&quot;:&quot;#204ce5&quot;}' \/>\n            <input type='hidden' class='gform_hidden' name='is_submit_4' value='1' \/>\n            <input type='hidden' class='gform_hidden' name='gform_submit' value='4' \/>\n            \n            <input type='hidden' class='gform_hidden' name='gform_currency' data-currency='EUR' value='68AnDc6T4Cn\/lMthNosjG8R0ICxhR6BUlGAHdlVPyiuxkkMQm47kHv07CzOJ34LrXx1dzpTwm5fu5jubbRyzv6a+2WUIfd76eF3Nt84LG0w61Qk=' \/>\n            <input type='hidden' class='gform_hidden' name='gform_unique_id' value='' \/>\n            <input type='hidden' class='gform_hidden' name='state_4' value='WyJ7XCIzLjFcIjpcIjkyYTcyMGY1MmM0YTdiY2ViNDE5MTA3ZDM3MGY5MzhmXCIsXCIzLjJcIjpcImY4NWMyZTFmNDAyMTI5NmI2NTI2NWI5ZDMwYTlkMGRhXCIsXCIzLjNcIjpcIjExNDAwYTU3ZmM0NWUyNzMzNmVmNjgzNjQ5MWRjZDI0XCIsXCIzLjRcIjpcIjEwOTVlZDViMDM2NGUxZjczM2M2ZmIyYjMyNjhiMGQ0XCIsXCIzLjVcIjpcIjZmYTdmYmFlMjU0YjIyMzI1OWIzNjczYTM2MWM3NzdkXCJ9IiwiOGVkNzY3YTY2OGY0ZWQxYTJmNTRjNmQ2MjJiZjQzOGIiXQ==' \/>\n            <input type='hidden' autocomplete='off' class='gform_hidden' name='gform_target_page_number_4' id='gform_target_page_number_4' value='0' \/>\n            <input type='hidden' autocomplete='off' class='gform_hidden' name='gform_source_page_number_4' id='gform_source_page_number_4' value='1' \/>\n            <input type='hidden' name='gform_field_values' value='' \/>\n            \n        <\/div>\n                        <\/form>\n                        <\/div><script type=\"text\/javascript\">\n\/* <![CDATA[ *\/\n gform.initializeOnLoaded( function() {gformInitSpinner( 4, 'https:\/\/visitestepona.eu\/wp-content\/plugins\/gravityforms\/images\/spinner.svg', true );jQuery('#gform_ajax_frame_4').on('load',function(){var contents = jQuery(this).contents().find('*').html();var is_postback = contents.indexOf('GF_AJAX_POSTBACK') >= 0;if(!is_postback){return;}var form_content = jQuery(this).contents().find('#gform_wrapper_4');var is_confirmation = jQuery(this).contents().find('#gform_confirmation_wrapper_4').length > 0;var is_redirect = contents.indexOf('gformRedirect(){') >= 0;var is_form = form_content.length > 0 && ! is_redirect && ! is_confirmation;var mt = parseInt(jQuery('html').css('margin-top'), 10) + parseInt(jQuery('body').css('margin-top'), 10) + 100;if(is_form){jQuery('#gform_wrapper_4').html(form_content.html());if(form_content.hasClass('gform_validation_error')){jQuery('#gform_wrapper_4').addClass('gform_validation_error');} else {jQuery('#gform_wrapper_4').removeClass('gform_validation_error');}setTimeout( function() { \/* delay the scroll by 50 milliseconds to fix a bug in chrome *\/  }, 50 );if(window['gformInitDatepicker']) {gformInitDatepicker();}if(window['gformInitPriceFields']) {gformInitPriceFields();}var current_page = jQuery('#gform_source_page_number_4').val();gformInitSpinner( 4, 'https:\/\/visitestepona.eu\/wp-content\/plugins\/gravityforms\/images\/spinner.svg', true );jQuery(document).trigger('gform_page_loaded', [4, current_page]);window['gf_submitting_4'] = false;}else if(!is_redirect){var confirmation_content = jQuery(this).contents().find('.GF_AJAX_POSTBACK').html();if(!confirmation_content){confirmation_content = contents;}jQuery('#gform_wrapper_4').replaceWith(confirmation_content);jQuery(document).trigger('gform_confirmation_loaded', [4]);window['gf_submitting_4'] = false;wp.a11y.speak(jQuery('#gform_confirmation_message_4').text());}else{jQuery('#gform_4').append(contents);if(window['gformRedirect']) {gformRedirect();}}jQuery(document).trigger(\"gform_pre_post_render\", [{ formId: \"4\", currentPage: \"current_page\", abort: function() { this.preventDefault(); } }]);        if (event && event.defaultPrevented) {                return;        }        const gformWrapperDiv = document.getElementById( \"gform_wrapper_4\" );        if ( gformWrapperDiv ) {            const visibilitySpan = document.createElement( \"span\" );            visibilitySpan.id = \"gform_visibility_test_4\";            gformWrapperDiv.insertAdjacentElement( \"afterend\", visibilitySpan );        }        const visibilityTestDiv = document.getElementById( \"gform_visibility_test_4\" );        let postRenderFired = false;        function triggerPostRender() {            if ( postRenderFired ) {                return;            }            postRenderFired = true;            gform.core.triggerPostRenderEvents( 4, current_page );            if ( visibilityTestDiv ) {                visibilityTestDiv.parentNode.removeChild( visibilityTestDiv );            }        }        function debounce( func, wait, immediate ) {            var timeout;            return function() {                var context = this, args = arguments;                var later = function() {                    timeout = null;                    if ( !immediate ) func.apply( context, args );                };                var callNow = immediate && !timeout;                clearTimeout( timeout );                timeout = setTimeout( later, wait );                if ( callNow ) func.apply( context, args );            };        }        const debouncedTriggerPostRender = debounce( function() {            triggerPostRender();        }, 200 );        if ( visibilityTestDiv && visibilityTestDiv.offsetParent === null ) {            const observer = new MutationObserver( ( mutations ) => {                mutations.forEach( ( mutation ) => {                    if ( mutation.type === 'attributes' && visibilityTestDiv.offsetParent !== null ) {                        debouncedTriggerPostRender();                        observer.disconnect();                    }                });            });            observer.observe( document.body, {                attributes: true,                childList: false,                subtree: true,                attributeFilter: [ 'style', 'class' ],            });        } else {            triggerPostRender();        }    } );} ); \n\/* ]]> *\/\n<\/script>\n\n<p><\/p>\n\n<div class=\"wp-block-columns is-layout-flex wp-container-core-columns-is-layout-9d6595d7 wp-block-columns-is-layout-flex\"><\/div>\n\n<div class=\"wp-block-columns is-layout-flex wp-container-core-columns-is-layout-9d6595d7 wp-block-columns-is-layout-flex\"><\/div>\n","protected":false},"excerpt":{"rendered":"<p>Hast du Tipps f\u00fcr Estepona? F\u00fcgen Sie sie zu VistiEstepona hinzu!<\/p>\n","protected":false},"author":1,"featured_media":3387,"parent":0,"menu_order":7,"comment_status":"closed","ping_status":"closed","template":"","meta":{"_acf_changed":false,"_et_pb_use_builder":"off","_et_pb_old_content":"","_et_gb_content_width":"","footnotes":""},"class_list":["post-8726","page","type-page","status-publish","has-post-thumbnail","hentry"],"acf":[],"_links":{"self":[{"href":"https:\/\/visitestepona.eu\/de\/wp-json\/wp\/v2\/pages\/8726","targetHints":{"allow":["GET"]}}],"collection":[{"href":"https:\/\/visitestepona.eu\/de\/wp-json\/wp\/v2\/pages"}],"about":[{"href":"https:\/\/visitestepona.eu\/de\/wp-json\/wp\/v2\/types\/page"}],"author":[{"embeddable":true,"href":"https:\/\/visitestepona.eu\/de\/wp-json\/wp\/v2\/users\/1"}],"replies":[{"embeddable":true,"href":"https:\/\/visitestepona.eu\/de\/wp-json\/wp\/v2\/comments?post=8726"}],"version-history":[{"count":2,"href":"https:\/\/visitestepona.eu\/de\/wp-json\/wp\/v2\/pages\/8726\/revisions"}],"predecessor-version":[{"id":227004,"href":"https:\/\/visitestepona.eu\/de\/wp-json\/wp\/v2\/pages\/8726\/revisions\/227004"}],"wp:featuredmedia":[{"embeddable":true,"href":"https:\/\/visitestepona.eu\/de\/wp-json\/wp\/v2\/media\/3387"}],"wp:attachment":[{"href":"https:\/\/visitestepona.eu\/de\/wp-json\/wp\/v2\/media?parent=8726"}],"curies":[{"name":"wp","href":"https:\/\/api.w.org\/{rel}","templated":true}]}}