{"id":4842,"date":"2021-09-02T05:11:14","date_gmt":"2021-09-02T05:11:14","guid":{"rendered":"https:\/\/visitestepona.eu\/transfer-malaga-estepona-transfer-estepona-malaga-3\/"},"modified":"2021-09-02T05:11:20","modified_gmt":"2021-09-02T05:11:20","slug":"transfer-malaga-estepona-transfer-estepona-malaga-3","status":"publish","type":"page","link":"https:\/\/visitestepona.eu\/de\/transfer-malaga-estepona-transfer-estepona-malaga-3\/","title":{"rendered":"Transfer Malaga &#8211; Estepona &amp; Transfer Estepona &#8211; Malaga"},"content":{"rendered":"<p>[et_pb_section fb_built=&#8220;1&#8243; _builder_version=&#8220;4.4.6&#8243;][et_pb_row column_structure=&#8220;3_5,2_5&#8243; _builder_version=&#8220;4.4.6&#8243;][et_pb_column type=&#8220;3_5&#8243; _builder_version=&#8220;4.4.6&#8243;][et_pb_testimonial _builder_version=&#8220;4.4.6&#8243; hover_enabled=&#8220;0&#8243; background_color=&#8220;#ffffff&#8220; quote_icon=&#8220;off&#8220; border_width_all=&#8220;1px&#8220; border_color_all=&#8220;#283667&#8243;]<\/p>\n<p>In Estepona k\u00f6nnen Sie einen guten Urlaub ohne Auto haben. Auch der \u00f6ffentliche Verkehr ist gut reguliert.<\/p>\n<p>Wenn Sie einen reibungslosen und komfortablen Transport zwischen dem Flughafen Malaga und Estepona w\u00fcnschen, haben wir einen ausgezeichneten Partner.<br \/>  Ordentlich preislich, ein komfortables Auto, zuverl\u00e4ssig, sicher und v\u00f6llig legal und versichert.<\/p>\n<p>Hier k\u00f6nnen Sie Ihren Transfer Malaga-Estepona und\/oder Estepona-Malaga sofort anfordern.<br \/>  Pers\u00f6nlich innerhalb von 24 Stunden best\u00e4tigt.<\/p>\n<p>[\/et_pb_testimonial][et_pb_dcgd_gravity_divi_module gf_form=&#8220;2&#8243; enable_ajax=&#8220;on&#8220; _builder_version=&#8220;4.4.6&#8243; hover_enabled=&#8220;0&#8243;][\/et_pb_dcgd_gravity_divi_module][\/et_pb_column][et_pb_column type=&#8220;2_5&#8243; _builder_version=&#8220;4.4.6&#8243;][et_pb_pricing_tables featured_table_background_color=&#8220;#65ae17&#8243; featured_table_header_background_color=&#8220;#283667&#8243; featured_table_header_text_color=&#8220;#ffffff&#8220; header_background_color=&#8220;#283667&#8243; bullet_color=&#8220;#65ae17&#8243; show_featured_drop_shadow=&#8220;off&#8220; _builder_version=&#8220;4.4.6&#8243; header_text_color=&#8220;#ffffff&#8220; header_text_align=&#8220;center&#8220; header_line_height=&#8220;1.5em&#8220; body_font_size=&#8220;20px&#8220;][et_pb_pricing_table title=&#8220;Malaga-Estepona&#8220; subtitle=&#8220;Einzelfahrschein&#8220; currency=&#8220;\u20ac&#8220; sum=&#8220;80&#8243; bullet_color=&#8220;#65ae17&#8243; price_background_color=&#8220;#7fb2f0&#8243; _builder_version=&#8220;4.4.6&#8243; price_text_color=&#8220;#ffffff&#8220; currency_frequency_text_color=&#8220;#ffffff&#8220; currency_frequency_line_height=&#8220;2.3em&#8220;]<\/p>\n<p>+ 1-4 Personen<\/p>\n<p>[\/et_pb_pricing_table][et_pb_pricing_table title=&#8220;Malaga-Estepona&#8220; subtitle=&#8220;Einzelfahrschein&#8220; currency=&#8220;\u20ac&#8220; sum=&#8220;110&#8243; price_background_color=&#8220;#7fb2f0&#8243; _builder_version=&#8220;4.4.6&#8243; price_text_color=&#8220;#ffffff&#8220; currency_frequency_text_color=&#8220;#ffffff&#8220; border_color_all_price=&#8220;#ffffff&#8220;]<\/p>\n<p>+ 5-8 Personen<\/p>\n<p>[\/et_pb_pricing_table][\/et_pb_pricing_tables][\/et_pb_column][\/et_pb_row][\/et_pb_section]<\/p>\n","protected":false},"excerpt":{"rendered":"<p>In Estepona k\u00f6nnen Sie einen guten Urlaub ohne Auto haben. Auch der \u00f6ffentliche Verkehr ist gut reguliert. Wenn Sie einen reibungslosen und komfortablen Transport zwischen dem Flughafen Malaga und Estepona w\u00fcnschen, haben wir einen ausgezeichneten Partner. Ordentlich preislich, ein komfortables Auto, zuverl\u00e4ssig, sicher und v\u00f6llig legal und versichert. Hier k\u00f6nnen Sie Ihren Transfer Malaga-Estepona und\/oder\u2026 <a href=\"https:\/\/visitestepona.eu\/de\/transfer-malaga-estepona-transfer-estepona-malaga-3\/\">Read More &raquo;<\/a><\/p>\n","protected":false},"author":1,"featured_media":0,"parent":0,"menu_order":71,"comment_status":"closed","ping_status":"closed","template":"","meta":{"_acf_changed":false,"_et_pb_use_builder":"on","_et_pb_old_content":"","_et_gb_content_width":"","footnotes":""},"class_list":["post-4842","page","type-page","status-publish","hentry"],"acf":[],"_links":{"self":[{"href":"https:\/\/visitestepona.eu\/de\/wp-json\/wp\/v2\/pages\/4842","targetHints":{"allow":["GET"]}}],"collection":[{"href":"https:\/\/visitestepona.eu\/de\/wp-json\/wp\/v2\/pages"}],"about":[{"href":"https:\/\/visitestepona.eu\/de\/wp-json\/wp\/v2\/types\/page"}],"author":[{"embeddable":true,"href":"https:\/\/visitestepona.eu\/de\/wp-json\/wp\/v2\/users\/1"}],"replies":[{"embeddable":true,"href":"https:\/\/visitestepona.eu\/de\/wp-json\/wp\/v2\/comments?post=4842"}],"version-history":[{"count":0,"href":"https:\/\/visitestepona.eu\/de\/wp-json\/wp\/v2\/pages\/4842\/revisions"}],"wp:attachment":[{"href":"https:\/\/visitestepona.eu\/de\/wp-json\/wp\/v2\/media?parent=4842"}],"curies":[{"name":"wp","href":"https:\/\/api.w.org\/{rel}","templated":true}]}}