{"id":3622,"date":"2021-08-29T13:48:15","date_gmt":"2021-08-29T13:48:15","guid":{"rendered":"https:\/\/visitestepona.eu\/estepona-2021-mailing\/"},"modified":"2021-08-29T13:48:25","modified_gmt":"2021-08-29T13:48:25","slug":"estepona-2021-mailing","status":"publish","type":"page","link":"https:\/\/visitestepona.eu\/de\/estepona-2021-mailing\/","title":{"rendered":"Estepona 2021 Mailing"},"content":{"rendered":"<p>[et_pb_section fb_built=&#8220;1&#8243; _builder_version=&#8220;3.22&#8243;][et_pb_row _builder_version=&#8220;3.25&#8243; background_size=&#8220;initial&#8220; background_position=&#8220;top_left&#8220; background_repeat=&#8220;repeat&#8220;][et_pb_column type=&#8220;4_4&#8243; _builder_version=&#8220;3.25&#8243; custom_padding=&#8220;|||&#8220; custom_padding__hover=&#8220;|||&#8220;][et_pb_image src=&#8220;https:\/\/visitestepona.eu\/wp-content\/uploads\/2020\/05\/Newsletter-VisitEstepona.jpg&#8220; alt=&#8220;Newsletter VisitEstepona&#8220; title_text=&#8220;Newsletter VisitEstepona&#8220; align=&#8220;center&#8220; _builder_version=&#8220;4.7.7&#8243; _module_preset=&#8220;default&#8220;][\/et_pb_image][et_pb_text _builder_version=&#8220;4.7.7&#8243; _module_preset=&#8220;default&#8220;]<\/p>\n<blockquote>\n<p>Wir brauchen nicht \u00fcber das Jahr 2020 zu sprechen.<br \/>  Lassen Sie uns vor allem \u00fcber 2021 und dar\u00fcber hinaus sprechen! Es kann nur besser werden.<\/p>\n<p>&nbsp;<\/p>\n<\/blockquote>\n<p>Sehr sorgf\u00e4ltig denken wir noch einmal an Reisen, an Strand und Tapas. Wandern in der sch\u00f6nen und ruhigen Natur Andalusiens. Die Sierra Bermeja und Jubrique. Orte, an denen es Ruhe und Raum gibt, mit sch\u00f6ner Aussicht.<\/p>\n<p>[\/et_pb_text][et_pb_gallery gallery_ids=&#8220;2455,2367,2670,2499,2658,2624,2666,2615,2611,2525,2549,2545,2519,2515,2495,2491,2483,2451,2447,2443,2391,2395,2379,2355&#8243; fullwidth=&#8220;on&#8220; _builder_version=&#8220;4.7.7&#8243; _module_preset=&#8220;default&#8220;][\/et_pb_gallery][et_pb_text _builder_version=&#8220;4.7.7&#8243; background_size=&#8220;initial&#8220; background_position=&#8220;top_left&#8220; background_repeat=&#8220;repeat&#8220; hover_enabled=&#8220;0&#8243; sticky_enabled=&#8220;0&#8243;]<\/p>\n<h2>Luxus Ferienh\u00e4user Estepona Altstadt<\/h2>\n<p>Gerne geben wir Ihnen diese 5 exklusiven Ferienh\u00e4user direkt am Meer und nur wenige Gehminuten vom authentischen Zentrum entfernt.<br \/>  Wir haben sie alle drinnen gesehen und k\u00f6nnen sie direkt f\u00fcr Sie bei den Eigent\u00fcmern buchen.<br \/>  Geeignet f\u00fcr 5 \/6 Personen, wundersch\u00f6n eingerichtet und fertig und frontaler Meerblick!<\/p>\n<p><a href=\"\/\/accommodation.visitestepona.nl\/%22\">https:\/\/accommodation.visitestepona.nl\/<\/a><\/p>\n<p><a href=\"\/\/visitestepona.eu\/wp-content\/uploads\/2021\/03\/COVID-19_Travel_Assistance_Insurance-1.pdf%22\"><\/a><a rel=\"%22noreferrer noopener\" href=\"\/\/www.facebook.com\/VisitEstepona\/%22\" target=\"%22_blank%22\"><\/a><a rel=\"%22noreferrer noopener\" href=\"\/\/www.instagram.com\/visitestepona\/%22\" target=\"%22_blank%22\"><\/a><a rel=\"%22noreferrer noopener\" href=\"\/\/visitestepona.eu\/?lang=de%22\" target=\"%22_blank%22\"><\/a><a rel=\"%22noreferrer noopener\" href=\"hello@visitestepona.eu%22\" target=\"%22_blank%22\"><\/a><\/p>\n<p>[\/et_pb_text][et_pb_gallery gallery_ids=&#8220;2787,2905,2998,3026,3022,3010,3006,2968,2901,2783&#8243; fullwidth=&#8220;on&#8220; _builder_version=&#8220;4.7.7&#8243; _module_preset=&#8220;default&#8220;][\/et_pb_gallery][et_pb_text _builder_version=&#8220;4.7.7&#8243; _module_preset=&#8220;default&#8220;]<\/p>\n<h2>La Fragata Estepona &#8211; Estepona Puerto<\/h2>\n<p>In der N\u00e4he des gem\u00fctlichen <strong>Puerto Deportivo<\/strong> &#8211; wo Sie die Fischerboote sehen k\u00f6nnen, die von der obersten Etage in den Hafen segeln, wenn Sie rechtzeitig aufstehen &#8211; befindet sich diese ger\u00e4umige Wohnung in einem tropischen Gemeinschaftsgarten mit sch\u00f6nem Pool. Geeignet f\u00fcr 6 Personen, 3 Schlafzimmer, 2 B\u00e4der. Auch nur wenige Gehminuten von allem, was Estepona zu bieten hat, sogar die sch\u00f6ne Bucht von Playa del Christo ist zu Fu\u00df erreichbar!<\/p>\n<p>Die 2 obersten Etagen eines kleinen Geb\u00e4udes bieten Ihnen viel Komfort und Platz. Privatsph\u00e4re und Meerblick.<\/p>\n<p><a href=\"%22\/lafragata%22\">\u00dcberpr\u00fcfen Sie die Verf\u00fcgbarkeit von La Fragata Estepona online<\/a><\/p>\n<p>[\/et_pb_text][et_pb_image src=&#8220;https:\/\/visitestepona.eu\/wp-content\/uploads\/2021\/03\/46-Estepona-Sierra-Bermeja-.jpg&#8220; title_text=&#8220;46-Estepona-Sierra-Bermeja&#8220; align=&#8220;center&#8220; _builder_version=&#8220;4.7.7&#8243; _module_preset=&#8220;default&#8220;][\/et_pb_image][et_pb_text _builder_version=&#8220;4.7.7&#8243; _module_preset=&#8220;default&#8220; hover_enabled=&#8220;0&#8243; sticky_enabled=&#8220;0&#8243;]<\/p>\n<p>Mehr als 16.000 Exemplare f\u00fcr den %22Baumplan%22, um Estepona zu einer nachhaltigen Stadt zu machen. Lebensqualit\u00e4t in Estepona. So viel mehr als Sonne, Meer &amp; Strand. Seit 2012 hat der Stadtrat von estepona mit dem Baumplan (16.000 B\u00e4ume!) einen wichtigen Schritt nach vorne gemacht, um eine umweltfreundliche Stadt mit besserer Lebensqualit\u00e4t zu f\u00f6rdern.  <br \/><a href=\"\/\/visitestepona.eu\/16-000-bomen\/%22\">Lesen Sie mehr \u00fcber den Baumplan<\/a><\/p>\n<p><a href=\"\/\/visitestepona.eu\/wp-content\/uploads\/2021\/03\/COVID-19_Travel_Assistance_Insurance-1.pdf%22\"><\/a><\/p>\n<p>[\/et_pb_text][et_pb_image src=&#8220;https:\/\/visitestepona.eu\/wp-content\/uploads\/2021\/03\/50-Estepona-Senda-Litoral-.jpg&#8220; title_text=&#8220;50-Estepona-Senda-Litoral&#8220; align=&#8220;center&#8220; _builder_version=&#8220;4.7.7&#8243; _module_preset=&#8220;default&#8220;][\/et_pb_image][et_pb_text _builder_version=&#8220;4.7.7&#8243; _module_preset=&#8220;default&#8220; link_option_url=&#8220;\/?page_id=989#sendalitoral&#8220;]<\/p>\n<h2>In diesem Winter wurde der Boulevard in Estepona komplett renoviert<\/h2>\n<p>Vom Carrefour bis zum Hafen gibt es viel zu entdecken!<\/p>\n<h2>Senda Litetoral<\/h2>\n<p>Der K\u00fcstenweg von M\u00e1laga (Senda Litoral de Malaga) ist eine 160 km lange Stra\u00dfe, die der gesamten K\u00fcste der Provinz Malaga von Manilva nach Nerja folgt.<br \/>  Sobald dieser Fernwanderweg fertiggestellt ist, wird er zu einer wichtigen Touristenattraktion f\u00fcr die Costa del Sol und f\u00fcr Andalusien.<br \/>  Estepona bietet eine wundersch\u00f6ne Etappe, die gesamte K\u00fcste liegt in der Tat auf diesem einzigartigen und abwechslungsreichen K\u00fcstenweg.  <br \/>Der K\u00fcstenweg wird gebaut, indem alle bestehenden Promenaden miteinander verbunden werden.<br \/>  Der Startpunkt bei Kilometer 0 ist ein Ort, an dem Sie wirklich gewesen sein m\u00fcssen:<br \/>  Der Balcon de Europa in Nerja.  <br \/>Die Endstation war Castillo de la Duquesa in Manilva, wurde aber bis Punta Chullera, der Provinzgrenze zu C\u00e1diz, verl\u00e4ngert.  <br \/>Es ist zu hoffen, dass es bis sotogrande Marina erweitert wird.<\/p>\n<p><a rel=\"%22noreferrer noopener\" href=\"\/\/visitestepona.eu\/estepona-tipps\/?lang=de#sendalitoral%22\" target=\"%22_blank%22\">Zur aktuellen Karte des Senda Litoral bei Estepona<\/a><\/p>\n<p>[\/et_pb_text][et_pb_image src=&#8220;https:\/\/visitestepona.eu\/wp-content\/uploads\/2021\/03\/149058399_2929282500682364_8273747470861838937_o.jpg&#8220; alt=&#8220;Plaza de las Flores Estepona #VistiEstepona&#8220; title_text=&#8220;Plaza de las Flores Estepona #VistiEstepona&#8220; _builder_version=&#8220;4.7.7&#8243; _module_preset=&#8220;default&#8220;][\/et_pb_image][et_pb_text _builder_version=&#8220;4.7.7&#8243; _module_preset=&#8220;default&#8220;]<\/p>\n<h2>Plaza de las Flores<\/h2>\n<p>Die wundersch\u00f6ne Plaza de Las Flores wurde letztes Jahr renoviert und wird mit den neuen Boutique-Hotels, die bald ihre T\u00fcren \u00f6ffnen werden, noch mehr Charme bekommen.<\/p>\n<p>Lust auf kulinarische K\u00f6stlichkeiten direkt an der Plaza de las Flores?<\/p>\n<p>Tipp: <a href=\"\/\/www.tripadvisor.com\/Restaurant_Review-g187437-d6553149-Reviews-Casa_Dona_Jeronima-Estepona_Costa_del_Sol_Province_of_Malaga_Andalucia.html?m=19905%22\"><br \/>\n  <strong>Casa Do\u00f1a Jeronima<\/strong><br \/>\n<\/a> &#8211; nicht das billigste, aber m\u00f6chten Sie sich verw\u00f6hnen lassen, wenn Sie schon lange nicht mehr essen gehen konnten!<\/p>\n<p>[\/et_pb_text][et_pb_cta title=&#8220;Schlie\u00dflich: Sehr gute Nachrichten von der spanischen Regierung:  &#8220; button_url=&#8220;https:\/\/visitestepona.eu\/wp-content\/uploads\/2021\/03\/COVID-19_Travel_Assistance_Insurance-1.pdf&#8220; button_text=&#8220;Oder laden Sie den Anhang herunter&#8220; _builder_version=&#8220;4.7.7&#8243; _module_preset=&#8220;default&#8220; header_text_color=&#8220;#ffffff&#8220; body_font=&#8220;||||||||&#8220; body_text_color=&#8220;#ffffff&#8220; body_link_font=&#8220;||||on||||&#8220; body_link_text_color=&#8220;#ffffff&#8220; custom_button=&#8220;on&#8220; button_text_color=&#8220;#ffffff&#8220; button_icon=&#8220;%%98%%&#8220; button_icon_color=&#8220;#ffffff&#8220; button_icon_placement=&#8220;left&#8220; button_on_hover=&#8220;off&#8220; button_alignment=&#8220;center&#8220; button_custom_padding=&#8220;2%|5%|2%|5%|true|true&#8220;]<\/p>\n<p><strong>Sichere Reise und Stornierung durch die Regierung andalusiens garantiert:<\/strong><\/p>\n<p>Andalusien hat ein sehr sch\u00f6nes Arrangement f\u00fcr Reisen im Jahr 2021.<br \/>  Alle Immobilien in unserem Newsletter und auf unserer Website haben eine offizielle Vermietungslizenz der Junta de Andalucia und fallen unter diese Verordnung.<\/p>\n<p><a href=\"\/\/www.andalucia.org\/en\/travel-assistance-insurance?fbclid=IwAR2gtX7mfBU7uYCciz8Tb6nmLLziNDxLziwD2FWZOXnnBUBkREBF-WPaIRc%22\">Lesen Sie mehr auf der Website von Andalusa.org<\/a><\/p>\n<p>[\/et_pb_cta][\/et_pb_column][\/et_pb_row][\/et_pb_section]<\/p>\n","protected":false},"excerpt":{"rendered":"<p>Wir brauchen nicht \u00fcber das Jahr 2020 zu sprechen. Lassen Sie uns vor allem \u00fcber 2021 und dar\u00fcber hinaus sprechen! Es kann nur besser werden. &nbsp; Sehr sorgf\u00e4ltig denken wir noch einmal an Reisen, an Strand und Tapas. Wandern in der sch\u00f6nen und ruhigen Natur Andalusiens. Die Sierra Bermeja und Jubrique. Orte, an denen es\u2026 <a href=\"https:\/\/visitestepona.eu\/de\/estepona-2021-mailing\/\">Read More &raquo;<\/a><\/p>\n","protected":false},"author":1,"featured_media":0,"parent":0,"menu_order":54,"comment_status":"closed","ping_status":"closed","template":"","meta":{"_acf_changed":false,"_et_pb_use_builder":"on","_et_pb_old_content":"","_et_gb_content_width":"","footnotes":""},"class_list":["post-3622","page","type-page","status-publish","hentry"],"acf":[],"_links":{"self":[{"href":"https:\/\/visitestepona.eu\/de\/wp-json\/wp\/v2\/pages\/3622","targetHints":{"allow":["GET"]}}],"collection":[{"href":"https:\/\/visitestepona.eu\/de\/wp-json\/wp\/v2\/pages"}],"about":[{"href":"https:\/\/visitestepona.eu\/de\/wp-json\/wp\/v2\/types\/page"}],"author":[{"embeddable":true,"href":"https:\/\/visitestepona.eu\/de\/wp-json\/wp\/v2\/users\/1"}],"replies":[{"embeddable":true,"href":"https:\/\/visitestepona.eu\/de\/wp-json\/wp\/v2\/comments?post=3622"}],"version-history":[{"count":0,"href":"https:\/\/visitestepona.eu\/de\/wp-json\/wp\/v2\/pages\/3622\/revisions"}],"wp:attachment":[{"href":"https:\/\/visitestepona.eu\/de\/wp-json\/wp\/v2\/media?parent=3622"}],"curies":[{"name":"wp","href":"https:\/\/api.w.org\/{rel}","templated":true}]}}