{"id":2094,"date":"2020-05-17T06:47:39","date_gmt":"2020-05-17T06:47:39","guid":{"rendered":"https:\/\/visitestepona.eu\/transfer-malaga-estepona-transfer-estepona-malaga\/"},"modified":"2024-07-23T14:30:51","modified_gmt":"2024-07-23T14:30:51","slug":"transfer-malaga-estepona-transfer-estepona-malaga","status":"publish","type":"page","link":"https:\/\/visitestepona.eu\/de\/transfer-malaga-estepona-transfer-estepona-malaga\/","title":{"rendered":"Transfer Malaga &#8211; Estepona &amp; Transfer Estepona &#8211; Malaga"},"content":{"rendered":"<p>[et_pb_section fb_built=&#8220;1&#8243; _builder_version=&#8220;4.16&#8243; global_colors_info=&#8220;{}&#8220;][et_pb_row column_structure=&#8220;3_5,2_5&#8243; _builder_version=&#8220;4.16&#8243; global_colors_info=&#8220;{}&#8220;][et_pb_column type=&#8220;3_5&#8243; _builder_version=&#8220;4.16&#8243; global_colors_info=&#8220;{}&#8220;][et_pb_testimonial quote_icon=&#8220;off&#8220; _builder_version=&#8220;4.16&#8243; background_color=&#8220;#ffffff&#8220; border_width_all=&#8220;1px&#8220; border_color_all=&#8220;#283667&#8243; global_colors_info=&#8220;{}&#8220;]<\/p>\n<p>In Estepona k\u00f6nnen Sie einen guten Urlaub ohne Auto haben. Auch der \u00f6ffentliche Verkehr ist gut reguliert.<\/p>\n<p>Wenn Sie einen reibungslosen und komfortablen Transport zwischen dem Flughafen Malaga und Estepona w\u00fcnschen, haben wir einen ausgezeichneten Partner.<br \/> Ordentlich preislich, ein komfortables Auto, zuverl\u00e4ssig, sicher und v\u00f6llig legal und versichert.<\/p>\n<p>Hier k\u00f6nnen Sie Ihren Transfer Malaga-Estepona und\/oder Estepona-Malaga sofort anfordern.<br \/> Pers\u00f6nlich innerhalb von 24 Stunden best\u00e4tigt.<\/p>\n<p>[\/et_pb_testimonial][et_pb_dcgd_gravity_divi_module gf_form=&#8220;2&#8243; show_title=&#8220;off&#8220; enable_ajax=&#8220;on&#8220; _builder_version=&#8220;4.16&#8243; global_colors_info=&#8220;{}&#8220;][\/et_pb_dcgd_gravity_divi_module][\/et_pb_column][et_pb_column type=&#8220;2_5&#8243; _builder_version=&#8220;4.16&#8243; global_colors_info=&#8220;{}&#8220;][et_pb_image src=&#8220;https:\/\/visitestepona.eu\/wp-content\/uploads\/2020\/05\/Malaga-Estepona-Transfer-Foto-door-Adrianna-Calvo-via-Pexels.jpg&#8220; title_text=&#8220;Malaga-Estepona Transfer &#8211; Foto von Adrianna Calvo \u00fcber Pexels&#8220; _builder_version=&#8220;4.16&#8243; global_colors_info=&#8220;{}&#8220;][\/et_pb_image][et_pb_pricing_tables featured_table_background_color=&#8220;#65ae17&#8243; featured_table_header_background_color=&#8220;#283667&#8243; featured_table_header_text_color=&#8220;#ffffff&#8220; header_background_color=&#8220;#283667&#8243; bullet_color=&#8220;#65ae17&#8243; show_featured_drop_shadow=&#8220;off&#8220; _builder_version=&#8220;4.26.1&#8243; header_text_color=&#8220;#ffffff&#8220; header_text_align=&#8220;center&#8220; header_line_height=&#8220;1.5em&#8220; body_font_size=&#8220;20px&#8220; hover_enabled=&#8220;0&#8243; global_colors_info=&#8220;{}&#8220; sticky_enabled=&#8220;0&#8243;][et_pb_pricing_table title=&#8220;Malaga-Estepona&#8220; subtitle=&#8220;einzelne Fahrt&#8220; currency=&#8220;\u20ac&#8220; sum=&#8220;90&#8243; bullet_color=&#8220;#65ae17&#8243; price_background_color=&#8220;#7fb2f0&#8243; _builder_version=&#8220;4.26.1&#8243; price_text_color=&#8220;#ffffff&#8220; currency_frequency_text_color=&#8220;#ffffff&#8220; currency_frequency_line_height=&#8220;2.3em&#8220; hover_enabled=&#8220;0&#8243; global_colors_info=&#8220;{}&#8220; sticky_transition=&#8220;on&#8220; sticky_enabled=&#8220;0&#8243;]+ Auto 1-4 Personen mit bis zu 3 gro\u00dfen Koffern 90\u20ac pro Strecke<br \/>\n+Die Mautstra\u00dfe kostet 10 \u20ac mehr pro Strecke<br \/>\n+Bei der Ankunft am Flughafen M\u00e1laga wird ein Aufpreis von 5 \u20ac f\u00fcr die Parkgeb\u00fchr des Flughafens M\u00e1laga erhoben<br \/>\n+Vom 1. Juli bis zum 15. September m\u00fcssen alle unsere Transfers zwischen 06.00 und 21.00 Uhr mit Mautstra\u00dfe erfolgen, um Warteschlangen zu vermeiden.<br \/>\n+Der Preis f\u00fcr ein Auto betr\u00e4gt 105\u20ac bei der Ankunft inklusive Mautstra\u00dfen und der Parkgeb\u00fchr von 5\u20ac bei Malaga AGP und die R\u00fcckgabe betr\u00e4gt 100\u20ac inklusive Mautstra\u00dfen.<br \/>\n+Wenn ein Transfer zwischen 01.00 und 06.00 Uhr stattfindet, wird ein Zuschlag von 5 \u20ac erhoben, wenn es sich um ein Auto handelt, und ein Zuschlag von 10 \u20ac, wenn es sich um einen Minibus handelt[\/et_pb_pricing_table][et_pb_pricing_table title=&#8220;Malaga-Estepona&#8220; subtitle=&#8220;einzelne Fahrt&#8220; currency=&#8220;\u20ac&#8220; sum=&#8220;120&#8243; price_background_color=&#8220;#7fb2f0&#8243; _builder_version=&#8220;4.20.4&#8243; price_text_color=&#8220;#ffffff&#8220; currency_frequency_text_color=&#8220;#ffffff&#8220; border_color_all_price=&#8220;#ffffff&#8220; global_colors_info=&#8220;{}&#8220; sticky_transition=&#8220;on&#8220;]<\/p>\n<p>+ Minibus 5-8 Personen 120\u20ac pro Strecke<\/p>\n<p>+ Die Mautstra\u00dfe kostet 10 \u20ac mehr pro Strecke<\/p>\n<p>+ Bei der Ankunft am Flughafen M\u00e1laga wird ein Aufpreis von 5 \u20ac f\u00fcr die Parkgeb\u00fchr des Flughafens M\u00e1laga erhoben<\/p>\n<p><b>Vom 1. Juli 2024 bis zum 15. September 2024 zwischen 06.00 und 21.00 Uhr m\u00fcssen ALLE unsere Transfers mautpflichtig sein, um Warteschlangen zu vermeiden<\/b><\/p>\n<p><b>Wenn ein Transfer zwischen 01.00 und 06.00 Uhr stattfindet, wird ein Zuschlag von 5 \u20ac erhoben, wenn es sich um ein Auto handelt, und ein Zuschlag von 10 \u20ac, wenn es sich um einen Minibus handelt<\/b><\/p>\n<p>[\/et_pb_pricing_table][\/et_pb_pricing_tables][\/et_pb_column][\/et_pb_row][\/et_pb_section]<\/p>\n","protected":false},"excerpt":{"rendered":"<p>In Estepona k\u00f6nnen Sie einen guten Urlaub ohne Auto haben. Auch der \u00f6ffentliche Verkehr ist gut reguliert. Wenn Sie einen reibungslosen und komfortablen Transport zwischen dem Flughafen Malaga und Estepona w\u00fcnschen, haben wir einen ausgezeichneten Partner. Ordentlich preislich, ein komfortables Auto, zuverl\u00e4ssig, sicher und v\u00f6llig legal und versichert. Hier k\u00f6nnen Sie Ihren Transfer Malaga-Estepona und\/oder\u2026 <a href=\"https:\/\/visitestepona.eu\/de\/transfer-malaga-estepona-transfer-estepona-malaga\/\">Read More &raquo;<\/a><\/p>\n","protected":false},"author":1,"featured_media":0,"parent":0,"menu_order":79,"comment_status":"closed","ping_status":"closed","template":"","meta":{"_acf_changed":false,"_et_pb_use_builder":"on","_et_pb_old_content":"","_et_gb_content_width":"","footnotes":""},"class_list":["post-2094","page","type-page","status-publish","hentry"],"acf":[],"_links":{"self":[{"href":"https:\/\/visitestepona.eu\/de\/wp-json\/wp\/v2\/pages\/2094","targetHints":{"allow":["GET"]}}],"collection":[{"href":"https:\/\/visitestepona.eu\/de\/wp-json\/wp\/v2\/pages"}],"about":[{"href":"https:\/\/visitestepona.eu\/de\/wp-json\/wp\/v2\/types\/page"}],"author":[{"embeddable":true,"href":"https:\/\/visitestepona.eu\/de\/wp-json\/wp\/v2\/users\/1"}],"replies":[{"embeddable":true,"href":"https:\/\/visitestepona.eu\/de\/wp-json\/wp\/v2\/comments?post=2094"}],"version-history":[{"count":0,"href":"https:\/\/visitestepona.eu\/de\/wp-json\/wp\/v2\/pages\/2094\/revisions"}],"wp:attachment":[{"href":"https:\/\/visitestepona.eu\/de\/wp-json\/wp\/v2\/media?parent=2094"}],"curies":[{"name":"wp","href":"https:\/\/api.w.org\/{rel}","templated":true}]}}