{"id":1617,"date":"2020-05-12T11:11:09","date_gmt":"2020-05-12T11:11:09","guid":{"rendered":"https:\/\/visitestepona.eu\/beruehrung\/"},"modified":"2025-07-12T12:57:48","modified_gmt":"2025-07-12T12:57:48","slug":"beruehrung","status":"publish","type":"page","link":"https:\/\/visitestepona.eu\/de\/beruehrung\/","title":{"rendered":"Kontakt"},"content":{"rendered":"<p>[et_pb_section fb_built=&#8220;1&#8243; _builder_version=&#8220;4.16&#8243; background_color=&#8220;#c63e59&#8243; bottom_divider_style=&#8220;slant&#8220; bottom_divider_color=&#8220;#101616&#8243; bottom_divider_flip=&#8220;vertical&#8220; global_colors_info=&#8220;{}&#8220;][et_pb_row _builder_version=&#8220;4.16&#8243; global_colors_info=&#8220;{}&#8220;][et_pb_column type=&#8220;4_4&#8243; _builder_version=&#8220;4.16&#8243; global_colors_info=&#8220;{}&#8220;][et_pb_testimonial author=&#8220;@VisitEstepona&#8220; url=&#8220;mailto:hello@visitestepona.eu&#8220; _builder_version=&#8220;4.16&#8243; link_option_url=&#8220;mailto:hello@visitestepona.eu&#8220; global_colors_info=&#8220;{}&#8220;]<\/p>\n<h2>Kontakt?<\/h2>\n<p>M\u00f6chten Sie mehr \u00fcber Estepona, VisitEstepona erfahren oder haben Sie Erg\u00e4nzungen f\u00fcr die Website? Lassen Sie es uns wissen. Wir arbeiten mit jedem, der eine Beziehung zu Estepona hat oder haben m\u00f6chte. Sch\u00f6n, wenn Sie in Kontakt treten! Mail naar <a href=\"mailto:hello@visitestepona.eu\" title=\"hello@visitestepona.eu\">hello@visitestepona.eu<\/a><\/p>\n<p>[\/et_pb_testimonial][et_pb_code _builder_version=&#8220;4.16&#8243; global_colors_info=&#8220;{}&#8220;]<div class=\"et_bloom_inline_form et_bloom_optin et_bloom_make_form_visible et_bloom_optin_1\" style=\"display: none;\">\n\t\t\t\t<style type=\"text\/css\">.et_bloom .et_bloom_optin_1 .et_bloom_form_content { background-color: #e2e2e2 !important; } .et_bloom .et_bloom_optin_1 .et_bloom_form_container .et_bloom_form_header { background-color: #456091 !important; } .et_bloom .et_bloom_optin_1 .carrot_edge .et_bloom_form_content:before { border-top-color: #456091 !important; } .et_bloom .et_bloom_optin_1 .carrot_edge.et_bloom_form_right .et_bloom_form_content:before, .et_bloom .et_bloom_optin_1 .carrot_edge.et_bloom_form_left .et_bloom_form_content:before { border-top-color: transparent !important; border-left-color: #456091 !important; }\n\t\t\t\t\t\t@media only screen and ( max-width: 767px ) {.et_bloom .et_bloom_optin_1 .carrot_edge.et_bloom_form_right .et_bloom_form_content:before { border-top-color: #456091 !important; border-left-color: transparent !important; }.et_bloom .et_bloom_optin_1 .carrot_edge.et_bloom_form_left .et_bloom_form_content:after { border-bottom-color: #456091 !important; border-left-color: transparent !important; }\n\t\t\t\t\t\t}.et_bloom .et_bloom_optin_1 .et_bloom_form_content button { background-color: #c63e59 !important; } .et_bloom .et_bloom_optin_1 .et_bloom_form_content .et_bloom_fields i { color: #c63e59 !important; } .et_bloom .et_bloom_optin_1 .et_bloom_form_content .et_bloom_custom_field_radio i:before { background: #c63e59 !important; } .et_bloom .et_bloom_optin_1.et_bloom_optin .et_bloom_border_letter { background: repeating-linear-gradient( 135deg, #3b3b3b, #3b3b3b 10px, #fff 10px, #fff 20px, #f84d3b 20px, #f84d3b 30px, #fff 30px, #fff 40px ) !important; } .et_bloom .et_bloom_optin_1 .et_bloom_form_content button { background-color: #c63e59 !important; } .et_bloom .et_bloom_optin_1 .et_bloom_form_container h2, .et_bloom .et_bloom_optin_1 .et_bloom_form_container h2 span, .et_bloom .et_bloom_optin_1 .et_bloom_form_container h2 strong { font-family: \"Open Sans\", Helvetica, Arial, Lucida, sans-serif; }.et_bloom .et_bloom_optin_1 .et_bloom_form_container p, .et_bloom .et_bloom_optin_1 .et_bloom_form_container p span, .et_bloom .et_bloom_optin_1 .et_bloom_form_container p strong, .et_bloom .et_bloom_optin_1 .et_bloom_form_container form input, .et_bloom .et_bloom_optin_1 .et_bloom_form_container form button span { font-family: \"Open Sans\", Helvetica, Arial, Lucida, sans-serif; } <\/style>\n\t\t\t\t<div class=\"et_bloom_form_container  with_edge carrot_edge et_bloom_border_letter et_bloom_rounded_corners et_bloom_rounded et_bloom_form_text_dark et_bloom_form_bottom et_bloom_inline_2_fields\">\n\t\t\t\t\t\n\t\t\t<div class=\"et_bloom_form_container_wrapper clearfix\">\n\t\t\t\t<div class=\"et_bloom_header_outer\">\n\t\t\t\t\t<div class=\"et_bloom_form_header split image_right et_bloom_header_text_light\">\n\t\t\t\t\t\t<img loading=\"lazy\" decoding=\"async\" width=\"610\" height=\"458\" src=\"https:\/\/visitestepona.eu\/wp-content\/uploads\/2020\/05\/Newsletter-VisitEstepona-610x458.jpg\" class=\" et_bloom_image_slideup et_bloom_image\" alt=\"Newsletter VisitEstepona\" srcset=\"https:\/\/visitestepona.eu\/wp-content\/uploads\/2020\/05\/Newsletter-VisitEstepona-610x458.jpg 610w, https:\/\/visitestepona.eu\/wp-content\/uploads\/2020\/05\/Newsletter-VisitEstepona-480x360.jpg 480w\" sizes=\"(min-width: 0px) and (max-width: 480px) 480px, (min-width: 481px) 610px, 100vw\" title=\"\">\n\t\t\t\t\t\t<div class=\"et_bloom_form_text\">\n\t\t\t\t\t\t<h2>Subscribe To Our Newsletter<\/h2><p>Join our mailing list to receive the latest news and updates from our team.<\/p>\n\t\t\t\t\t<\/div>\n\t\t\t\t\t\t\n\t\t\t\t\t<\/div>\n\t\t\t\t<\/div>\n\t\t\t\t<div class=\"et_bloom_form_content et_bloom_2_fields et_bloom_bottom_inline\">\n\t\t\t\t\t\n\t\t\t\t\t\n\t\t\t\t\t<form method=\"post\" class=\"clearfix\">\n\t\t\t\t\t\t<div class=\"et_bloom_fields\">\n\t\t\t\t\t\t\t<p class=\"et_bloom_popup_input et_bloom_subscribe_name\">\n\t\t\t\t\t\t\t\t<input placeholder=\"Name\" maxlength=\"50\">\n\t\t\t\t\t\t\t<\/p>\n\t\t\t\t\t\t\t<p class=\"et_bloom_popup_input et_bloom_subscribe_email\">\n\t\t\t\t\t\t\t\t<input placeholder=\"E-mailadres\">\n\t\t\t\t\t\t\t<\/p>\n\t\t\t\t\t\t\t\n\t\t\t\t\t\t\t<button data-optin_id=\"optin_1\" data-service=\"mailchimp\" data-list_id=\"4f91c51d10\" data-page_id=\"1617\" data-account=\"VisitEstepona\" data-ip_address=\"true\" class=\"et_bloom_submit_subscription\">\n\t\t\t\t\t\t\t\t<span class=\"et_bloom_subscribe_loader\"><\/span>\n\t\t\t\t\t\t\t\t<span class=\"et_bloom_button_text et_bloom_button_text_color_light\">SUBSCRIBE!<\/span>\n\t\t\t\t\t\t\t<\/button>\n\t\t\t\t\t\t<\/div>\n\t\t\t\t\t<\/form>\n\t\t\t\t\t<div class=\"et_bloom_success_container\">\n\t\t\t\t\t\t<span class=\"et_bloom_success_checkmark\"><\/span>\n\t\t\t\t\t<\/div>\n\t\t\t\t\t<h2 class=\"et_bloom_success_message\">You have Successfully Subscribed!<\/h2>\n\t\t\t\t\t\n\t\t\t\t<\/div>\n\t\t\t<\/div>\n\t\t\t<span class=\"et_bloom_close_button\"><\/span>\n\t\t\t\t<\/div>\n\t\t\t<\/div>[\/et_pb_code][et_pb_text _builder_version=&#8220;4.27.4&#8243; _module_preset=&#8220;default&#8220; hover_enabled=&#8220;0&#8243; sticky_enabled=&#8220;0&#8243; text_text_color=&#8220;#FFFFFF&#8220;]<\/p>\n<p>\u00dcber Visit Estepona<\/p>\n<p>Diese Website wurde 2019 w\u00e4hrend unseres ersten Besuchs in Estepona gestartet &#8211; um all die sch\u00f6nen Orte f\u00fcr uns zu speichern und leicht zug\u00e4nglich zu machen. Da wir im t\u00e4glichen Leben eine Website und ein Hosting-Unternehmen betreiben, lag es nahe, dies in Form einer Website zu tun. Wir teilen gerne Tipps und Orte \u00fcber die Website und unsere sozialen Medien, f\u00fcr uns selbst, unsere G\u00e4ste, Freunde und Familie, aber auch f\u00fcr alle anderen Menschen, die Estepona besuchen, damit sie einen noch angenehmeren Besuch haben k\u00f6nnen.  <\/p>\n<p>Wir wollen hier ehrliche und wertvolle Tipps teilen, am besten mit denen wir selbst Erfahrung haben oder aus einer sehr zuverl\u00e4ssigen Quelle. Wir posten also nicht nur Links. <\/p>\n<p>Wenn Sie erw\u00e4hnt werden m\u00f6chten, lassen Sie es uns wissen!<br \/>Wir nutzen unsere Website und Social Media auch gerne oft (immer noch kostenlos), um die lieben Menschen und fantastischen Unternehmer in Estepona zu unterst\u00fctzen.<\/p>\n<p>Und: Wenn Sie Hosting, einen Domainnamen, eine Website oder Wartung auf Ihrer Website ben\u00f6tigen, k\u00f6nnen Sie das auch \u00fcber uns erledigen \ud83d\ude09<br \/>Wir sind spezialisiert auf WordPress, Mailchimp, SEO und Woocommerce und erstellen Websites f\u00fcr Ferienh\u00e4user, Restaurants, Freizeit, Webshops und verschiedene Arten von Unternehmen. Da wir oft f\u00fcr einen l\u00e4ngeren Zeitraum in Estepona bleiben, k\u00f6nnen wir Sie auch vor Ort besuchen, um eine Aufnahme oder Schulung auf Niederl\u00e4ndisch oder Englisch zu absolvieren. Wir lernen immer noch Spanisch&#8230;  <\/p>\n<p>[\/et_pb_text][\/et_pb_column][\/et_pb_row][\/et_pb_section]<\/p>\n","protected":false},"excerpt":{"rendered":"<p>Kontakt? M\u00f6chten Sie mehr \u00fcber Estepona, VisitEstepona erfahren oder haben Sie Erg\u00e4nzungen f\u00fcr die Website? Lassen Sie es uns wissen. Wir arbeiten mit jedem, der eine Beziehung zu Estepona hat oder haben m\u00f6chte. Sch\u00f6n, wenn Sie in Kontakt treten! Mail naar hello@visitestepona.eu<div class=\"et_bloom_inline_form et_bloom_optin et_bloom_make_form_visible et_bloom_optin_1\" style=\"display: none;\">\n\t\t\t\t<style type=\"text\/css\">.et_bloom .et_bloom_optin_1 .et_bloom_form_content { background-color: #e2e2e2 !important; } .et_bloom .et_bloom_optin_1 .et_bloom_form_container .et_bloom_form_header { background-color: #456091 !important; } .et_bloom .et_bloom_optin_1 .carrot_edge .et_bloom_form_content:before { border-top-color: #456091 !important; } .et_bloom .et_bloom_optin_1 .carrot_edge.et_bloom_form_right .et_bloom_form_content:before, .et_bloom .et_bloom_optin_1 .carrot_edge.et_bloom_form_left .et_bloom_form_content:before { border-top-color: transparent !important; border-left-color: #456091 !important; }\n\t\t\t\t\t\t@media only screen and ( max-width: 767px ) {.et_bloom .et_bloom_optin_1 .carrot_edge.et_bloom_form_right .et_bloom_form_content:before { border-top-color: #456091 !important; border-left-color: transparent !important; }.et_bloom .et_bloom_optin_1 .carrot_edge.et_bloom_form_left .et_bloom_form_content:after { border-bottom-color: #456091 !important; border-left-color: transparent !important; }\n\t\t\t\t\t\t}.et_bloom .et_bloom_optin_1 .et_bloom_form_content button { background-color: #c63e59 !important; } .et_bloom .et_bloom_optin_1 .et_bloom_form_content .et_bloom_fields i { color: #c63e59 !important; } .et_bloom .et_bloom_optin_1 .et_bloom_form_content .et_bloom_custom_field_radio i:before { background: #c63e59 !important; } .et_bloom .et_bloom_optin_1.et_bloom_optin .et_bloom_border_letter { background: repeating-linear-gradient( 135deg, #3b3b3b, #3b3b3b 10px, #fff 10px, #fff 20px, #f84d3b 20px, #f84d3b 30px, #fff 30px, #fff 40px ) !important; } .et_bloom .et_bloom_optin_1 .et_bloom_form_content button { background-color: #c63e59 !important; } .et_bloom .et_bloom_optin_1 .et_bloom_form_container h2, .et_bloom .et_bloom_optin_1 .et_bloom_form_container h2 span, .et_bloom .et_bloom_optin_1 .et_bloom_form_container h2 strong { font-family: \"Open Sans\", Helvetica, Arial, Lucida, sans-serif; }.et_bloom .et_bloom_optin_1 .et_bloom_form_container p, .et_bloom .et_bloom_optin_1 .et_bloom_form_container p span, .et_bloom .et_bloom_optin_1 .et_bloom_form_container p strong, .et_bloom .et_bloom_optin_1 .et_bloom_form_container form input, .et_bloom .et_bloom_optin_1 .et_bloom_form_container form button span { font-family: \"Open Sans\", Helvetica, Arial, Lucida, sans-serif; } <\/style>\n\t\t\t\t<div class=\"et_bloom_form_container  with_edge carrot_edge et_bloom_border_letter et_bloom_rounded_corners et_bloom_rounded et_bloom_form_text_dark et_bloom_form_bottom et_bloom_inline_2_fields\">\n\t\t\t\t\t\n\t\t\t<div class=\"et_bloom_form_container_wrapper clearfix\">\n\t\t\t\t<div class=\"et_bloom_header_outer\">\n\t\t\t\t\t<div class=\"et_bloom_form_header split image_right et_bloom_header_text_light\">\n\t\t\t\t\t\t<img width=\"610\" height=\"458\" src=\"https:\/\/visitestepona.eu\/wp-content\/uploads\/2020\/05\/Newsletter-VisitEstepona-610x458.jpg\" class=\" et_bloom_image_slideup et_bloom_image\" alt=\"Newsletter VisitEstepona\" decoding=\"async\" loading=\"lazy\" srcset=\"https:\/\/visitestepona.eu\/wp-content\/uploads\/2020\/05\/Newsletter-VisitEstepona-610x458.jpg 610w, https:\/\/visitestepona.eu\/wp-content\/uploads\/2020\/05\/Newsletter-VisitEstepona-480x360.jpg 480w\" sizes=\"(min-width: 0px) and (max-width: 480px) 480px, (min-width: 481px) 610px, 100vw\" \/>\n\t\t\t\t\t\t<div class=\"et_bloom_form_text\">\n\t\t\t\t\t\t<h2>Subscribe To Our Newsletter<\/h2><p>Join our mailing list to receive the latest news and updates from our team.<\/p>\n\t\t\t\t\t<\/div>\n\t\t\t\t\t\t\n\t\t\t\t\t<\/div>\n\t\t\t\t<\/div>\n\t\t\t\t<div class=\"et_bloom_form_content et_bloom_2_fields et_bloom_bottom_inline\">\n\t\t\t\t\t\n\t\t\t\t\t\n\t\t\t\t\t<form method=\"post\" class=\"clearfix\">\n\t\t\t\t\t\t<div class=\"et_bloom_fields\">\n\t\t\t\t\t\t\t<p class=\"et_bloom_popup_input et_bloom_subscribe_name\">\n\t\t\t\t\t\t\t\t<input placeholder=\"Name\" maxlength=\"50\">\n\t\t\t\t\t\t\t<\/p>\n\t\t\t\t\t\t\t<p class=\"et_bloom_popup_input et_bloom_subscribe_email\">\n\t\t\t\t\t\t\t\t<input placeholder=\"E-mailadres\">\n\t\t\t\t\t\t\t<\/p>\n\t\t\t\t\t\t\t\n\t\t\t\t\t\t\t<button data-optin_id=\"optin_1\" data-service=\"mailchimp\" data-list_id=\"4f91c51d10\" data-page_id=\"1617\" data-account=\"VisitEstepona\" data-ip_address=\"true\" class=\"et_bloom_submit_subscription\">\n\t\t\t\t\t\t\t\t<span class=\"et_bloom_subscribe_loader\"><\/span>\n\t\t\t\t\t\t\t\t<span class=\"et_bloom_button_text et_bloom_button_text_color_light\">SUBSCRIBE!<\/span>\n\t\t\t\t\t\t\t<\/button>\n\t\t\t\t\t\t<\/div>\n\t\t\t\t\t<\/form>\n\t\t\t\t\t<div class=\"et_bloom_success_container\">\n\t\t\t\t\t\t<span class=\"et_bloom_success_checkmark\"><\/span>\n\t\t\t\t\t<\/div>\n\t\t\t\t\t<h2 class=\"et_bloom_success_message\">You have Successfully Subscribed!<\/h2>\n\t\t\t\t\t\n\t\t\t\t<\/div>\n\t\t\t<\/div>\n\t\t\t<span class=\"et_bloom_close_button\"><\/span>\n\t\t\t\t<\/div>\n\t\t\t<\/div>\u00dcber Visit Estepona Diese Website wurde 2019 w\u00e4hrend unseres ersten Besuchs in Estepona\u2026 <a href=\"https:\/\/visitestepona.eu\/de\/beruehrung\/\">Read More &raquo;<\/a><\/p>\n","protected":false},"author":1,"featured_media":0,"parent":0,"menu_order":97,"comment_status":"closed","ping_status":"closed","template":"","meta":{"_acf_changed":false,"_et_pb_use_builder":"on","_et_pb_old_content":"","_et_gb_content_width":"","footnotes":""},"class_list":["post-1617","page","type-page","status-publish","hentry"],"acf":[],"_links":{"self":[{"href":"https:\/\/visitestepona.eu\/de\/wp-json\/wp\/v2\/pages\/1617","targetHints":{"allow":["GET"]}}],"collection":[{"href":"https:\/\/visitestepona.eu\/de\/wp-json\/wp\/v2\/pages"}],"about":[{"href":"https:\/\/visitestepona.eu\/de\/wp-json\/wp\/v2\/types\/page"}],"author":[{"embeddable":true,"href":"https:\/\/visitestepona.eu\/de\/wp-json\/wp\/v2\/users\/1"}],"replies":[{"embeddable":true,"href":"https:\/\/visitestepona.eu\/de\/wp-json\/wp\/v2\/comments?post=1617"}],"version-history":[{"count":3,"href":"https:\/\/visitestepona.eu\/de\/wp-json\/wp\/v2\/pages\/1617\/revisions"}],"predecessor-version":[{"id":228156,"href":"https:\/\/visitestepona.eu\/de\/wp-json\/wp\/v2\/pages\/1617\/revisions\/228156"}],"wp:attachment":[{"href":"https:\/\/visitestepona.eu\/de\/wp-json\/wp\/v2\/media?parent=1617"}],"curies":[{"name":"wp","href":"https:\/\/api.w.org\/{rel}","templated":true}]}}