{"id":1604,"date":"2020-05-12T11:00:09","date_gmt":"2020-05-12T11:00:09","guid":{"rendered":"https:\/\/visitestepona.eu\/estepona-tipps\/"},"modified":"2023-10-20T20:55:10","modified_gmt":"2023-10-20T20:55:10","slug":"estepona-tipps","status":"publish","type":"page","link":"https:\/\/visitestepona.eu\/de\/estepona-tipps\/","title":{"rendered":"Estepona Tipps"},"content":{"rendered":"<p>[et_pb_section fb_built=&#8220;1&#8243; _builder_version=&#8220;4.22.2&#8243; _module_preset=&#8220;default&#8220; background_color=&#8220;#FFFFFF&#8220; locked=&#8220;off&#8220; global_colors_info=&#8220;{}&#8220;][et_pb_row column_structure=&#8220;3_4,1_4&#8243; _builder_version=&#8220;4.22.2&#8243; _module_preset=&#8220;default&#8220; width=&#8220;90%&#8220; hover_enabled=&#8220;0&#8243; global_colors_info=&#8220;{}&#8220; max_width=&#8220;1400px&#8220; sticky_enabled=&#8220;0&#8243;][et_pb_column type=&#8220;3_4&#8243; _builder_version=&#8220;4.16&#8243; _module_preset=&#8220;default&#8220; global_colors_info=&#8220;{}&#8220;][et_pb_blog posts_number=&#8220;24&#8243; excerpt_length=&#8220;180&#8243; show_more=&#8220;on&#8220; show_author=&#8220;off&#8220; show_date=&#8220;off&#8220; use_overlay=&#8220;on&#8220; overlay_icon_color=&#8220;rgba(0,0,0,0)&#8220; hover_overlay_color=&#8220;#f2f2f2&#8243; admin_label=&#8220;Full Width List Image Left, 1&#215;1 column Blog Module&#8220; module_class=&#8220;divilife-11-col-blog-img-alternating&#8220; _builder_version=&#8220;4.22.2&#8243; _module_preset=&#8220;default&#8220; header_font=&#8220;|600|||||||&#8220; header_text_color=&#8220;#5b5b5b&#8220; header_font_size=&#8220;36px&#8220; header_line_height=&#8220;1.3em&#8220; body_font=&#8220;||||||||&#8220; body_text_color=&#8220;#5B5B5B&#8220; body_line_height=&#8220;1.8em&#8220; meta_font=&#8220;Raleway||||||||&#8220; meta_font_size=&#8220;15px&#8220; read_more_font=&#8220;||||||||&#8220; read_more_text_color=&#8220;#456091&#8243; read_more_font_size=&#8220;16px&#8220; animation_style=&#8220;fade&#8220; hover_enabled=&#8220;0&#8243; header_font_size_tablet=&#8220;28px&#8220; header_font_size_phone=&#8220;24px&#8220; header_font_size_last_edited=&#8220;on|phone&#8220; custom_css_title=&#8220;padding: 60px 5% 16px;&#8220; custom_css_content=&#8220;padding: 16px 5% 60px;&#8220; custom_css_post_meta=&#8220;padding: 0 5%;&#8220; custom_css_read_more=&#8220;display: inline-block;||margin: 18px 0 0;||text-transform: capitalize;&#8220; border_width_all=&#8220;0px&#8220; global_colors_info=&#8220;{}&#8220; custom_css_title_last_edited=&#8220;on|phone&#8220; custom_css_content_last_edited=&#8220;on|desktop&#8220; custom_css_title_tablet=&#8220;padding: 40px 5% 16px;&#8220; custom_css_title_phone=&#8220;padding: 30px 30px 16px;&#8220; custom_css_content_tablet=&#8220;padding: 16px 5% 40px;&#8220; custom_css_content_phone=&#8220;padding: 16px 30px 30px;&#8220; custom_css_post_meta_last_edited=&#8220;on|phone&#8220; custom_css_post_meta_phone=&#8220;padding: 0 30px;&#8220; custom_css_post_meta_tablet=&#8220;padding: 0 5%;&#8220; sticky_enabled=&#8220;0&#8243;][\/et_pb_blog][et_pb_code admin_label=&#8220;Benutzerdefiniertes CSS &amp; JS&#8220; _builder_version=&#8220;4.16&#8243; _module_preset=&#8220;default&#8220; global_colors_info=&#8220;{}&#8220;]<\/p>\n<style><!-- [et_pb_line_break_holder] --><!-- [et_pb_line_break_holder] -->.divilife-11-col-blog-img-alternating .et_pb_post {<!-- [et_pb_line_break_holder] -->  position: relative;<!-- [et_pb_line_break_holder] -->  overflow: hidden;<!-- [et_pb_line_break_holder] -->}<!-- [et_pb_line_break_holder] -->  <!-- [et_pb_line_break_holder] -->.divilife-11-col-blog-img-alternating .et_pb_post .entry-featured-image-url { margin: 0; }<!-- [et_pb_line_break_holder] --><!-- [et_pb_line_break_holder] -->.divilife-11-col-blog-img-alternating .et_pb_post .entry-featured-image-url .et_overlay {<!-- [et_pb_line_break_holder] -->  z-index: -1 !important;<!-- [et_pb_line_break_holder] -->  opacity: 1;<!-- [et_pb_line_break_holder] -->  width: 400%;<!-- [et_pb_line_break_holder] -->  left: -200%;<!-- [et_pb_line_break_holder] -->  border: none;<!-- [et_pb_line_break_holder] -->}<!-- [et_pb_line_break_holder] -->  <!-- [et_pb_line_break_holder] -->\/***This reorders Blog Posts Post Meta items***\/<!-- [et_pb_line_break_holder] -->.divilife-11-col-blog-img-alternating .et_pb_post .post-meta { <!-- [et_pb_line_break_holder] -->  display: flex; <!-- [et_pb_line_break_holder] -->  flex-wrap: wrap;<!-- [et_pb_line_break_holder] -->  align-items: center;<!-- [et_pb_line_break_holder] -->}<!-- [et_pb_line_break_holder] -->.divilife-11-col-blog-img-alternating .et_pb_post .post-meta .published { order: 1; }<!-- [et_pb_line_break_holder] -->.divilife-11-col-blog-img-alternating .et_pb_post .post-meta .author { order: 2; margin-right: 7px; }<!-- [et_pb_line_break_holder] -->.divilife-11-col-blog-img-alternating .et_pb_post .post-meta a[rel=\"tag\"], <!-- [et_pb_line_break_holder] -->.divilife-11-col-blog-img-alternating .et_pb_post .post-cat-wrapper { order: 3; }<!-- [et_pb_line_break_holder] --><!-- [et_pb_line_break_holder] -->.divilife-11-col-blog-img-alternating .et_pb_post .post-meta .published:after {<!-- [et_pb_line_break_holder] -->  content: '|';<!-- [et_pb_line_break_holder] -->  display: inline-block;<!-- [et_pb_line_break_holder] -->  margin: 0 5px;<!-- [et_pb_line_break_holder] -->}<!-- [et_pb_line_break_holder] -->.divilife-11-col-blog-img-alternating .et_pb_post .post-meta a[rel=\"tag\"] {<!-- [et_pb_line_break_holder] -->  display: inline-block;<!-- [et_pb_line_break_holder] -->  margin: 5px 0 5px 7px;<!-- [et_pb_line_break_holder] -->  border: 1px solid;<!-- [et_pb_line_break_holder] -->  padding: 2px 10px;<!-- [et_pb_line_break_holder] -->  border-radius: 30px;<!-- [et_pb_line_break_holder] -->}<!-- [et_pb_line_break_holder] --><!-- [et_pb_line_break_holder] -->@media(min-width: 981px) {<!-- [et_pb_line_break_holder] -->\t.divilife-11-col-blog-img-alternating .et_pb_post .post-meta .post-cat-wrapper { margin: 0 0 0 auto; }<!-- [et_pb_line_break_holder] -->}<!-- [et_pb_line_break_holder] -->@media(max-width: 980px) {<!-- [et_pb_line_break_holder] -->\t.divilife-11-col-blog-img-alternating .et_pb_post .post-meta .post-cat-wrapper { width: 100%; margin: 10px 0 0 -7px; }<!-- [et_pb_line_break_holder] -->}<!-- [et_pb_line_break_holder] -->  <!-- [et_pb_line_break_holder] --><!-- [et_pb_line_break_holder] -->@media(min-width: 768px) {<!-- [et_pb_line_break_holder] -->  .divilife-11-col-blog-img-alternating .et_pb_post &gt; * { width: 50%; }<!-- [et_pb_line_break_holder] -->  .divilife-11-col-blog-img-alternating .et_pb_post:nth-of-type(odd) &gt; * { margin: 0 0 0 auto; }<!-- [et_pb_line_break_holder] -->  .divilife-11-col-blog-img-alternating .et_pb_post:nth-of-type(even) &gt; * { margin: 0 auto 0 0; }<!-- [et_pb_line_break_holder] -->  <!-- [et_pb_line_break_holder] -->  .divilife-11-col-blog-img-alternating .et_pb_post .entry-featured-image-url {<!-- [et_pb_line_break_holder] -->    position: absolute;<!-- [et_pb_line_break_holder] -->    top: 0;<!-- [et_pb_line_break_holder] -->    width: 50%;<!-- [et_pb_line_break_holder] -->    height: 100%;<!-- [et_pb_line_break_holder] -->  }<!-- [et_pb_line_break_holder] -->  .divilife-11-col-blog-img-alternating .et_pb_post:nth-of-type(odd) .entry-featured-image-url { left: 0; }<!-- [et_pb_line_break_holder] -->  .divilife-11-col-blog-img-alternating .et_pb_post:nth-of-type(even) .entry-featured-image-url { right: 0; }<!-- [et_pb_line_break_holder] -->  <!-- [et_pb_line_break_holder] -->  .divilife-11-col-blog-img-alternating .et_pb_post .entry-featured-image-url img {<!-- [et_pb_line_break_holder] -->    width: 100%;<!-- [et_pb_line_break_holder] -->    height: 100%;<!-- [et_pb_line_break_holder] -->    object-fit: cover;<!-- [et_pb_line_break_holder] -->  }<!-- [et_pb_line_break_holder] -->}<!-- [et_pb_line_break_holder] --><!-- [et_pb_line_break_holder] -->@media(max-width: 767px) {<!-- [et_pb_line_break_holder] -->  .divilife-11-col-blog-img-alternating .et_pb_post .entry-featured-image-url .et_overlay {<!-- [et_pb_line_break_holder] -->    top: 100%;<!-- [et_pb_line_break_holder] -->    height: 300%;<!-- [et_pb_line_break_holder] -->  }<!-- [et_pb_line_break_holder] -->}<!-- [et_pb_line_break_holder] --><!-- [et_pb_line_break_holder] --><\/style>\n<p><!-- [et_pb_line_break_holder] --><!-- [et_pb_line_break_holder] --><script><!-- [et_pb_line_break_holder] --><!-- [et_pb_line_break_holder] -->jQuery(document).on('ready ajaxComplete', function() {<!-- [et_pb_line_break_holder] -->  <!-- [et_pb_line_break_holder] -->  \/\/This removes the Post Meta Default Separators due to reordering<!-- [et_pb_line_break_holder] -->  jQuery('.divilife-11-col-blog-img-alternating .et_pb_post .post-meta').contents().filter(function() { <!-- [et_pb_line_break_holder] -->    return this.nodeType == 3; <!-- [et_pb_line_break_holder] -->  }).replaceWith('');<!-- [et_pb_line_break_holder] -->  <!-- [et_pb_line_break_holder] -->  \/\/This wraps all categories for easier positioning - see css<!-- [et_pb_line_break_holder] -->  jQuery('.divilife-11-col-blog-img-alternating .et_pb_post').each(function() { <!-- [et_pb_line_break_holder] -->    jQuery(this).find('.post-meta a[rel=\"tag\"]').wrapAll('<\/p>\n<div class=\"post-cat-wrapper\"\/>');<!-- [et_pb_line_break_holder] -->  });<!-- [et_pb_line_break_holder] -->  <!-- [et_pb_line_break_holder] -->  \/\/This reads the color of post Read More button\/link and applies it on Category links only, instead of all meta text<!-- [et_pb_line_break_holder] -->  var postTitleColor = jQuery('.divilife-11-col-blog-img-alternating .post-content a.more-link').css('color');<!-- [et_pb_line_break_holder] -->\tjQuery('.divilife-11-col-blog-img-alternating .post-meta a[rel=\"tag\"]').css('color', postTitleColor);<!-- [et_pb_line_break_holder] -->  <!-- [et_pb_line_break_holder] -->});<!-- [et_pb_line_break_holder] --><!-- [et_pb_line_break_holder] --><\/script>[\/et_pb_code][\/et_pb_column][et_pb_column type=&#8220;1_4&#8243; _builder_version=&#8220;4.16&#8243; _module_preset=&#8220;default&#8220; global_colors_info=&#8220;{}&#8220;][et_pb_sidebar orientation=&#8220;right&#8220; show_border=&#8220;off&#8220; _builder_version=&#8220;4.22.2&#8243; _module_preset=&#8220;default&#8220; hover_enabled=&#8220;0&#8243; global_colors_info=&#8220;{}&#8220; sticky_enabled=&#8220;0&#8243;][\/et_pb_sidebar][\/et_pb_column][\/et_pb_row][\/et_pb_section][et_pb_section fb_built=&#8220;1&#8243; _builder_version=&#8220;4.16&#8243; global_colors_info=&#8220;{}&#8220;][et_pb_row module_id=&#8220;SendaLitoral&#8220; _builder_version=&#8220;4.16&#8243; global_colors_info=&#8220;{}&#8220;][et_pb_column type=&#8220;4_4&#8243; _builder_version=&#8220;4.16&#8243; global_colors_info=&#8220;{}&#8220;][et_pb_testimonial portrait_url=&#8220;https:\/\/visitestepona.eu\/wp-content\/uploads\/2019\/12\/IMG_0421.jpeg&#8220; _builder_version=&#8220;4.16&#8243; global_colors_info=&#8220;{}&#8220;]<\/p>\n<p>das<span> <\/span><strong>Senda Litoral de Malaga<\/strong><span> <\/span>(Malaga Coastal Path) ist ein geplanter 160 km langer Weg, der der gesamten K\u00fcste der Provinz Malaga von Manilva nach Nerja folgt. Nach seiner Fertigstellung wird dieser Fernweg eine wichtige Touristenattraktion f\u00fcr die Costa del Sol und f\u00fcr Andalusien sein. <\/p>\n<p>Der K\u00fcstenweg wird durch die Verbindung aller bestehenden Uferpromenaden der Stadt geschaffen; Neubau neuer gepflasterter Wege &#8211; seit vielen Jahren muss jede neu gebaute Strandbebauung ihren Streckenabschnitt bauen; Bau von Holzstegen, wo das Gel\u00e4nde erfordert. <\/p>\n<p>Der Pfadverweis wird<span> <\/span><strong>GR92;<\/strong><span> <\/span>es hat sein eigenes Logo und eine eigene Website (www.sendalitoral.es). Der Km 0-Startpunkt wird der emblematische B<strong>alcon de Europa<\/strong> sein<span> <\/span>in Nerja und das Ziel wurde<span> <\/span><strong>Castillo de la Duquesa<\/strong><span> <\/span>in Manilva, wurde aber auf<span> <\/span><strong>Punta Chullera<\/strong>, die Provinzgrenze zu Cadiz. Man hofft, dass es n\u00fctzlich sein wird, dass es auf Sotogrande Marina ausgedehnt wird.<\/p>\n<p>Auf der Karte<span> <\/span>unten<span> <\/span>ist der Weg <strong>gr\u00fcn<\/strong> <span> <\/span>markiert, wo<span> <\/span>komplett, <strong>orange,<\/strong> <span> <\/span>wo<span> <\/span>Sie leicht durch einen Hafen, Yachthafen oder eine andere Zone gehen k\u00f6nnen, <strong>blau,<\/strong> <span> <\/span>wo Sie am Strand gehen m\u00fcssen, und <strong>rot,<\/strong> <span> <\/span>wo Sie eine sichere Umleitung machen k\u00f6nnen, um zum n\u00e4chsten Abschnitt zu verbinden.<\/p>\n<p>[\/et_pb_testimonial][et_pb_code _builder_version=&#8220;4.16&#8243; text_orientation=&#8220;center&#8220; global_colors_info=&#8220;{}&#8220;]<iframe loading=\"lazy\" src=\"https:\/\/www.google.com\/maps\/d\/embed?mid=15jTRQx7DlApwHcAJ38YeOjZIZyw\" width=\"1080\" height=\"880\"><\/iframe>[\/et_pb_code][et_pb_text _builder_version=&#8220;4.16&#8243; global_colors_info=&#8220;{}&#8220;]<\/p>\n<h2>SCHL\u00dcSSELORDNER<\/h2>\n<p><strong>GR\u00dcN<\/strong> <span> <\/span>&#8211; der K\u00fcstenweg ist fertig<\/p>\n<p><strong>ORANGE<\/strong> <span> <\/span>&#8211; Sie k\u00f6nnen leicht durch einen Hafen, Yachthafen oder eine andere Zone zu Fu\u00df,<\/p>\n<p><strong>BLAU<\/strong> <span> <\/span>&#8211; Sie m\u00fcssen am Strand spazieren gehen<\/p>\n<p><strong>RED<\/strong> <span> <\/span>&#8211; Sie k\u00f6nnen eine sichere Umleitung machen, um mit dem n\u00e4chsten Abschnitt zu verbinden.<\/p>\n<h2>Radfahrer<\/h2>\n<p>Die Regeln f\u00fcr Radfahrer variieren von Abschnitt zu Abschnitt, je nach den Regeln der jeweiligen Stadt. In Estepona sind Radfahrer auf der Promenade nicht erlaubt. In Mijas Costa sind Radfahrer am Wochenende nicht auf der Promenade erlaubt. In Marbella m\u00fcssen sich Radfahrer, die die Promenade benutzen, an ein Tempolimit von 10 km\/h halten und Fu\u00dfg\u00e4ngern weichen.<\/p>\n<p>[\/et_pb_text][\/et_pb_column][\/et_pb_row][et_pb_row column_structure=&#8220;1_3,1_3,1_3&#8243; _builder_version=&#8220;4.16&#8243; global_colors_info=&#8220;{}&#8220;][et_pb_column type=&#8220;1_3&#8243; _builder_version=&#8220;4.16&#8243; global_colors_info=&#8220;{}&#8220;][et_pb_code _builder_version=&#8220;4.16&#8243; global_colors_info=&#8220;{}&#8220;]<iframe loading=\"lazy\" width=\"560\" height=\"315\" src=\"https:\/\/www.youtube.com\/embed\/vVHQz-z7T-0\" frameborder=\"0\" allow=\"accelerometer; autoplay; encrypted-media; gyroscope; picture-in-picture\" allowfullscreen=\"\"><\/iframe>[\/et_pb_code][\/et_pb_column][et_pb_column type=&#8220;1_3&#8243; _builder_version=&#8220;4.16&#8243; global_colors_info=&#8220;{}&#8220;][et_pb_code _builder_version=&#8220;4.16&#8243; global_colors_info=&#8220;{}&#8220;]<iframe loading=\"lazy\" width=\"560\" height=\"315\" src=\"https:\/\/www.youtube.com\/embed\/vWN8t92vBQ0\" frameborder=\"0\" allow=\"accelerometer; autoplay; encrypted-media; gyroscope; picture-in-picture\" allowfullscreen=\"\"><\/iframe>[\/et_pb_code][\/et_pb_column][et_pb_column type=&#8220;1_3&#8243; _builder_version=&#8220;4.16&#8243; global_colors_info=&#8220;{}&#8220;][et_pb_video src=&#8220;https:\/\/youtu.be\/7DMzCyg7vsA&#8220; _builder_version=&#8220;4.16&#8243; global_colors_info=&#8220;{}&#8220;][\/et_pb_video][\/et_pb_column][\/et_pb_row][\/et_pb_section]<\/p>\n","protected":false},"excerpt":{"rendered":"<p>das Senda Litoral de Malaga (Malaga Coastal Path) ist ein geplanter 160 km langer Weg, der der gesamten K\u00fcste der Provinz Malaga von Manilva nach Nerja folgt. Nach seiner Fertigstellung wird dieser Fernweg eine wichtige Touristenattraktion f\u00fcr die Costa del Sol und f\u00fcr Andalusien sein. Der K\u00fcstenweg wird durch die Verbindung aller bestehenden Uferpromenaden der\u2026 <a href=\"https:\/\/visitestepona.eu\/de\/estepona-tipps\/\">Read More &raquo;<\/a><\/p>\n","protected":false},"author":1,"featured_media":1605,"parent":0,"menu_order":91,"comment_status":"closed","ping_status":"closed","template":"","meta":{"_acf_changed":false,"_et_pb_use_builder":"on","_et_pb_old_content":"","_et_gb_content_width":"","footnotes":""},"class_list":["post-1604","page","type-page","status-publish","has-post-thumbnail","hentry"],"acf":[],"_links":{"self":[{"href":"https:\/\/visitestepona.eu\/de\/wp-json\/wp\/v2\/pages\/1604","targetHints":{"allow":["GET"]}}],"collection":[{"href":"https:\/\/visitestepona.eu\/de\/wp-json\/wp\/v2\/pages"}],"about":[{"href":"https:\/\/visitestepona.eu\/de\/wp-json\/wp\/v2\/types\/page"}],"author":[{"embeddable":true,"href":"https:\/\/visitestepona.eu\/de\/wp-json\/wp\/v2\/users\/1"}],"replies":[{"embeddable":true,"href":"https:\/\/visitestepona.eu\/de\/wp-json\/wp\/v2\/comments?post=1604"}],"version-history":[{"count":0,"href":"https:\/\/visitestepona.eu\/de\/wp-json\/wp\/v2\/pages\/1604\/revisions"}],"wp:featuredmedia":[{"embeddable":true,"href":"https:\/\/visitestepona.eu\/de\/wp-json\/wp\/v2\/media\/1605"}],"wp:attachment":[{"href":"https:\/\/visitestepona.eu\/de\/wp-json\/wp\/v2\/media?parent=1604"}],"curies":[{"name":"wp","href":"https:\/\/api.w.org\/{rel}","templated":true}]}}