{"id":1593,"date":"2020-05-12T10:54:22","date_gmt":"2020-05-12T10:54:22","guid":{"rendered":"https:\/\/visitestepona.eu\/estepona-golf\/"},"modified":"2020-05-12T10:54:32","modified_gmt":"2020-05-12T10:54:32","slug":"estepona-golf","status":"publish","type":"page","link":"https:\/\/visitestepona.eu\/de\/estepona-golf\/","title":{"rendered":"Estepona Golf"},"content":{"rendered":"\n[et_pb_section fb_built=&#8220;1&#8243; _builder_version=&#8220;4.1&#8243;][et_pb_row _builder_version=&#8220;4.1&#8243;][et_pb_column type=&#8220;4_4&#8243; _builder_version=&#8220;4.1&#8243;][et_pb_blog fullwidth=&#8220;off&#8220; posts_number=&#8220;12&#8243; include_categories=&#8220;32&#8243; show_more=&#8220;on&#8220; show_author=&#8220;off&#8220; show_date=&#8220;off&#8220; _builder_version=&#8220;4.3.4&#8243; hover_enabled=&#8220;0&#8243;][\/et_pb_blog][\/et_pb_column][\/et_pb_row][et_pb_row module_id=&#8220;SendaLitoral&#8220; _builder_version=&#8220;4.1&#8243;][et_pb_column type=&#8220;4_4&#8243; _builder_version=&#8220;4.1&#8243;][et_pb_testimonial portrait_url=&#8220;https:\/\/visitestepona.eu\/wp-content\/uploads\/2019\/12\/IMG_0421.jpeg&#8220; disabled_on=&#8220;on|on|on&#8220; _builder_version=&#8220;4.3.4&#8243; disabled=&#8220;on&#8220;]<p>das<span> <\/span><strong>Senda Litoral de Malaga<\/strong><span> <\/span>(Malaga Coastal Path) ist ein geplanter 160 km langer Weg, der der gesamten K\u00fcste der Provinz Malaga von Manilva nach Nerja folgt. Nach seiner Fertigstellung wird dieser Fernweg eine wichtige Touristenattraktion f\u00fcr die Costa del Sol und f\u00fcr Andalusien sein. <\/p>\n<p>Der K\u00fcstenweg wird durch die Verbindung aller bestehenden Uferpromenaden der Stadt geschaffen; Neubau neuer gepflasterter Wege &#8211; seit vielen Jahren muss jede neu gebaute Strandbebauung ihren Streckenabschnitt bauen; Bau von Holzstegen, wo das Gel\u00e4nde erfordert. <\/p>\n<p>Der Pfadverweis wird<span> <\/span><strong>GR92;<\/strong><span> <\/span>es hat sein eigenes Logo und eine eigene Website (www.sendalitoral.es). Der Km 0-Startpunkt wird der emblematische B<strong>alcon de Europa<\/strong> sein<span> <\/span>in Nerja und das Ziel wurde<span> <\/span><strong>Castillo de la Duquesa<\/strong><span> <\/span>in Manilva, wurde aber auf<span> <\/span><strong>Punta Chullera<\/strong>, die Provinzgrenze zu Cadiz. Man hofft, dass es n\u00fctzlich sein wird, dass es auf Sotogrande Marina ausgedehnt wird.<\/p>\n<p>Auf der Karte<span> <\/span>unten<span> <\/span>ist der Weg <strong>gr\u00fcn<\/strong> <span> <\/span>markiert, wo<span> <\/span>komplett, <strong>orange,<\/strong> <span> <\/span>wo<span> <\/span>Sie leicht durch einen Hafen, Yachthafen oder eine andere Zone gehen k\u00f6nnen, <strong>blau,<\/strong> <span> <\/span>wo Sie am Strand gehen m\u00fcssen, und <strong>rot,<\/strong> <span> <\/span>wo Sie eine sichere Umleitung machen k\u00f6nnen, um zum n\u00e4chsten Abschnitt zu verbinden.<\/p>[\/et_pb_testimonial][\/et_pb_column][\/et_pb_row][\/et_pb_section]\n","protected":false},"excerpt":{"rendered":"<p>das Senda Litoral de Malaga (Malaga Coastal Path) ist ein geplanter 160 km langer Weg, der der gesamten K\u00fcste der Provinz Malaga von Manilva nach Nerja folgt. Nach seiner Fertigstellung wird dieser Fernweg eine wichtige Touristenattraktion f\u00fcr die Costa del Sol und f\u00fcr Andalusien sein. Der K\u00fcstenweg wird durch die Verbindung aller bestehenden Uferpromenaden der\u2026 <a href=\"https:\/\/visitestepona.eu\/de\/estepona-golf\/\">Read More &raquo;<\/a><\/p>\n","protected":false},"author":1,"featured_media":0,"parent":0,"menu_order":87,"comment_status":"closed","ping_status":"closed","template":"","meta":{"_acf_changed":false,"_et_pb_use_builder":"on","_et_pb_old_content":"","_et_gb_content_width":"","footnotes":""},"class_list":["post-1593","page","type-page","status-publish","hentry"],"acf":[],"_links":{"self":[{"href":"https:\/\/visitestepona.eu\/de\/wp-json\/wp\/v2\/pages\/1593","targetHints":{"allow":["GET"]}}],"collection":[{"href":"https:\/\/visitestepona.eu\/de\/wp-json\/wp\/v2\/pages"}],"about":[{"href":"https:\/\/visitestepona.eu\/de\/wp-json\/wp\/v2\/types\/page"}],"author":[{"embeddable":true,"href":"https:\/\/visitestepona.eu\/de\/wp-json\/wp\/v2\/users\/1"}],"replies":[{"embeddable":true,"href":"https:\/\/visitestepona.eu\/de\/wp-json\/wp\/v2\/comments?post=1593"}],"version-history":[{"count":0,"href":"https:\/\/visitestepona.eu\/de\/wp-json\/wp\/v2\/pages\/1593\/revisions"}],"wp:attachment":[{"href":"https:\/\/visitestepona.eu\/de\/wp-json\/wp\/v2\/media?parent=1593"}],"curies":[{"name":"wp","href":"https:\/\/api.w.org\/{rel}","templated":true}]}}