{"id":1581,"date":"2020-05-12T09:25:01","date_gmt":"2020-05-12T09:25:01","guid":{"rendered":"https:\/\/visitestepona.eu\/besuchen-sie-estepona\/"},"modified":"2025-10-06T14:16:52","modified_gmt":"2025-10-06T14:16:52","slug":"besuchen-sie-estepona","status":"publish","type":"page","link":"https:\/\/visitestepona.eu\/de\/","title":{"rendered":"Besuchen Sie Estepona!"},"content":{"rendered":"<p>[et_pb_section fb_built=&#8220;1&#8243; disabled_on=&#8220;off|off|off&#8220; admin_label=&#8220;Restaurant&#8220; _builder_version=&#8220;4.16&#8243; use_background_color_gradient=&#8220;on&#8220; background_color_gradient_stops=&#8220;rgba(0,0,0,0) 0%|rgba(0,0,0,0) 80%&#8220; background_color_gradient_overlays_image=&#8220;on&#8220; background_color_gradient_start=&#8220;rgba(0,0,0,0)&#8220; background_color_gradient_end=&#8220;rgba(0,0,0,0)&#8220; background_color_gradient_end_position=&#8220;80%&#8220; background_image=&#8220;https:\/\/visitestepona.eu\/wp-content\/uploads\/2020\/05\/EsteponaCalleCruz.jpg&#8220; custom_padding=&#8220;|0px|0|0px|false|false&#8220; global_colors_info=&#8220;{}&#8220; background_color_gradient_start__hover=&#8220;#2b87da&#8220; background_color_gradient_start__hover_enabled=&#8220;#2b87da&#8220; background_color_gradient_end__hover=&#8220;#29c4a9&#8243; background_color_gradient_end__hover_enabled=&#8220;#29c4a9&#8243; use_background_color_gradient__hover=&#8220;off&#8220; use_background_color_gradient__hover_enabled=&#8220;off&#8220; background_color_gradient_type__hover=&#8220;linear&#8220; background_color_gradient_type__hover_enabled=&#8220;linear&#8220; background_color_gradient_direction__hover=&#8220;180deg&#8220; background_color_gradient_direction__hover_enabled=&#8220;180deg&#8220; background_color_gradient_direction_radial__hover=&#8220;center&#8220; background_color_gradient_direction_radial__hover_enabled=&#8220;center&#8220; background_color_gradient_start_position__hover=&#8220;0%&#8220; background_color_gradient_start_position__hover_enabled=&#8220;0%&#8220; background_color_gradient_end_position__hover=&#8220;100%&#8220; background_color_gradient_end_position__hover_enabled=&#8220;100%&#8220; background_color_gradient_overlays_image__hover=&#8220;off&#8220; background_color_gradient_overlays_image__hover_enabled=&#8220;off&#8220; background_color_gradient_stops__hover=&#8220;#2b87da 0%|#29c4a9 100%&#8220;][et_pb_row _builder_version=&#8220;4.16&#8243; global_colors_info=&#8220;{}&#8220;][et_pb_column type=&#8220;4_4&#8243; _builder_version=&#8220;4.16&#8243; custom_padding=&#8220;|||&#8220; global_colors_info=&#8220;{}&#8220; custom_padding__hover=&#8220;|||&#8220;][et_pb_text _builder_version=&#8220;4.16&#8243; text_font=&#8220;||||||||&#8220; text_line_height=&#8220;2em&#8220; header_font=&#8220;||||||||&#8220; header_2_font=&#8220;Gilda Display||||||||&#8220; header_2_font_size=&#8220;90px&#8220; header_2_line_height=&#8220;1.3em&#8220; header_3_font=&#8220;|700||on|||||&#8220; header_3_font_size=&#8220;16px&#8220; header_3_letter_spacing=&#8220;6px&#8220; header_3_line_height=&#8220;1.6em&#8220; text_orientation=&#8220;center&#8220; background_layout=&#8220;dark&#8220; module_alignment=&#8220;center&#8220; custom_margin=&#8220;8vw||8vw||true&#8220; header_2_font_size_tablet=&#8220;40px&#8220; header_2_font_size_phone=&#8220;30px&#8220; header_2_font_size_last_edited=&#8220;on|phone&#8220; header_2_text_shadow_style=&#8220;preset2&#8243; header_3_text_shadow_style=&#8220;preset3&#8243; locked=&#8220;off&#8220; global_colors_info=&#8220;{}&#8220; header_3_font_size__hover=&#8220;22px&#8220; header_3_font_size__hover_enabled=&#8220;22px&#8220; header_3_letter_spacing__hover=&#8220;0px&#8220; header_3_letter_spacing__hover_enabled=&#8220;0px&#8220; header_3_line_height__hover=&#8220;1em&#8220; header_3_line_height__hover_enabled=&#8220;1em&#8220; header_3_text_shadow_style__hover=&#8220;none&#8220; header_3_text_shadow_style__hover_enabled=&#8220;none&#8220; header_3_text_shadow_color__hover=&#8220;rgba(0,0,0,0.4)&#8220; header_3_text_shadow_color__hover_enabled=&#8220;rgba(0,0,0,0.4)&#8220; header_font_size__hover=&#8220;30px&#8220; header_font_size__hover_enabled=&#8220;30px&#8220; header_letter_spacing__hover=&#8220;0px&#8220; header_letter_spacing__hover_enabled=&#8220;0px&#8220; header_text_shadow_style__hover=&#8220;none&#8220; header_text_shadow_style__hover_enabled=&#8220;none&#8220; header_text_shadow_color__hover=&#8220;rgba(0,0,0,0.4)&#8220; header_text_shadow_color__hover_enabled=&#8220;rgba(0,0,0,0.4)&#8220;]<\/p>\n<h3>F\u00fcr Esteponeros &amp; Touristen<\/h3>\n<h2>Jardin de Costa del Sol<\/h2>\n<p>[\/et_pb_text][\/et_pb_column][\/et_pb_row][\/et_pb_section][et_pb_section fb_built=&#8220;1&#8243; admin_label=&#8220;About&#8220; _builder_version=&#8220;4.16&#8243; background_color=&#8220;#ffffff&#8220; custom_padding=&#8220;||0px||false|false&#8220; global_colors_info=&#8220;{}&#8220;][et_pb_row _builder_version=&#8220;4.16&#8243; global_colors_info=&#8220;{}&#8220;][et_pb_column type=&#8220;4_4&#8243; _builder_version=&#8220;4.16&#8243; global_colors_info=&#8220;{}&#8220;][et_pb_text _builder_version=&#8220;4.16&#8243; text_font=&#8220;Open Sans|800||on|||||&#8220; text_font_size=&#8220;12px&#8220; text_letter_spacing=&#8220;2px&#8220; header_font=&#8220;||||||||&#8220; header_2_font=&#8220;Gilda Display|700|||||||&#8220; header_2_text_color=&#8220;#101616&#8243; header_2_font_size=&#8220;60px&#8220; header_2_letter_spacing=&#8220;0.1px&#8220; header_3_text_color=&#8220;#101616&#8243; background_layout=&#8220;dark&#8220; width=&#8220;98%&#8220; module_alignment=&#8220;center&#8220; custom_margin=&#8220;||20px&#8220; custom_padding=&#8220;3px|||||&#8220; header_2_font_size_tablet=&#8220;40px&#8220; header_2_font_size_phone=&#8220;30px&#8220; header_2_font_size_last_edited=&#8220;on|phone&#8220; locked=&#8220;off&#8220; global_colors_info=&#8220;{}&#8220;]<\/p>\n<h3 style=\"text-align: center;\">Die Website f\u00fcr Sie, wenn Sie Estepona besuchen!<br \/> Treffen Sie die lokalen Restaurants. Tapas-Bars und Chringuitos. Genie\u00dfen!<\/h3>\n<p>[\/et_pb_text][\/et_pb_column][\/et_pb_row][et_pb_row column_structure=&#8220;1_2,1_2&#8243; _builder_version=&#8220;4.16&#8243; global_colors_info=&#8220;{}&#8220;][et_pb_column type=&#8220;1_2&#8243; _builder_version=&#8220;4.16&#8243; custom_padding=&#8220;|||&#8220; global_colors_info=&#8220;{}&#8220; custom_padding__hover=&#8220;|||&#8220;][et_pb_text _builder_version=&#8220;4.27.0&#8243; text_font=&#8220;&#8211;et_global_body_font||||||||&#8220; text_line_height=&#8220;2em&#8220; header_font=&#8220;||||||||&#8220; header_2_font=&#8220;Gilda Display||||||||&#8220; header_2_font_size=&#8220;60px&#8220; header_2_line_height=&#8220;1.2em&#8220; max_width=&#8220;550px&#8220; header_2_font_size_tablet=&#8220;40px&#8220; header_2_font_size_phone=&#8220;30px&#8220; header_2_font_size_last_edited=&#8220;on|phone&#8220; locked=&#8220;off&#8220; global_colors_info=&#8220;{}&#8220;]<\/p>\n<h2>Charmant &amp; authentisch<\/h2>\n<p>Kommen Sie nach Estepona und staunen Sie. Noch nie haben wir eine spanische Stadt direkt an der K\u00fcste besucht, wo es noch wirklich spanisch war. Sofort verliebt und ber\u00fchrt von der Atmosph\u00e4re und dem charmanten Aussehen, dem sch\u00f6nen Licht und den langen Str\u00e4nden.<\/p>\n<p>Das ist es, was Sie sehen und erleben m\u00f6chten! Deshalb haben wir jetzt einen Ort, um alles \u00fcber diesen Ort zu sammeln. Sie m\u00fcssen also nur an einem Ort sein, um informiert zu bleiben. Folgen Sie uns. Besuchen Sie uns.<\/p>\n<p>[\/et_pb_text][et_pb_code _builder_version=&#8220;4.27.0&#8243; global_colors_info=&#8220;{}&#8220;]<iframe loading=\"lazy\" src=\"https:\/\/www.facebook.com\/plugins\/video.php?href=https%3A%2F%2Fwww.facebook.com%2Fjosemaria.garciaurbano%2Fvideos%2F2152814021692844%2F&amp;show_text=0&amp;width=560\" width=\"560\" height=\"450\" style=\"border:none;overflow:hidden\" scrolling=\"no\" frameborder=\"0\" allowtransparency=\"true\" allowfullscreen=\"true\"><\/iframe>[\/et_pb_code][\/et_pb_column][et_pb_column type=&#8220;1_2&#8243; _builder_version=&#8220;4.16&#8243; background_color=&#8220;#ffffff&#8220; global_colors_info=&#8220;{}&#8220;][et_pb_image src=&#8220;https:\/\/visitestepona.eu\/wp-content\/uploads\/2019\/11\/Visit-Estepona-panoramaview-hiking-scaled.jpg&#8220; align=&#8220;center&#8220; force_fullwidth=&#8220;on&#8220; _builder_version=&#8220;4.27.0&#8243; custom_margin=&#8220;0px||||false|false&#8220; global_colors_info=&#8220;{}&#8220;][\/et_pb_image][et_pb_code _builder_version=&#8220;4.22.2&#8243; _module_preset=&#8220;default&#8220; global_colors_info=&#8220;{}&#8220;]<iframe loading=\"lazy\" width=\"560\" height=\"315\" src=\"https:\/\/www.youtube.com\/embed\/G5bm4KJkgFs?si=LcV5Q8br4tU3AvTs\" title=\"YouTube-Videoplayer\" frameborder=\"0\" allow=\"accelerometer; autoplay; clipboard-write; encrypted-media; gyroscope; picture-in-picture; web-share\" allowfullscreen=\"\"><\/iframe>[\/et_pb_code][et_pb_text _builder_version=&#8220;4.27.0&#8243; text_font=&#8220;&#8211;et_global_body_font|700||on|||||&#8220; text_text_color=&#8220;#101616&#8243; text_letter_spacing=&#8220;6px&#8220; text_line_height=&#8220;1.6em&#8220; background_color=&#8220;#65AE17&#8243; background_color_gradient_direction=&#8220;90deg&#8220; text_orientation=&#8220;center&#8220; custom_margin_tablet=&#8220;||-30px&#8220; custom_margin_phone=&#8220;&#8220; custom_margin_last_edited=&#8220;on|tablet&#8220; custom_padding=&#8220;80px|40px|80px|40px|true|true&#8220; custom_padding_tablet=&#8220;40px||40px||true&#8220; custom_padding_phone=&#8220;&#8220; custom_padding_last_edited=&#8220;on|tablet&#8220; link_option_url=&#8220;https:\/\/visitestepona.eu\/de\/besuchen-estepona-hotspot-karte\/&#8220; box_shadow_style=&#8220;preset3&#8243; box_shadow_horizontal=&#8220;15px&#8220; box_shadow_vertical=&#8220;46px&#8220; box_shadow_blur=&#8220;64px&#8220; box_shadow_spread=&#8220;-20px&#8220; box_shadow_color=&#8220;rgba(1,4,66,0.44)&#8220; locked=&#8220;off&#8220; global_colors_info=&#8220;{}&#8220; background__hover_enabled=&#8220;on&#8220; background_color__hover=&#8220;#ffb238&#8243; text_text_color__hover=&#8220;#ffffff&#8220;]<\/p>\n<p>Hotspots &amp; versteckte Edelsteine<\/p>\n<p>[\/et_pb_text][\/et_pb_column][\/et_pb_row][\/et_pb_section][et_pb_section fb_built=&#8220;1&#8243; fullwidth=&#8220;on&#8220; _builder_version=&#8220;4.22.1&#8243; _module_preset=&#8220;default&#8220; global_colors_info=&#8220;{}&#8220;][et_pb_fullwidth_portfolio include_categories=&#8220;78&#8243; show_date=&#8220;off&#8220; zoom_icon_color=&#8220;#FFFFFF&#8220; hover_overlay_color=&#8220;rgba(16,22,22,0.23)&#8220; hover_icon=&#8220;&#xf407;||fa||400&#8243; _builder_version=&#8220;4.22.1&#8243; _module_preset=&#8220;default&#8220; portfolio_header_text_color=&#8220;#FFFFFF&#8220; portfolio_header_line_height=&#8220;1.5em&#8220; title_text_color=&#8220;#FFFFFF&#8220; global_colors_info=&#8220;{}&#8220;][\/et_pb_fullwidth_portfolio][\/et_pb_section][et_pb_section fb_built=&#8220;1&#8243; _builder_version=&#8220;4.27.0&#8243; background_color=&#8220;#FFFFFF&#8220; custom_padding=&#8220;3px||2px|||&#8220; global_colors_info=&#8220;{}&#8220;][et_pb_row column_structure=&#8220;1_2,1_2&#8243; _builder_version=&#8220;4.27.0&#8243; max_width=&#8220;1920px&#8220; global_colors_info=&#8220;{}&#8220;][et_pb_column type=&#8220;1_2&#8243; _builder_version=&#8220;4.16&#8243; global_colors_info=&#8220;{}&#8220;][et_pb_code _builder_version=&#8220;4.27.0&#8243; _module_preset=&#8220;default&#8220; global_colors_info=&#8220;{}&#8220;]<iframe loading=\"lazy\" src=\"https:\/\/www.facebook.com\/plugins\/video.php?height=314&amp;href=https%3A%2F%2Fwww.facebook.com%2Fjosemaria.garciaurbano%2Fvideos%2F2975447599407865%2F&amp;show_text=false&amp;width=560\" width=\"800px\" height=\"450px\" style=\"border:none;overflow:hidden\" scrolling=\"no\" frameborder=\"0\" allowfullscreen=\"true\" allow=\"autoplay; clipboard-write; encrypted-media; picture-in-picture; web-share\"><\/iframe>[\/et_pb_code][\/et_pb_column][et_pb_column type=&#8220;1_2&#8243; _builder_version=&#8220;4.16&#8243; global_colors_info=&#8220;{}&#8220;][et_pb_code _builder_version=&#8220;4.16&#8243; global_colors_info=&#8220;{}&#8220;]<iframe loading=\"lazy\" title=\"vimeo-Spieler\" src=\"https:\/\/player.vimeo.com\/video\/152140196\" width=\"640\" height=\"360\" frameborder=\"0\" allowfullscreen=\"\"><\/iframe>[\/et_pb_code][\/et_pb_column][\/et_pb_row][\/et_pb_section][et_pb_section fb_built=&#8220;1&#8243; admin_label=&#8220;Offers&#8220; _builder_version=&#8220;4.16&#8243; background_color=&#8220;#456091&#8243; global_colors_info=&#8220;{}&#8220;][et_pb_row make_equal=&#8220;on&#8220; _builder_version=&#8220;4.16&#8243; width=&#8220;100%&#8220; module_alignment=&#8220;center&#8220; custom_padding=&#8220;27px|0px|0|0px|false|false&#8220; locked=&#8220;off&#8220; global_colors_info=&#8220;{}&#8220;][et_pb_column type=&#8220;4_4&#8243; _builder_version=&#8220;4.16&#8243; background_color=&#8220;rgba(0,0,0,0)&#8220; use_background_color_gradient=&#8220;on&#8220; background_color_gradient_stops=&#8220;rgba(0,0,0,0) 0%|rgba(0,0,0,0) 100%&#8220; background_color_gradient_overlays_image=&#8220;on&#8220; background_color_gradient_start=&#8220;rgba(0,0,0,0)&#8220; background_color_gradient_end=&#8220;rgba(0,0,0,0)&#8220; background_enable_image=&#8220;off&#8220; custom_padding=&#8220;|||&#8220; global_colors_info=&#8220;{}&#8220; custom_padding__hover=&#8220;|||&#8220;][et_pb_cta title=&#8220;Was gibt es zu tun?&#8220; button_url=&#8220;https:\/\/visitestepona.eu\/de\/beruehrung\/&#8220; button_text=&#8220;Bleiben Sie informiert&#8220; _builder_version=&#8220;4.27.0&#8243; header_font=&#8220;Gilda Display||||||||&#8220; header_font_size=&#8220;34px&#8220; header_line_height=&#8220;1.3em&#8220; background_color=&#8220;#d01c65&#8243; background_image=&#8220;https:\/\/visitestepona.eu\/wp-content\/uploads\/2019\/12\/IMG_0357.jpeg&#8220; custom_button=&#8220;on&#8220; button_text_size=&#8220;16px&#8220; button_text_color=&#8220;#ffffff&#8220; button_bg_color=&#8220;#c63e59&#8243; button_bg_color_gradient_direction=&#8220;190deg&#8220; button_bg_color_gradient_stops=&#8220;rgba(255,255,255,0) 0%|rgba(255,255,255,0.28) 100%&#8220; button_bg_color_gradient_start=&#8220;rgba(255,255,255,0)&#8220; button_bg_color_gradient_end=&#8220;rgba(255,255,255,0.28)&#8220; button_border_width=&#8220;0px&#8220; button_border_color=&#8220;#FFFFFF&#8220; button_border_radius=&#8220;0px&#8220; button_font=&#8220;Soleil|600|||||||&#8220; button_use_icon=&#8220;off&#8220; custom_padding=&#8220;159px|40px|100px|40px|false|true&#8220; custom_padding_tablet=&#8220;60px|||&#8220; custom_padding_last_edited=&#8220;off|desktop&#8220; link_option_url=&#8220;https:\/\/visitestepona.eu\/de\/beruehrung\/&#8220; header_font_size_tablet=&#8220;26px&#8220; header_font_size_phone=&#8220;&#8220; header_font_size_last_edited=&#8220;on|tablet&#8220; locked=&#8220;off&#8220; global_colors_info=&#8220;{}&#8220; custom_padding__hover=&#8220;70px||90px&#8220; button_text_color__hover=&#8220;#0f87ff&#8220; button_bg_color__hover=&#8220;#ffb238&#8243; button_bg_color__hover_enabled=&#8220;on&#8220;]<\/p>\n<p>Wir sammeln f\u00fcr Sie die besten Ausfl\u00fcge und sch\u00f6nsten Pl\u00e4tze. Planen &amp; Besuchen Sie Estepona<\/p>\n<p>[\/et_pb_cta][\/et_pb_column][\/et_pb_row][\/et_pb_section][et_pb_section fb_built=&#8220;1&#8243; disabled_on=&#8220;off|off|off&#8220; admin_label=&#8220;Restaurant&#8220; _builder_version=&#8220;4.16&#8243; use_background_color_gradient=&#8220;on&#8220; background_color_gradient_stops=&#8220;rgba(0,0,0,0) 0%|rgba(0,0,0,0.65) 80%&#8220; background_color_gradient_overlays_image=&#8220;on&#8220; background_color_gradient_start=&#8220;rgba(0,0,0,0)&#8220; background_color_gradient_end=&#8220;rgba(0,0,0,0.65)&#8220; background_color_gradient_end_position=&#8220;80%&#8220; background_image=&#8220;https:\/\/visitestepona.eu\/wp-content\/uploads\/&#8220; custom_padding=&#8220;|0px|0|0px|false|false&#8220; global_colors_info=&#8220;{}&#8220; background_color_gradient_start__hover=&#8220;#2b87da&#8220; background_color_gradient_start__hover_enabled=&#8220;#2b87da&#8220; background_color_gradient_end__hover=&#8220;#29c4a9&#8243; background_color_gradient_end__hover_enabled=&#8220;#29c4a9&#8243; use_background_color_gradient__hover=&#8220;off&#8220; use_background_color_gradient__hover_enabled=&#8220;off&#8220; background_color_gradient_type__hover=&#8220;linear&#8220; background_color_gradient_type__hover_enabled=&#8220;linear&#8220; background_color_gradient_direction__hover=&#8220;180deg&#8220; background_color_gradient_direction__hover_enabled=&#8220;180deg&#8220; background_color_gradient_direction_radial__hover=&#8220;center&#8220; background_color_gradient_direction_radial__hover_enabled=&#8220;center&#8220; background_color_gradient_start_position__hover=&#8220;0%&#8220; background_color_gradient_start_position__hover_enabled=&#8220;0%&#8220; background_color_gradient_end_position__hover=&#8220;100%&#8220; background_color_gradient_end_position__hover_enabled=&#8220;100%&#8220; background_color_gradient_overlays_image__hover=&#8220;off&#8220; background_color_gradient_overlays_image__hover_enabled=&#8220;off&#8220; background_color_gradient_stops__hover=&#8220;#2b87da 0%|#29c4a9 100%&#8220;][et_pb_row _builder_version=&#8220;4.16&#8243; global_colors_info=&#8220;{}&#8220;][et_pb_column type=&#8220;4_4&#8243; _builder_version=&#8220;4.16&#8243; custom_padding=&#8220;|||&#8220; global_colors_info=&#8220;{}&#8220; custom_padding__hover=&#8220;|||&#8220;][et_pb_text _builder_version=&#8220;4.27.0&#8243; text_font=&#8220;||||||||&#8220; text_line_height=&#8220;2em&#8220; link_font=&#8220;|700|||||||&#8220; link_text_color=&#8220;#FFFFFF&#8220; header_font=&#8220;||||||||&#8220; header_2_font=&#8220;Gilda Display||||||||&#8220; header_2_font_size=&#8220;90px&#8220; header_2_line_height=&#8220;1.3em&#8220; header_3_font=&#8220;|700||on|||||&#8220; header_3_font_size=&#8220;16px&#8220; header_3_letter_spacing=&#8220;6px&#8220; header_3_line_height=&#8220;1.6em&#8220; text_orientation=&#8220;center&#8220; background_layout=&#8220;dark&#8220; max_width=&#8220;700px&#8220; module_alignment=&#8220;center&#8220; custom_margin=&#8220;8vw||8vw||true&#8220; link_option_url=&#8220;https:\/\/visitestepona.eu\/de\/tag\/restaurants-bars-de\/&#8220; header_2_font_size_tablet=&#8220;40px&#8220; header_2_font_size_phone=&#8220;30px&#8220; header_2_font_size_last_edited=&#8220;on|phone&#8220; locked=&#8220;off&#8220; global_colors_info=&#8220;{}&#8220; header_3_font_size__hover=&#8220;22px&#8220; header_3_font_size__hover_enabled=&#8220;22px&#8220; header_3_letter_spacing__hover=&#8220;0px&#8220; header_3_letter_spacing__hover_enabled=&#8220;0px&#8220; header_3_line_height__hover=&#8220;1em&#8220; header_3_line_height__hover_enabled=&#8220;1em&#8220; header_3_text_shadow_style__hover=&#8220;none&#8220; header_3_text_shadow_style__hover_enabled=&#8220;none&#8220; header_3_text_shadow_color__hover=&#8220;rgba(0,0,0,0.4)&#8220; header_3_text_shadow_color__hover_enabled=&#8220;rgba(0,0,0,0.4)&#8220; header_font_size__hover=&#8220;30px&#8220; header_font_size__hover_enabled=&#8220;30px&#8220; header_letter_spacing__hover=&#8220;0px&#8220; header_letter_spacing__hover_enabled=&#8220;0px&#8220; header_text_shadow_style__hover=&#8220;none&#8220; header_text_shadow_style__hover_enabled=&#8220;none&#8220; header_text_shadow_color__hover=&#8220;rgba(0,0,0,0.4)&#8220; header_text_shadow_color__hover_enabled=&#8220;rgba(0,0,0,0.4)&#8220;]<\/p>\n<h3>Restaurants &amp; Bars<\/h3>\n<h2>Spanische Freude<\/h2>\n<p>Lernen Sie die <a href=\"https:\/\/visitestepona.eu\/de\/tag\/restaurants-bars-de\/\">lokalen Restaurants<\/a> kennen. Tapas-Bars und <a href=\"https:\/\/visitestepona.eu\/de\/tag\/chiringuitos-de\/\" title=\"Chringuitos Estepona\">Chringuitos<\/a>. Genie\u00dfen!<\/p>\n<p>[\/et_pb_text][\/et_pb_column][\/et_pb_row][\/et_pb_section][et_pb_section fb_built=&#8220;1&#8243; _builder_version=&#8220;4.16&#8243; background_image=&#8220;https:\/\/visitestepona.eu\/wp-content\/uploads\/2019\/11\/VisitEstepona.eu-1.jpg&#8220; global_colors_info=&#8220;{}&#8220;][et_pb_row _builder_version=&#8220;4.27.0&#8243; background_color=&#8220;RGBA(255,255,255,0)&#8220; global_colors_info=&#8220;{}&#8220;][et_pb_column type=&#8220;4_4&#8243; _builder_version=&#8220;4.16&#8243; global_colors_info=&#8220;{}&#8220;][et_pb_post_slider include_categories=&#8220;28,21,20,1,17,31,85&#8243; excerpt_length=&#8220;400&#8243; show_meta=&#8220;off&#8220; image_placement=&#8220;left&#8220; use_bg_overlay=&#8220;off&#8220; use_text_overlay=&#8220;off&#8220; show_content_on_mobile=&#8220;off&#8220; show_image_video_mobile=&#8220;on&#8220; arrows_custom_color=&#8220;#ffffff&#8220; dot_nav_custom_color=&#8220;#101616&#8243; _builder_version=&#8220;4.27.4&#8243; header_font=&#8220;Soleil Book||||||||&#8220; header_text_align=&#8220;left&#8220; header_text_color=&#8220;#ffffff&#8220; header_font_size=&#8220;26px&#8220; header_line_height=&#8220;1.5em&#8220; body_font=&#8220;Soleil||||||||&#8220; body_text_align=&#8220;left&#8220; body_text_color=&#8220;#ffffff&#8220; meta_text_color=&#8220;#ffffff&#8220; meta_font_size=&#8220;12px&#8220; meta_line_height=&#8220;1.3em&#8220; background_color=&#8220;rgba(69,96,145,0.5)&#8220; custom_button=&#8220;on&#8220; button_text_size=&#8220;16px&#8220; button_text_color=&#8220;#456091&#8243; button_bg_color=&#8220;#FFFFFF&#8220; button_border_width=&#8220;1px&#8220; button_border_color=&#8220;#FFFFFF&#8220; button_border_radius=&#8220;2px&#8220; button_font=&#8220;Soleil Book||||||||&#8220; text_orientation=&#8220;left&#8220; custom_padding=&#8220;5%||5%||true|false&#8220; hover_enabled=&#8220;0&#8243; box_shadow_style_image=&#8220;preset2&#8243; global_colors_info=&#8220;{}&#8220; button_bg_color__hover_enabled=&#8220;on|hover&#8220; button_bg_color__hover=&#8220;#c63e59&#8243; button_bg_enable_color__hover=&#8220;on&#8220; button_border_color__hover_enabled=&#8220;on|hover&#8220; button_border_color__hover=&#8220;#c63e59&#8243; sticky_enabled=&#8220;0&#8243;][\/et_pb_post_slider][\/et_pb_column][\/et_pb_row][\/et_pb_section][et_pb_section fb_built=&#8220;1&#8243; _builder_version=&#8220;4.16&#8243; background_color=&#8220;#ffffff&#8220; custom_padding=&#8220;||4px|||&#8220; global_colors_info=&#8220;{}&#8220;][et_pb_row _builder_version=&#8220;4.16&#8243; global_colors_info=&#8220;{}&#8220;][et_pb_column type=&#8220;4_4&#8243; _builder_version=&#8220;4.16&#8243; global_colors_info=&#8220;{}&#8220;][et_pb_text _builder_version=&#8220;4.27.0&#8243; text_font=&#8220;Soleil||||||||&#8220; header_font=&#8220;Soleil Book||||||||&#8220; global_colors_info=&#8220;{}&#8220;]<\/p>\n<h2>\u00dcber Estepona<\/h2>\n<p>Estepona liegt in einem fruchtbaren Tal am Fu\u00dfe des Bermejo-Gebirges. Dieser Ort hat etwa 325 Sonnentage pro Jahr, deutlich \u00fcber dem Durchschnitt f\u00fcr die Region. Estepona ist aus gutem Grund als Garten der Costa del Sol bekannt. Sie k\u00f6nnen es bereits am 1. Kreisverkehr sehen, eine Opulenz von Jasmin und Orangenbl\u00fcten, Parks und gr\u00fcne Wanderwege voller Blumen und Palmen. Charmante Pl\u00e4tze und Pl\u00e4tze voller Orangenb\u00e4ume. Die Fruchtbarkeit ist vor allem auf die einzigartige Lage in der Mitte eines Tales zur\u00fcckzuf\u00fchren, in dem unz\u00e4hlige B\u00e4che aus der Sierra Bermeja flie\u00dfen. Estepona, mit einer Geschichte, die bis ins 4. Jahrhundert zur\u00fcckreicht. Mehrmals zerst\u00f6rt und wieder aufgebaut.<\/p>\n<p>Mehr als 21 Kilometer wei\u00dfer Sandstrand, der sauberer, ruhiger und generell feiner ist als die Str\u00e4nde des gro\u00dfen Nachbarn Marbella, ein Vergn\u00fcgungshafen, aber auch ein echter Fischerhafen. Die Fischer segeln immer noch jeden Tag und verkaufen ihre Fischerei hier, w\u00e4hrend des Tages finden Sie sie in den Fischerh\u00fctten, wo sie die Netze binden. Die charakteristische Altstadt &#8211; die Airframe antiguo \/ Estepona Altstadt &#8211; mit ordentlich wei\u00df get\u00fcnchten H\u00e4usern, Mauerschulden und vor allem einer sympathischen, spanischen, authentischen Atmosph\u00e4re. Estepona ist frei von den negativen Auswirkungen, die die spanischen Costas verdr\u00e4ngt haben. Stattdessen ist es eine herzhafte andalusische Stadt geblieben, die friedlich in der spanischen Sonne schlummert. Aufgrund seiner einzigartigen Lage im Tal mit dem Schutz einer echten Bergkette bis zu fast 1500 Metern hat Estepona ein eigenes Mikroklima. Es ist gr\u00fcner und sonniger als anderswo an der Costa del Sol.<\/p>\n<p>Die Stadt hat alles, Wandern in den Bergen, Kunst &amp; Kultur, Architektur, Gastronomie. Eine Reihe von Einkaufsstra\u00dfen, wo es etwas Besonderes zu finden gibt. Kaum gro\u00dfe Ketten, aber Tapas-Bars und Terrassen mit sch\u00f6ner Mode, leckerer Konditorei, Fruteria oder Gem\u00fcsejuwelier. Besuchen Sie am Sonntagmorgen den gem\u00fctlichen Markt im Puerto von Estepona und den emblematischen Glockenturm, das \u00e4lteste kirchliche Geb\u00e4ude an der Costa del Sol.<\/p>\n<p>[\/et_pb_text][et_pb_button button_url=&#8220;https:\/\/visitestepona.eu\/wp-content\/uploads\/2019\/12\/guia-turistica-2019.pdf&#8220; button_text=&#8220;Brosch\u00fcre Estepona herunterladen (PDF)&#8220; button_alignment=&#8220;center&#8220; _builder_version=&#8220;4.27.0&#8243; custom_button=&#8220;on&#8220; button_font=&#8220;Soleil Book||||||||&#8220; global_colors_info=&#8220;{}&#8220;][\/et_pb_button][\/et_pb_column][\/et_pb_row][\/et_pb_section][et_pb_section fb_built=&#8220;1&#8243; fullwidth=&#8220;on&#8220; disabled_on=&#8220;off|off|off&#8220; _builder_version=&#8220;4.16&#8243; background_color=&#8220;#c63e59&#8243; background_enable_image=&#8220;off&#8220; global_colors_info=&#8220;{}&#8220;][\/et_pb_section]<\/p>\n","protected":false},"excerpt":{"rendered":"<p>An der Costa del Sol w\u00fcrde Estepona sicherlich den Preis gewinnen, wenn es um &#8222;das wahre Spanien&#8220; und &#8222;die attraktivste Stadt&#8220; geht. Ein lebendiger, aber gleichzeitig ruhiger spanischer K\u00fcstenort, der viel zu bieten hat, aber auch in der N\u00e4he von allem liegt.<\/p>\n","protected":false},"author":1,"featured_media":2459,"parent":0,"menu_order":61,"comment_status":"closed","ping_status":"closed","template":"","meta":{"_acf_changed":false,"_et_pb_use_builder":"on","_et_pb_old_content":"","_et_gb_content_width":"","footnotes":""},"class_list":["post-1581","page","type-page","status-publish","has-post-thumbnail","hentry"],"acf":[],"_links":{"self":[{"href":"https:\/\/visitestepona.eu\/de\/wp-json\/wp\/v2\/pages\/1581","targetHints":{"allow":["GET"]}}],"collection":[{"href":"https:\/\/visitestepona.eu\/de\/wp-json\/wp\/v2\/pages"}],"about":[{"href":"https:\/\/visitestepona.eu\/de\/wp-json\/wp\/v2\/types\/page"}],"author":[{"embeddable":true,"href":"https:\/\/visitestepona.eu\/de\/wp-json\/wp\/v2\/users\/1"}],"replies":[{"embeddable":true,"href":"https:\/\/visitestepona.eu\/de\/wp-json\/wp\/v2\/comments?post=1581"}],"version-history":[{"count":3,"href":"https:\/\/visitestepona.eu\/de\/wp-json\/wp\/v2\/pages\/1581\/revisions"}],"predecessor-version":[{"id":228351,"href":"https:\/\/visitestepona.eu\/de\/wp-json\/wp\/v2\/pages\/1581\/revisions\/228351"}],"wp:featuredmedia":[{"embeddable":true,"href":"https:\/\/visitestepona.eu\/de\/wp-json\/wp\/v2\/media\/2459"}],"wp:attachment":[{"href":"https:\/\/visitestepona.eu\/de\/wp-json\/wp\/v2\/media?parent=1581"}],"curies":[{"name":"wp","href":"https:\/\/api.w.org\/{rel}","templated":true}]}}